{"id":3416,"date":"2017-07-13T13:09:36","date_gmt":"2017-07-13T11:09:36","guid":{"rendered":"https:\/\/www.andbank.com\/lxb\/banque-privee\/services-investissement\/gestion-discretionnaire\/"},"modified":"2021-08-19T11:53:51","modified_gmt":"2021-08-19T09:53:51","slug":"gestion-discretionnaire","status":"publish","type":"page","link":"https:\/\/pre.andbank.com\/luxembourg\/es\/banque-privee\/services-investissement\/gestion-discretionnaire\/","title":{"rendered":"Gesti\u00f3n discrecional"},"content":{"rendered":"<h2>\u00bfQu\u00e9 es la Gesti\u00f3n de Cartera Discrecional?<\/h2>\n<p>Es la <strong>delegaci\u00f3n<\/strong> de la gesti\u00f3n de una cartera privada a una entidad financiera autorizada.<\/p>\n<p>La entidad gestiona seg\u00fan su criterio los activos del cliente, con arreglo a los t\u00e9rminos de una pol\u00edtica de inversiones preacordada.<\/p>\n<p>&nbsp;<\/p>\n<h2>\u00bfQu\u00e9 ofrecemos?<\/h2>\n<ul>\n<li>La cartera es gestionada y supervisada por un <strong>equipo<\/strong> profesional de gestores que cuentan con el apoyo de estrategas globales de Andbank y de seleccionadores de activos especializados. Podemos gestionar carteras mantenidas en Andbank Luxembourg o en otras entidades financieras, desde clientes minoristas o estructuras de inversiones de clientes institucionales como las p\u00f3lizas de seguro de vida o UCI.<\/li>\n<li>Dise\u00f1o de la cartera <strong>adaptado<\/strong> al perfil de riesgo de cada cliente y a sus objetivos, conocimiento y l\u00edmites o preferencias de inversi\u00f3n adicionales.<\/li>\n<li><strong>Contacto directo<\/strong> con el banquero privado y <strong>acceso<\/strong> a nuestros especialistas.<\/li>\n<li>Ofrecemos <strong>informaci\u00f3n<\/strong> detallada, clara y transparente sobre las carteras a trav\u00e9s de nuestros servicios en l\u00ednea.<\/li>\n<\/ul>\n<p>Solicite m\u00e1s informaci\u00f3n sobre el <a href=\"https:\/\/www.andbank.com\/luxembourg\/es\/contact\/\" target=\"_blank\" rel=\"noopener\">servicio de Gesti\u00f3n de Cartera Discrecional<\/a><\/p>\n","protected":false},"excerpt":{"rendered":"<p>Gestionamos de forma personalizada el patrimonio de nuestros clientes con absoluta independencia, graduando y controlando en todo momento el nivel de riesgo y las expectativas de rentabilidad que se pueden esperar.<\/p>\n","protected":false},"author":1,"featured_media":2192,"parent":3358,"menu_order":23,"comment_status":"closed","ping_status":"closed","template":"template-detail.php","meta":{"footnotes":""},"yst_prominent_words":[1028,19,47,30,831,2138,827,2068,28,829,760,2051],"class_list":["post-3416","page","type-page","status-publish","has-post-thumbnail","hentry"],"acf":[],"_links":{"self":[{"href":"https:\/\/pre.andbank.com\/luxembourg\/es\/wp-json\/wp\/v2\/pages\/3416"}],"collection":[{"href":"https:\/\/pre.andbank.com\/luxembourg\/es\/wp-json\/wp\/v2\/pages"}],"about":[{"href":"https:\/\/pre.andbank.com\/luxembourg\/es\/wp-json\/wp\/v2\/types\/page"}],"author":[{"embeddable":true,"href":"https:\/\/pre.andbank.com\/luxembourg\/es\/wp-json\/wp\/v2\/users\/1"}],"replies":[{"embeddable":true,"href":"https:\/\/pre.andbank.com\/luxembourg\/es\/wp-json\/wp\/v2\/comments?post=3416"}],"version-history":[{"count":0,"href":"https:\/\/pre.andbank.com\/luxembourg\/es\/wp-json\/wp\/v2\/pages\/3416\/revisions"}],"up":[{"embeddable":true,"href":"https:\/\/pre.andbank.com\/luxembourg\/es\/wp-json\/wp\/v2\/pages\/3358"}],"wp:featuredmedia":[{"embeddable":true,"href":"https:\/\/pre.andbank.com\/luxembourg\/es\/wp-json\/wp\/v2\/media\/2192"}],"wp:attachment":[{"href":"https:\/\/pre.andbank.com\/luxembourg\/es\/wp-json\/wp\/v2\/media?parent=3416"}],"wp:term":[{"taxonomy":"yst_prominent_words","embeddable":true,"href":"https:\/\/pre.andbank.com\/luxembourg\/es\/wp-json\/wp\/v2\/yst_prominent_words?post=3416"}],"curies":[{"name":"wp","href":"https:\/\/api.w.org\/{rel}","templated":true}]}}