{"id":3410,"date":"2017-07-13T13:37:00","date_gmt":"2017-07-13T11:37:00","guid":{"rendered":"https:\/\/www.andbank.com\/lxb\/banque-privee\/financement\/lombard-credits\/"},"modified":"2019-04-08T12:50:45","modified_gmt":"2019-04-08T10:50:45","slug":"lombard-credits","status":"publish","type":"page","link":"https:\/\/pre.andbank.com\/luxembourg\/es\/banque-privee\/financement\/lombard-credits\/","title":{"rendered":"Cr\u00e9ditos Lombardos"},"content":{"rendered":"<p>Los Cr\u00e9ditos Lombardos son una soluci\u00f3n atractiva que permite a nuestros clientes acceder a nuevo capital mediante la pignoraci\u00f3n de una cartera existente de activos financieros mantenida en Andbank Luxembourg u otra entidad financiera.<\/p>\n<p>La garant\u00eda aportada por el cliente nos permite ofrecer a nuestros clientes tipos de inter\u00e9s atractivos y competitivos.<\/p>\n<p>La suma concedida depende de los activos existentes en la cartera subyacente (es decir, la garant\u00eda). Cuanto m\u00e1s l\u00edquidos y menos arriesgados sean los activos subyacentes, mayor ser\u00e1 la suma que podr\u00e1 concederse.<\/p>\n<p>Nuestro enfoque conservador basado en el riesgo nos permite ofrecer a los clientes propuestas atractivas manteniendo al mismo tiempo elevados niveles de solvencia, lo que contribuye a la seguridad de nuestros depositantes.<\/p>\n<p>&nbsp;<\/p>\n<h2>Cr\u00e9ditos Lombardos Apalancados<\/h2>\n<p>Los Cr\u00e9ditos Lombardos Apalancados permiten aprovechar las oportunidades de mercado mediante la pignoraci\u00f3n de su cartera existente a fin de apalancar su inversi\u00f3n.<\/p>\n<p>A los clientes que desean apalancar una cartera ya gestionada por Andbank Luxembourg se les ofrecen condiciones financieras incluso mejores.<\/p>\n<p>&nbsp;<\/p>\n<h2>Cr\u00e9ditos Lombardos de Enajenaci\u00f3n<\/h2>\n<p>Los Cr\u00e9ditos Lombardos de Enajenaci\u00f3n le permitir\u00e1n financiar sus proyectos a tipos de inter\u00e9s altamente competitivos mientras contin\u00faa benefici\u00e1ndose de la potencial apreciaci\u00f3n de capital de su cartera.<\/p>\n","protected":false},"excerpt":{"rendered":"<p>Satisfaga sus necesidades de liquidez con un Cr\u00e9dito Lombardo.<\/p>\n","protected":false},"author":1,"featured_media":2207,"parent":3353,"menu_order":14,"comment_status":"closed","ping_status":"closed","template":"template-detail.php","meta":{"footnotes":""},"yst_prominent_words":[700,258,277,701,139,695,246,256,164,257,694,698,696,252,697,163,165,184,37,699],"class_list":["post-3410","page","type-page","status-publish","has-post-thumbnail","hentry"],"acf":[],"_links":{"self":[{"href":"https:\/\/pre.andbank.com\/luxembourg\/es\/wp-json\/wp\/v2\/pages\/3410"}],"collection":[{"href":"https:\/\/pre.andbank.com\/luxembourg\/es\/wp-json\/wp\/v2\/pages"}],"about":[{"href":"https:\/\/pre.andbank.com\/luxembourg\/es\/wp-json\/wp\/v2\/types\/page"}],"author":[{"embeddable":true,"href":"https:\/\/pre.andbank.com\/luxembourg\/es\/wp-json\/wp\/v2\/users\/1"}],"replies":[{"embeddable":true,"href":"https:\/\/pre.andbank.com\/luxembourg\/es\/wp-json\/wp\/v2\/comments?post=3410"}],"version-history":[{"count":0,"href":"https:\/\/pre.andbank.com\/luxembourg\/es\/wp-json\/wp\/v2\/pages\/3410\/revisions"}],"up":[{"embeddable":true,"href":"https:\/\/pre.andbank.com\/luxembourg\/es\/wp-json\/wp\/v2\/pages\/3353"}],"wp:featuredmedia":[{"embeddable":true,"href":"https:\/\/pre.andbank.com\/luxembourg\/es\/wp-json\/wp\/v2\/media\/2207"}],"wp:attachment":[{"href":"https:\/\/pre.andbank.com\/luxembourg\/es\/wp-json\/wp\/v2\/media?parent=3410"}],"wp:term":[{"taxonomy":"yst_prominent_words","embeddable":true,"href":"https:\/\/pre.andbank.com\/luxembourg\/es\/wp-json\/wp\/v2\/yst_prominent_words?post=3410"}],"curies":[{"name":"wp","href":"https:\/\/api.w.org\/{rel}","templated":true}]}}