{"id":3390,"date":"2018-01-15T13:54:44","date_gmt":"2018-01-15T11:54:44","guid":{"rendered":"https:\/\/www.andbank.com\/lxb\/analyse-de-marches\/flash-notes\/"},"modified":"2024-04-03T20:31:08","modified_gmt":"2024-04-03T18:31:08","slug":"flash-notes","status":"publish","type":"page","link":"https:\/\/pre.andbank.com\/luxembourg\/es\/analyse-de-marches\/flash-notes\/","title":{"rendered":"Flash Notes"},"content":{"rendered":"<h2>Flash notes<\/h2>\n<p>Nuestro Economista jefe, \u00c0lex Fust\u00e9, analiza la situaci\u00f3n global de los mercados financieros y valora las perspectivas de la econom\u00eda en Flash Notes\u00a0que compartimos con nuestros clientes cuando acontece alg\u00fan hecho relevante para los mercados.<\/p>\n","protected":false},"excerpt":{"rendered":"<p>Nuestro Economista jefe, \u00c0lex Fust\u00e9, analiza la situaci\u00f3n global de los mercados financieros y valora las perspectivas de la econom\u00eda en Flash Notes\u00a0que compartimos con nuestros clientes cuando acontece alg\u00fan hecho relevante para los mercados.<\/p>\n","protected":false},"author":13,"featured_media":0,"parent":3337,"menu_order":6,"comment_status":"closed","ping_status":"closed","template":"template-market-blog.php","meta":{"footnotes":""},"yst_prominent_words":[406,405,829,1693,1130,407],"class_list":["post-3390","page","type-page","status-publish","hentry"],"acf":[],"_links":{"self":[{"href":"https:\/\/pre.andbank.com\/luxembourg\/es\/wp-json\/wp\/v2\/pages\/3390"}],"collection":[{"href":"https:\/\/pre.andbank.com\/luxembourg\/es\/wp-json\/wp\/v2\/pages"}],"about":[{"href":"https:\/\/pre.andbank.com\/luxembourg\/es\/wp-json\/wp\/v2\/types\/page"}],"author":[{"embeddable":true,"href":"https:\/\/pre.andbank.com\/luxembourg\/es\/wp-json\/wp\/v2\/users\/13"}],"replies":[{"embeddable":true,"href":"https:\/\/pre.andbank.com\/luxembourg\/es\/wp-json\/wp\/v2\/comments?post=3390"}],"version-history":[{"count":9,"href":"https:\/\/pre.andbank.com\/luxembourg\/es\/wp-json\/wp\/v2\/pages\/3390\/revisions"}],"predecessor-version":[{"id":14766,"href":"https:\/\/pre.andbank.com\/luxembourg\/es\/wp-json\/wp\/v2\/pages\/3390\/revisions\/14766"}],"up":[{"embeddable":true,"href":"https:\/\/pre.andbank.com\/luxembourg\/es\/wp-json\/wp\/v2\/pages\/3337"}],"wp:attachment":[{"href":"https:\/\/pre.andbank.com\/luxembourg\/es\/wp-json\/wp\/v2\/media?parent=3390"}],"wp:term":[{"taxonomy":"yst_prominent_words","embeddable":true,"href":"https:\/\/pre.andbank.com\/luxembourg\/es\/wp-json\/wp\/v2\/yst_prominent_words?post=3390"}],"curies":[{"name":"wp","href":"https:\/\/api.w.org\/{rel}","templated":true}]}}