{"id":3376,"date":"2018-01-15T14:06:06","date_gmt":"2018-01-15T12:06:06","guid":{"rendered":"https:\/\/www.andbank.com\/lxb\/cadre-reglementaire\/mentions-legales\/"},"modified":"2018-10-24T16:23:39","modified_gmt":"2018-10-24T14:23:39","slug":"mentions-legales","status":"publish","type":"page","link":"https:\/\/pre.andbank.com\/luxembourg\/es\/cadre-reglementaire\/mentions-legales\/","title":{"rendered":"Aviso legal"},"content":{"rendered":"<p>Actualmente est\u00e1 conectado a la p\u00e1gina web www.andbank.lu (en adelante \u00abla p\u00e1gina web \u00bb), propiedad de Andbank Luxembourg, S.\u00a0A. (en lo sucesivo, \u00abel Banco\u00bb), con sujeci\u00f3n a las siguientes condiciones:<\/p>\n<p>&nbsp;<\/p>\n<h2>Acceso a\u00a0la p\u00e1gina web y uso de esta<\/h2>\n<p>La p\u00e1gina web tiene por objeto presentar el Banco, su filial Andbank Asset Management Luxembourg, S.\u00a0A., sus actividades y los diferentes tipos de productos y servicios que ofrecen. Las personas que se encuentren en jurisdicciones en las que (por razones de nacionalidad, lugar de residencia o cualquier otra raz\u00f3n) la publicaci\u00f3n o disponibilidad de la p\u00e1gina web y de la informaci\u00f3n que contiene est\u00e9 prohibida o restringida solo podr\u00e1n acceder dentro de los l\u00edmites autorizados por la legislaci\u00f3n que les sea aplicable.<\/p>\n<p>&nbsp;<\/p>\n<h2>Informaci\u00f3n<\/h2>\n<p>La informaci\u00f3n publicada en la p\u00e1gina web , ya sea de car\u00e1cter general o espec\u00edfico, se proporciona \u00fanicamente con fines informativos y carece de car\u00e1cter contractual. Se publica sin ning\u00fan compromiso en cuanto a su car\u00e1cter exhaustivo, preciso y actualizado. No constituye la recomendaci\u00f3n, oferta o solicitud de venta, compra ni suscripci\u00f3n de ning\u00fan instrumento financiero. No tiene valor como consejo de gesti\u00f3n, financiero, de inversi\u00f3n, de cobertura, de negociaci\u00f3n, legal, normativo, fiscal ni contable.<\/p>\n<p>El hecho de que el Banco y sus proveedores de informaci\u00f3n pongan a disposici\u00f3n del usuario los datos y servicios de la p\u00e1gina web no significa que estos servicios e informaci\u00f3n y los productos descritos en la p\u00e1gina web sean adecuados o apropiados para el usuario.<\/p>\n<p>La p\u00e1gina web puede proporcionar referencias o enlaces asociados a otras p\u00e1ginas web financiadas y operadas por terceros. El hecho de que el Banco proporcione un enlace a estas p\u00e1ginas no significa que apruebe o financie dichas p\u00e1ginas o a sus propietarios y operadores, ni que tenga ning\u00fan v\u00ednculo con ellos. En consecuencia, el Banco declina toda responsabilidad por el contenido de estas p\u00e1ginas.<\/p>\n<p>&nbsp;<\/p>\n<h2>Datos personales<\/h2>\n<p>El acceso a determinadas p\u00e1ginas de la p\u00e1gina web puede estar sujeto a la comunicaci\u00f3n previa de datos personales relativos al usuario de la p\u00e1gina web. El Banco los procesa de acuerdo con los requisitos legales y el usuario reconoce que el Banco sigue siendo libre de utilizar los datos que le conciernen en el desempe\u00f1o de su misi\u00f3n; y, salvo que medie oposici\u00f3n por su parte, el Banco podr\u00e1 hacerlo incluso para fines de prospecci\u00f3n.<\/p>\n<p>En virtud de la ley, el usuario tiene derecho a acceder a la informaci\u00f3n que le concierne y a rectificarla.<\/p>\n<p>&nbsp;<\/p>\n<h2>Derechos de autor<\/h2>\n<p>Todos los elementos que aparecen en las p\u00e1ginas de la p\u00e1gina web son propiedad intelectual del Banco o est\u00e1n licenciados y\/o protegidos por derechos de autor. Queda prohibida la representaci\u00f3n, reproducci\u00f3n o distribuci\u00f3n, total o parcial, de cualquier elemento o contenido de la p\u00e1gina web, por cualquier medio o proceso y para fines distintos del uso exclusivo como informaci\u00f3n personal y privada, sin la autorizaci\u00f3n expresa del Banco. La referencia a esta p\u00e1gina web o la creaci\u00f3n de un enlace que dirija a ella est\u00e1 sujeta al consentimiento previo del Banco.<\/p>\n<p>&nbsp;<\/p>\n<h2>Jurisdicci\u00f3n y fuero aplicables<\/h2>\n<p>La navegaci\u00f3n en la p\u00e1gina web, as\u00ed como las operaciones que permite realizar, est\u00e1n sujetas a la legislaci\u00f3n de Luxemburgo. Los tribunales del Gran Ducado de Luxemburgo ser\u00e1n los \u00fanicos competentes para conocer de los litigios relativos a la utilizaci\u00f3n de la p\u00e1gina web; no obstante, el usuario podr\u00e1 someter el litigio a cualquier otro tribunal que, en ausencia de la anterior elecci\u00f3n de tribunal, sea normalmente competente para conocer del litigio.<\/p>\n","protected":false},"excerpt":{"rendered":"<p>Actualmente est\u00e1 conectado a la p\u00e1gina web www.andbank.lu (en adelante \u00abla p\u00e1gina web \u00bb), propiedad de Andbank Luxembourg, S.\u00a0A. (en lo sucesivo, \u00abel Banco\u00bb), con sujeci\u00f3n a las siguientes condiciones: &nbsp; Acceso a\u00a0la p\u00e1gina web y uso de esta La p\u00e1gina web tiene por objeto presentar el Banco, su filial Andbank Asset Management Luxembourg, S.\u00a0A., [&hellip;]<\/p>\n","protected":false},"author":13,"featured_media":2338,"parent":3323,"menu_order":6,"comment_status":"closed","ping_status":"closed","template":"template-info-detail.php","meta":{"footnotes":""},"yst_prominent_words":[116,19,1032,1313,109,90,1146,1314,97,184,1185,121,89,1312,1198,1197,1315,53,1311,1199],"class_list":["post-3376","page","type-page","status-publish","has-post-thumbnail","hentry"],"acf":[],"_links":{"self":[{"href":"https:\/\/pre.andbank.com\/luxembourg\/es\/wp-json\/wp\/v2\/pages\/3376"}],"collection":[{"href":"https:\/\/pre.andbank.com\/luxembourg\/es\/wp-json\/wp\/v2\/pages"}],"about":[{"href":"https:\/\/pre.andbank.com\/luxembourg\/es\/wp-json\/wp\/v2\/types\/page"}],"author":[{"embeddable":true,"href":"https:\/\/pre.andbank.com\/luxembourg\/es\/wp-json\/wp\/v2\/users\/13"}],"replies":[{"embeddable":true,"href":"https:\/\/pre.andbank.com\/luxembourg\/es\/wp-json\/wp\/v2\/comments?post=3376"}],"version-history":[{"count":0,"href":"https:\/\/pre.andbank.com\/luxembourg\/es\/wp-json\/wp\/v2\/pages\/3376\/revisions"}],"up":[{"embeddable":true,"href":"https:\/\/pre.andbank.com\/luxembourg\/es\/wp-json\/wp\/v2\/pages\/3323"}],"wp:featuredmedia":[{"embeddable":true,"href":"https:\/\/pre.andbank.com\/luxembourg\/es\/wp-json\/wp\/v2\/media\/2338"}],"wp:attachment":[{"href":"https:\/\/pre.andbank.com\/luxembourg\/es\/wp-json\/wp\/v2\/media?parent=3376"}],"wp:term":[{"taxonomy":"yst_prominent_words","embeddable":true,"href":"https:\/\/pre.andbank.com\/luxembourg\/es\/wp-json\/wp\/v2\/yst_prominent_words?post=3376"}],"curies":[{"name":"wp","href":"https:\/\/api.w.org\/{rel}","templated":true}]}}