{"id":3369,"date":"2018-01-17T11:49:16","date_gmt":"2018-01-17T09:49:16","guid":{"rendered":"https:\/\/www.andbank.com\/lxb\/qui-sommes-nous\/information-sur-societe\/"},"modified":"2024-05-09T13:39:57","modified_gmt":"2024-05-09T11:39:57","slug":"information-sur-societe","status":"publish","type":"page","link":"https:\/\/pre.andbank.com\/luxembourg\/es\/qui-sommes-nous\/information-sur-societe\/","title":{"rendered":"Datos sobre la sociedad"},"content":{"rendered":"<h2>Andbank Luxembourg S.A.<\/h2>\n<p>&nbsp;<\/p>\n<p><strong>Domicilio social<\/strong><\/p>\n<p>4, rue Jean Monnet, L-2180 Luxembourg, Gran Ducado de Luxemburgo<\/p>\n<p>&nbsp;<\/p>\n<p><strong>Consejo de Administraci\u00f3n:<\/strong><\/p>\n<ul>\n<li>Pablo Garc\u00eda Monta\u00f1\u00e9s \u2013 Presidente<\/li>\n<li>Ricard Rodr\u00edguez Fern\u00e1ndez \u2013 Consejero Delegado<\/li>\n<li>Jos\u00e9 Manuel Mora-Figueroa \u2013 Consejero independiente<\/li>\n<li>Jos\u00e9 Luis Mu\u00f1oz Lasuen \u2013 Consejero<\/li>\n<li>Gerard Estrada Ventura \u2013 Consejero<\/li>\n<li>Josep Xavier Casanovas Arasa &#8211; Consejero<\/li>\n<\/ul>\n<p>&nbsp;<\/p>\n<p>Inscrita en el Registro Mercantil de Luxemburgo, con el n.\u00ba B 150131.<\/p>\n<p>Entidad de cr\u00e9dito autorizada y controlada por la Comisi\u00f3n supervisora del sector financiero (CSSF), 283, route d\u2019Arlon, L-1150 Luxemburgo.<\/p>\n<p>Swift\/BIC\u00a0: BACALULL<\/p>\n","protected":false},"excerpt":{"rendered":"<p>Conozca la estructura de gobierno de Andbank Luxembourg.<\/p>\n","protected":false},"author":13,"featured_media":2288,"parent":3328,"menu_order":4,"comment_status":"closed","ping_status":"closed","template":"template-detail.php","meta":{"footnotes":""},"yst_prominent_words":[61,827,184,815],"class_list":["post-3369","page","type-page","status-publish","has-post-thumbnail","hentry"],"acf":[],"_links":{"self":[{"href":"https:\/\/pre.andbank.com\/luxembourg\/es\/wp-json\/wp\/v2\/pages\/3369"}],"collection":[{"href":"https:\/\/pre.andbank.com\/luxembourg\/es\/wp-json\/wp\/v2\/pages"}],"about":[{"href":"https:\/\/pre.andbank.com\/luxembourg\/es\/wp-json\/wp\/v2\/types\/page"}],"author":[{"embeddable":true,"href":"https:\/\/pre.andbank.com\/luxembourg\/es\/wp-json\/wp\/v2\/users\/13"}],"replies":[{"embeddable":true,"href":"https:\/\/pre.andbank.com\/luxembourg\/es\/wp-json\/wp\/v2\/comments?post=3369"}],"version-history":[{"count":4,"href":"https:\/\/pre.andbank.com\/luxembourg\/es\/wp-json\/wp\/v2\/pages\/3369\/revisions"}],"predecessor-version":[{"id":14876,"href":"https:\/\/pre.andbank.com\/luxembourg\/es\/wp-json\/wp\/v2\/pages\/3369\/revisions\/14876"}],"up":[{"embeddable":true,"href":"https:\/\/pre.andbank.com\/luxembourg\/es\/wp-json\/wp\/v2\/pages\/3328"}],"wp:featuredmedia":[{"embeddable":true,"href":"https:\/\/pre.andbank.com\/luxembourg\/es\/wp-json\/wp\/v2\/media\/2288"}],"wp:attachment":[{"href":"https:\/\/pre.andbank.com\/luxembourg\/es\/wp-json\/wp\/v2\/media?parent=3369"}],"wp:term":[{"taxonomy":"yst_prominent_words","embeddable":true,"href":"https:\/\/pre.andbank.com\/luxembourg\/es\/wp-json\/wp\/v2\/yst_prominent_words?post=3369"}],"curies":[{"name":"wp","href":"https:\/\/api.w.org\/{rel}","templated":true}]}}