{"id":3348,"date":"2017-04-04T13:19:25","date_gmt":"2017-04-04T11:19:25","guid":{"rendered":"https:\/\/www.andbank.com\/lxb\/banque-privee\/"},"modified":"2018-08-30T16:53:49","modified_gmt":"2018-08-30T14:53:49","slug":"banque-privee","status":"publish","type":"page","link":"https:\/\/pre.andbank.com\/luxembourg\/es\/banque-privee\/","title":{"rendered":"Banca privada"},"content":{"rendered":"<p>Independencia, experiencia y especializaci\u00f3n son los rasgos que nos definen. La clave del \u00e9xito radica en un m\u00e9todo perfeccionado a lo largo de los m\u00e1s de 85 a\u00f1os de experiencia que permite un exhaustivo control del riesgo a trav\u00e9s de las m\u00e1s avanzadas herramientas.<\/p>\n","protected":false},"excerpt":{"rendered":"<p>Independencia, experiencia y especializaci\u00f3n son los rasgos que nos definen. La clave del \u00e9xito radica en un m\u00e9todo perfeccionado a lo largo de los m\u00e1s de 85 a\u00f1os de experiencia que permite un exhaustivo control del riesgo a trav\u00e9s de las m\u00e1s avanzadas herramientas.<\/p>\n","protected":false},"author":1,"featured_media":2177,"parent":0,"menu_order":87,"comment_status":"closed","ping_status":"closed","template":"template-distributor.php","meta":{"footnotes":""},"yst_prominent_words":[14],"class_list":["post-3348","page","type-page","status-publish","has-post-thumbnail","hentry"],"acf":[],"_links":{"self":[{"href":"https:\/\/pre.andbank.com\/luxembourg\/es\/wp-json\/wp\/v2\/pages\/3348"}],"collection":[{"href":"https:\/\/pre.andbank.com\/luxembourg\/es\/wp-json\/wp\/v2\/pages"}],"about":[{"href":"https:\/\/pre.andbank.com\/luxembourg\/es\/wp-json\/wp\/v2\/types\/page"}],"author":[{"embeddable":true,"href":"https:\/\/pre.andbank.com\/luxembourg\/es\/wp-json\/wp\/v2\/users\/1"}],"replies":[{"embeddable":true,"href":"https:\/\/pre.andbank.com\/luxembourg\/es\/wp-json\/wp\/v2\/comments?post=3348"}],"version-history":[{"count":0,"href":"https:\/\/pre.andbank.com\/luxembourg\/es\/wp-json\/wp\/v2\/pages\/3348\/revisions"}],"wp:featuredmedia":[{"embeddable":true,"href":"https:\/\/pre.andbank.com\/luxembourg\/es\/wp-json\/wp\/v2\/media\/2177"}],"wp:attachment":[{"href":"https:\/\/pre.andbank.com\/luxembourg\/es\/wp-json\/wp\/v2\/media?parent=3348"}],"wp:term":[{"taxonomy":"yst_prominent_words","embeddable":true,"href":"https:\/\/pre.andbank.com\/luxembourg\/es\/wp-json\/wp\/v2\/yst_prominent_words?post=3348"}],"curies":[{"name":"wp","href":"https:\/\/api.w.org\/{rel}","templated":true}]}}