{"id":12114,"date":"2021-03-31T11:43:48","date_gmt":"2021-03-31T09:43:48","guid":{"rendered":"https:\/\/www.andbank.com\/luxembourg\/?page_id=12114"},"modified":"2021-07-19T12:03:19","modified_gmt":"2021-07-19T10:03:19","slug":"nuevo-home-banking","status":"publish","type":"page","link":"https:\/\/pre.andbank.com\/luxembourg\/es\/nuevo-home-banking\/","title":{"rendered":"Nuevo Home Banking"},"content":{"rendered":"\n<h3 class=\"wp-block-heading\">La nueva banca online es desde ahora m\u00e1s intuitiva, \u00e1gil y segura. Con mejores funcionalidades, usted podr\u00e1 trabajar c\u00f3modamente y disponer de toda la informaci\u00f3n que necesite.<\/h3>\n\n\n\n<p><\/p>\n\n\n\n<div class=\"row\" align=\"center\"><\/div>\n\n\n\n<div class=\"row\">\n<div class=\"col-xs-12 col-ms-8\">\n<h2>Gesti\u00f3n de su cuenta personal<\/h2>\n<h3 style=\"text-align: left\">Con el <strong>Home Banking de Andbank<\/strong> puede gestionar sus datos personales, acceder a sus documentos y consultar la correspondencia.<\/h3>\n<\/div>\n<figure><img loading=\"lazy\" decoding=\"async\" class=\"wp-image-21777 alignright\" src=\"https:\/\/www.andbank.com\/andorra\/wp-content\/uploads\/sites\/10\/2017\/04\/p3-2.jpg\" alt=\"\" width=\"328\" height=\"328\"><\/figure><div class=\"col-xs-12 col-ms-4\"><\/div>\n<\/div>\n\n\n\n<div class=\"row\" align=\"center\"><\/div>\n\n\n\n<div class=\"row\">\n<figure><img loading=\"lazy\" decoding=\"async\" class=\"alignleft size-full wp-image-8445\" src=\"https:\/\/www.andbank.com\/andorra\/wp-content\/uploads\/sites\/10\/2017\/04\/p5_cast.jpg\" alt=\"\" width=\"275\" height=\"275\"><\/figure><div class=\"col-xs-12 col-ms-4\"><\/div>\n<div class=\"col-xs-12 col-ms-8\">\n<p>&nbsp;<\/p>\n<h2>Posici\u00f3n global<\/h2>\n<h3 style=\"text-align: left\">Visualice r\u00e1pidamente su posici\u00f3n global, en la que se muestran todos los productos disponibles. Podr\u00e1 consultar informaci\u00f3n espec\u00edfica de su cuenta, dispondr\u00e1 de informaci\u00f3n econ\u00f3mica y las principales campa\u00f1as activas.<\/h3>\n<\/div>\n<\/div>\n\n\n\n<div class=\"row\" align=\"center\"><\/div>\n\n\n\n<div class=\"row\">\n<div class=\"col-xs-12 col-ms-8\">\n<p>&nbsp;<\/p>\n<h2>Tarjetas<\/h2>\n<h3 style=\"text-align: left\">En cada momento podr\u00e1 hacer un seguimiento de todas las operaciones que haga con cualquiera de sus tarjetas, podr\u00e1 activarlas o bloquearlas en caso de que sea conveniente.<\/h3>\n<\/div>\n<figure><img loading=\"lazy\" decoding=\"async\" class=\"alignright size-full wp-image-8433\" src=\"https:\/\/www.andbank.com\/andorra\/wp-content\/uploads\/sites\/10\/2017\/04\/p7_cast.jpg\" alt=\"\" width=\"275\" height=\"275\"><\/figure><div class=\"col-xs-12 col-ms-4\"><\/div>\n<\/div>\n\n\n\n<div class=\"row\" align=\"center\"><\/div>\n\n\n\n<div class=\"row\">\n<figure><img loading=\"lazy\" decoding=\"async\" class=\"alignleft size-full wp-image-8445\" src=\"https:\/\/www.andbank.com\/andorra\/wp-content\/uploads\/sites\/10\/2017\/04\/p7_cast.jpg\" alt=\"\" width=\"275\" height=\"275\"><\/figure><div class=\"col-xs-12 col-ms-4\"><\/div>\n<div class=\"col-xs-12 col-ms-8\">\n<p>&nbsp;<\/p>\n<h2>Ahorro<\/h2>\n<h3>Podr\u00e1 consultar el desglose de los productos ligados al ahorro con informaci\u00f3n sobre la tipolog\u00eda, la divisa de referencia, el tipo de inter\u00e9s, el vencimiento, el volumen y la totalidad del importe.<\/h3>\n<\/div>\n<\/div>\n\n\n\n<div class=\"row\" align=\"center\"><\/div>\n\n\n\n<div style=\"text-align: center\"><a class=\"main-button\" href=\"https:\/\/www.andbank.com\/luxembourg\/wp-content\/uploads\/sites\/24\/2021\/06\/Llibret-Home-banking_cast_Lux.pdf\" target=\"_blank\" rel=\"noopener\">M\u00c1S INFORMACI\u00d3N<\/a>\n<\/div>\n\n\n\n<hr class=\"wp-block-separator\" \/>\n","protected":false},"excerpt":{"rendered":"<p>La nueva banca online es desde ahora m\u00e1s intuitiva, \u00e1gil y segura. Con mejores funcionalidades, usted podr\u00e1 trabajar c\u00f3modamente y disponer de toda la informaci\u00f3n que necesite. Gesti\u00f3n de su cuenta personal Con el Home Banking de Andbank puede gestionar sus datos personales, acceder a sus documentos y consultar la correspondencia. &nbsp; Posici\u00f3n global Visualice [&hellip;]<\/p>\n","protected":false},"author":28,"featured_media":12102,"parent":0,"menu_order":0,"comment_status":"closed","ping_status":"closed","template":"","meta":{"footnotes":""},"yst_prominent_words":[],"class_list":["post-12114","page","type-page","status-publish","has-post-thumbnail","hentry"],"acf":[],"_links":{"self":[{"href":"https:\/\/pre.andbank.com\/luxembourg\/es\/wp-json\/wp\/v2\/pages\/12114"}],"collection":[{"href":"https:\/\/pre.andbank.com\/luxembourg\/es\/wp-json\/wp\/v2\/pages"}],"about":[{"href":"https:\/\/pre.andbank.com\/luxembourg\/es\/wp-json\/wp\/v2\/types\/page"}],"author":[{"embeddable":true,"href":"https:\/\/pre.andbank.com\/luxembourg\/es\/wp-json\/wp\/v2\/users\/28"}],"replies":[{"embeddable":true,"href":"https:\/\/pre.andbank.com\/luxembourg\/es\/wp-json\/wp\/v2\/comments?post=12114"}],"version-history":[{"count":0,"href":"https:\/\/pre.andbank.com\/luxembourg\/es\/wp-json\/wp\/v2\/pages\/12114\/revisions"}],"wp:featuredmedia":[{"embeddable":true,"href":"https:\/\/pre.andbank.com\/luxembourg\/es\/wp-json\/wp\/v2\/media\/12102"}],"wp:attachment":[{"href":"https:\/\/pre.andbank.com\/luxembourg\/es\/wp-json\/wp\/v2\/media?parent=12114"}],"wp:term":[{"taxonomy":"yst_prominent_words","embeddable":true,"href":"https:\/\/pre.andbank.com\/luxembourg\/es\/wp-json\/wp\/v2\/yst_prominent_words?post=12114"}],"curies":[{"name":"wp","href":"https:\/\/api.w.org\/{rel}","templated":true}]}}