{"id":2501,"date":"2017-06-28T17:32:29","date_gmt":"2017-06-28T15:32:29","guid":{"rendered":"https:\/\/www.andbank.com\/analyse-de-marches\/insight-news\/"},"modified":"2021-07-30T13:46:16","modified_gmt":"2021-07-30T11:46:16","slug":"insight-news","status":"publish","type":"page","link":"https:\/\/pre.andbank.com\/fr\/analyse-de-marches\/insight-news\/","title":{"rendered":"Insight news"},"content":{"rendered":"<h2>Insight news<\/h2>\n<p style=\"text-align: center\">Andbank publie une s\u00e9rie d&rsquo;\u00e9tudes et d&rsquo;articles sur le secteur financier, analysant la situation \u00e9conomique, r\u00e9glementaire et financi\u00e8re actuelle. Ces Insight News sont <strong>sign\u00e9es par les directeurs, sp\u00e9cialistes et techniciens de l&rsquo;\u00e9quipe d&rsquo;Andbank<\/strong>.<\/p>\n","protected":false},"excerpt":{"rendered":"<p>Insight news Andbank publie une s\u00e9rie d&rsquo;\u00e9tudes et d&rsquo;articles sur le secteur financier, analysant la situation \u00e9conomique, r\u00e9glementaire et financi\u00e8re actuelle. Ces Insight News sont sign\u00e9es par les directeurs, sp\u00e9cialistes et techniciens de l&rsquo;\u00e9quipe d&rsquo;Andbank.<\/p>\n","protected":false},"author":1,"featured_media":0,"parent":2438,"menu_order":35,"comment_status":"closed","ping_status":"closed","template":"template-market-blog.php","meta":{"footnotes":""},"yst_prominent_words":[2980,2974,2971,2977],"class_list":["post-2501","page","type-page","status-publish","hentry"],"acf":[],"_links":{"self":[{"href":"https:\/\/pre.andbank.com\/fr\/wp-json\/wp\/v2\/pages\/2501"}],"collection":[{"href":"https:\/\/pre.andbank.com\/fr\/wp-json\/wp\/v2\/pages"}],"about":[{"href":"https:\/\/pre.andbank.com\/fr\/wp-json\/wp\/v2\/types\/page"}],"author":[{"embeddable":true,"href":"https:\/\/pre.andbank.com\/fr\/wp-json\/wp\/v2\/users\/1"}],"replies":[{"embeddable":true,"href":"https:\/\/pre.andbank.com\/fr\/wp-json\/wp\/v2\/comments?post=2501"}],"version-history":[{"count":0,"href":"https:\/\/pre.andbank.com\/fr\/wp-json\/wp\/v2\/pages\/2501\/revisions"}],"up":[{"embeddable":true,"href":"https:\/\/pre.andbank.com\/fr\/wp-json\/wp\/v2\/pages\/2438"}],"wp:attachment":[{"href":"https:\/\/pre.andbank.com\/fr\/wp-json\/wp\/v2\/media?parent=2501"}],"wp:term":[{"taxonomy":"yst_prominent_words","embeddable":true,"href":"https:\/\/pre.andbank.com\/fr\/wp-json\/wp\/v2\/yst_prominent_words?post=2501"}],"curies":[{"name":"wp","href":"https:\/\/api.w.org\/{rel}","templated":true}]}}