{"id":2496,"date":"2017-05-09T18:30:19","date_gmt":"2017-05-09T16:30:19","guid":{"rendered":"https:\/\/www.andbank.com\/banque-privee\/independent-financial-advisor\/"},"modified":"2019-04-10T11:27:49","modified_gmt":"2019-04-10T09:27:49","slug":"independent-financial-advisor","status":"publish","type":"page","link":"https:\/\/pre.andbank.com\/fr\/banque-privee\/independent-financial-advisor\/","title":{"rendered":"Independent Financial Advisor"},"content":{"rendered":"<h2>D\u00e9vouement, confidentialit\u00e9<\/h2>\n<p>Notre \u00e9quipe d\u00e9di\u00e9e au service de gestionnaires ind\u00e9pendants poss\u00e8de une vaste formation et un solide parcours professionnel qui permettent d&rsquo;articuler un service \u00e9minemment comp\u00e9titif.<\/p>\n<p>Des valeurs telles que la prudence, la discr\u00e9tion et l&rsquo;excellence sont les fondements de la gestion de notre \u00e9quipe.<\/p>\n<p>Chaque IFA a un responsable des comptes qui peut couvrir tous vos besoins et vous guider dans le groupe.<\/p>\n<h2>Services aux gestionnaires ind\u00e9pendants<\/h2>\n<p>Recommandations d&rsquo;investissement sur mesure pour les conseillers ind\u00e9pendants qui cherchent \u00e0 se distinguer dans la gestion du patrimoine de leurs clients.<\/p>\n<p>Notre strat\u00e9gie d&rsquo;investissement est centr\u00e9e sur la pr\u00e9servation du patrimoine et sur l\u2019observation constante des tendances les plus haussi\u00e8res du march\u00e9 financier.<\/p>\n","protected":false},"excerpt":{"rendered":"<p>Notre \u00e9quipe d\u00e9di\u00e9e au service de gestionnaires ind\u00e9pendants poss\u00e8de une vaste formation et un solide parcours professionnel qui permettent d&rsquo;articuler un service \u00e9minemment comp\u00e9titif dans toute juridiction.<\/p>\n","protected":false},"author":1,"featured_media":3648,"parent":2431,"menu_order":145,"comment_status":"closed","ping_status":"closed","template":"template-detail.php","meta":{"footnotes":""},"yst_prominent_words":[511,510,506,480,502,278,276,3024,508,503,505,277,504,509,479,3055,507],"class_list":["post-2496","page","type-page","status-publish","has-post-thumbnail","hentry"],"acf":[],"_links":{"self":[{"href":"https:\/\/pre.andbank.com\/fr\/wp-json\/wp\/v2\/pages\/2496"}],"collection":[{"href":"https:\/\/pre.andbank.com\/fr\/wp-json\/wp\/v2\/pages"}],"about":[{"href":"https:\/\/pre.andbank.com\/fr\/wp-json\/wp\/v2\/types\/page"}],"author":[{"embeddable":true,"href":"https:\/\/pre.andbank.com\/fr\/wp-json\/wp\/v2\/users\/1"}],"replies":[{"embeddable":true,"href":"https:\/\/pre.andbank.com\/fr\/wp-json\/wp\/v2\/comments?post=2496"}],"version-history":[{"count":0,"href":"https:\/\/pre.andbank.com\/fr\/wp-json\/wp\/v2\/pages\/2496\/revisions"}],"up":[{"embeddable":true,"href":"https:\/\/pre.andbank.com\/fr\/wp-json\/wp\/v2\/pages\/2431"}],"wp:featuredmedia":[{"embeddable":true,"href":"https:\/\/pre.andbank.com\/fr\/wp-json\/wp\/v2\/media\/3648"}],"wp:attachment":[{"href":"https:\/\/pre.andbank.com\/fr\/wp-json\/wp\/v2\/media?parent=2496"}],"wp:term":[{"taxonomy":"yst_prominent_words","embeddable":true,"href":"https:\/\/pre.andbank.com\/fr\/wp-json\/wp\/v2\/yst_prominent_words?post=2496"}],"curies":[{"name":"wp","href":"https:\/\/api.w.org\/{rel}","templated":true}]}}