{"id":2457,"date":"2017-06-19T11:53:59","date_gmt":"2017-06-19T09:53:59","guid":{"rendered":"https:\/\/www.andbank.com\/qui-sommes-nous\/salle-de-presse\/"},"modified":"2020-06-05T12:01:44","modified_gmt":"2020-06-05T10:01:44","slug":"salle-de-presse","status":"publish","type":"page","link":"https:\/\/pre.andbank.com\/fr\/qui-sommes-nous\/salle-de-presse\/","title":{"rendered":"Salle de presse"},"content":{"rendered":"","protected":false},"excerpt":{"rendered":"<p>Consultez notre salle de presse pour les derni\u00e8res nouvelles, nominations, r\u00e9compenses et nouveaut\u00e9s de l\u2019actualit\u00e9 d&rsquo;Andbank.<\/p>\n","protected":false},"author":1,"featured_media":3040,"parent":2439,"menu_order":217,"comment_status":"closed","ping_status":"closed","template":"template-news.php","meta":{"footnotes":""},"yst_prominent_words":[],"class_list":["post-2457","page","type-page","status-publish","has-post-thumbnail","hentry"],"acf":[],"_links":{"self":[{"href":"https:\/\/pre.andbank.com\/fr\/wp-json\/wp\/v2\/pages\/2457"}],"collection":[{"href":"https:\/\/pre.andbank.com\/fr\/wp-json\/wp\/v2\/pages"}],"about":[{"href":"https:\/\/pre.andbank.com\/fr\/wp-json\/wp\/v2\/types\/page"}],"author":[{"embeddable":true,"href":"https:\/\/pre.andbank.com\/fr\/wp-json\/wp\/v2\/users\/1"}],"replies":[{"embeddable":true,"href":"https:\/\/pre.andbank.com\/fr\/wp-json\/wp\/v2\/comments?post=2457"}],"version-history":[{"count":0,"href":"https:\/\/pre.andbank.com\/fr\/wp-json\/wp\/v2\/pages\/2457\/revisions"}],"up":[{"embeddable":true,"href":"https:\/\/pre.andbank.com\/fr\/wp-json\/wp\/v2\/pages\/2439"}],"wp:featuredmedia":[{"embeddable":true,"href":"https:\/\/pre.andbank.com\/fr\/wp-json\/wp\/v2\/media\/3040"}],"wp:attachment":[{"href":"https:\/\/pre.andbank.com\/fr\/wp-json\/wp\/v2\/media?parent=2457"}],"wp:term":[{"taxonomy":"yst_prominent_words","embeddable":true,"href":"https:\/\/pre.andbank.com\/fr\/wp-json\/wp\/v2\/yst_prominent_words?post=2457"}],"curies":[{"name":"wp","href":"https:\/\/api.w.org\/{rel}","templated":true}]}}