{"id":2456,"date":"2017-04-19T10:22:16","date_gmt":"2017-04-19T08:22:16","guid":{"rendered":"https:\/\/www.andbank.com\/mentions-legales\/"},"modified":"2024-07-30T14:21:17","modified_gmt":"2024-07-30T12:21:17","slug":"mentions-legales","status":"publish","type":"page","link":"https:\/\/pre.andbank.com\/fr\/mentions-legales\/mentions-legales\/","title":{"rendered":"Mentions l\u00e9gales"},"content":{"rendered":"<p>L&rsquo;information contenue sur le site Internet d\u2019Andbank a pour but de faire conna\u00eetre aux personnes qui acc\u00e8dent \u00e0 nos produits et services et d\u2019\u00e9tablir des canaux d\u2019information et de communication directe avec le public en g\u00e9n\u00e9ral et avec les clients en particulier par courrier \u00e9lectronique.<\/p>\n<p>La documentation et la conception graphique appartiennent \u00e0 Andbank. La reproduction, la copie, la distribution ou tout autre manipulation de cette documentation sont donc interdites sans l&rsquo;autorisation expresse d\u2019Andbank. Andbank pourra intenter toute autre action judiciaire ou extrajudiciaire qu&rsquo;elle juge appropri\u00e9e.<\/p>\n<p>L&rsquo;acc\u00e8s au site web d&rsquo;Andbank et l&rsquo;utilisation des informations qu&rsquo;il contient rel\u00e8vent de la seule responsabilit\u00e9 de l&rsquo;utilisateur. En aucun cas, les informations contenues dans le site web susmentionn\u00e9 ne peuvent \u00eatre interpr\u00e9t\u00e9es comme une recommandation, un conseil ou une offre de contrat, de sorte qu&rsquo;Andbank ne sera pas responsable des cons\u00e9quences, dommages ou pr\u00e9judices qui pourraient r\u00e9sulter de son acc\u00e8s ou de l&rsquo;utilisation de ces informations. Andbank ne garantit pas que l&rsquo;information, les textes, les graphiques, les liens ou le contenu de tous les articles qui figurent sur son site sont exacts ou complets.<\/p>\n<p>Andbank se r\u00e9serve le droit de modifier, suspendre, annuler ou restreindre sans pr\u00e9avis le contenu du site ou les liens.<\/p>\n<p>Andbank ne s\u2019engage pas non plus \u00e0 mettre \u00e0 jour l&rsquo;information contenue sur le site d\u2019Andbank et n&rsquo;assume aucune responsabilit\u00e9 sur les contenus et services commerciaux ou de toute nature d&rsquo;autres sites qui pourraient \u00eatre directement ou indirectement li\u00e9s \u00e9lectroniquement au site d\u2019Andbank.<\/p>\n<p>Andbank d\u00e9cline toute responsabilit\u00e9 pour l&rsquo;acc\u00e8s de personnes \u00e0 partir de juridictions o\u00f9, pour tout motif, la publication ou l\u2019acc\u00e8s du site d\u2019Andbank est interdit et, le cas \u00e9ch\u00e9ant, elle pourra restreindre ou refuser l&rsquo;acc\u00e8s.<\/p>\n<h2>\u00c9mission de capital contingent<\/h2>\n<p>Information importante pour les d\u00e9tenteurs\u00a0:<br \/>\n&nbsp;<\/p>\n<ul>\n<li><a href=\"https:\/\/www.andbank.com\/wp-content\/uploads\/2017\/06\/01-tc-subordinated-debt-andbank-non-convertible_070416_1460042123_17_.pdf\" target=\"_blank\" rel=\"noopener noreferrer\">Brochure CoCos non-convertibles<\/a><\/li>\n<li><a href=\"https:\/\/www.andbank.com\/wp-content\/uploads\/2024\/07\/Informacion_trimestral_Cocos_31-03-2024_ESP.pdf\" target=\"_blank\" rel=\"noopener noreferrer\">Information trimestrielle<\/a><\/li>\n<\/ul>\n","protected":false},"excerpt":{"rendered":"<p>L&rsquo;information contenue sur le site Internet d\u2019Andbank a pour but de faire conna\u00eetre aux personnes qui acc\u00e8dent \u00e0 nos produits et services et d\u2019\u00e9tablir des canaux d\u2019information et de communication directe avec le public en g\u00e9n\u00e9ral et avec les clients en particulier par courrier \u00e9lectronique. La documentation et la conception graphique appartiennent \u00e0 Andbank. La [&hellip;]<\/p>\n","protected":false},"author":18,"featured_media":1788,"parent":3272,"menu_order":208,"comment_status":"closed","ping_status":"closed","template":"template-info-detail.php","meta":{"footnotes":""},"yst_prominent_words":[517],"class_list":["post-2456","page","type-page","status-publish","has-post-thumbnail","hentry"],"acf":[],"_links":{"self":[{"href":"https:\/\/pre.andbank.com\/fr\/wp-json\/wp\/v2\/pages\/2456"}],"collection":[{"href":"https:\/\/pre.andbank.com\/fr\/wp-json\/wp\/v2\/pages"}],"about":[{"href":"https:\/\/pre.andbank.com\/fr\/wp-json\/wp\/v2\/types\/page"}],"author":[{"embeddable":true,"href":"https:\/\/pre.andbank.com\/fr\/wp-json\/wp\/v2\/users\/18"}],"replies":[{"embeddable":true,"href":"https:\/\/pre.andbank.com\/fr\/wp-json\/wp\/v2\/comments?post=2456"}],"version-history":[{"count":14,"href":"https:\/\/pre.andbank.com\/fr\/wp-json\/wp\/v2\/pages\/2456\/revisions"}],"predecessor-version":[{"id":38746,"href":"https:\/\/pre.andbank.com\/fr\/wp-json\/wp\/v2\/pages\/2456\/revisions\/38746"}],"up":[{"embeddable":true,"href":"https:\/\/pre.andbank.com\/fr\/wp-json\/wp\/v2\/pages\/3272"}],"wp:featuredmedia":[{"embeddable":true,"href":"https:\/\/pre.andbank.com\/fr\/wp-json\/wp\/v2\/media\/1788"}],"wp:attachment":[{"href":"https:\/\/pre.andbank.com\/fr\/wp-json\/wp\/v2\/media?parent=2456"}],"wp:term":[{"taxonomy":"yst_prominent_words","embeddable":true,"href":"https:\/\/pre.andbank.com\/fr\/wp-json\/wp\/v2\/yst_prominent_words?post=2456"}],"curies":[{"name":"wp","href":"https:\/\/api.w.org\/{rel}","templated":true}]}}