{"id":2451,"date":"2017-04-18T18:46:52","date_gmt":"2017-04-18T16:46:52","guid":{"rendered":"https:\/\/www.andbank.com\/qui-sommes-nous\/responsabilite-sociale\/"},"modified":"2019-09-12T13:23:36","modified_gmt":"2019-09-12T11:23:36","slug":"responsabilite-sociale","status":"publish","type":"page","link":"https:\/\/pre.andbank.com\/fr\/qui-sommes-nous\/responsabilite-sociale\/","title":{"rendered":"Responsabilit\u00e9 Sociale"},"content":{"rendered":"","protected":false},"excerpt":{"rendered":"<p>Andbank est une soci\u00e9t\u00e9 engag\u00e9e en faveur des personnes et des valeurs sociales. Au cours de plus de 85 ans d&rsquo;histoire, nous avons privil\u00e9gi\u00e9 un esprit corporatif solidaire et nous nous sommes impliqu\u00e9s dans les causes sociales qui nous entourent.<\/p>\n","protected":false},"author":1,"featured_media":1602,"parent":2439,"menu_order":216,"comment_status":"closed","ping_status":"closed","template":"template-detail.php","meta":{"footnotes":""},"yst_prominent_words":[],"class_list":["post-2451","page","type-page","status-publish","has-post-thumbnail","hentry"],"acf":[],"_links":{"self":[{"href":"https:\/\/pre.andbank.com\/fr\/wp-json\/wp\/v2\/pages\/2451"}],"collection":[{"href":"https:\/\/pre.andbank.com\/fr\/wp-json\/wp\/v2\/pages"}],"about":[{"href":"https:\/\/pre.andbank.com\/fr\/wp-json\/wp\/v2\/types\/page"}],"author":[{"embeddable":true,"href":"https:\/\/pre.andbank.com\/fr\/wp-json\/wp\/v2\/users\/1"}],"replies":[{"embeddable":true,"href":"https:\/\/pre.andbank.com\/fr\/wp-json\/wp\/v2\/comments?post=2451"}],"version-history":[{"count":0,"href":"https:\/\/pre.andbank.com\/fr\/wp-json\/wp\/v2\/pages\/2451\/revisions"}],"up":[{"embeddable":true,"href":"https:\/\/pre.andbank.com\/fr\/wp-json\/wp\/v2\/pages\/2439"}],"wp:featuredmedia":[{"embeddable":true,"href":"https:\/\/pre.andbank.com\/fr\/wp-json\/wp\/v2\/media\/1602"}],"wp:attachment":[{"href":"https:\/\/pre.andbank.com\/fr\/wp-json\/wp\/v2\/media?parent=2451"}],"wp:term":[{"taxonomy":"yst_prominent_words","embeddable":true,"href":"https:\/\/pre.andbank.com\/fr\/wp-json\/wp\/v2\/yst_prominent_words?post=2451"}],"curies":[{"name":"wp","href":"https:\/\/api.w.org\/{rel}","templated":true}]}}