{"id":2449,"date":"2017-01-18T17:55:26","date_gmt":"2017-01-18T15:55:26","guid":{"rendered":"https:\/\/www.andbank.com\/qui-sommes-nous\/groupe-andbank\/"},"modified":"2022-07-25T17:57:55","modified_gmt":"2022-07-25T15:57:55","slug":"groupe-andbank","status":"publish","type":"page","link":"https:\/\/pre.andbank.com\/fr\/qui-sommes-nous\/groupe-andbank\/","title":{"rendered":"Groupe Andbank"},"content":{"rendered":"<p><img loading=\"lazy\" decoding=\"async\" class=\"alignnone size-full wp-image-33922\" src=\"https:\/\/www.andbank.com\/wp-content\/uploads\/2017\/01\/Andbank_grafico_01_2020_fr-1.jpg\" alt=\"\" width=\"1200\" height=\"360\" srcset=\"https:\/\/pre.andbank.com\/wp-content\/uploads\/2017\/01\/Andbank_grafico_01_2020_fr-1.jpg 1200w, https:\/\/pre.andbank.com\/wp-content\/uploads\/2017\/01\/Andbank_grafico_01_2020_fr-1-768x230.jpg 768w\" sizes=\"(max-width: 1200px) 100vw, 1200px\" \/><\/p>\n<p><img loading=\"lazy\" decoding=\"async\" class=\"alignnone size-full wp-image-33938\" src=\"https:\/\/www.andbank.com\/wp-content\/uploads\/2021\/10\/grafico_03_fr_v3.jpg\" alt=\"\" width=\"1200\" height=\"1485\" \/><\/p>\n<p><img loading=\"lazy\" decoding=\"async\" class=\"alignnone size-full wp-image-3661\" src=\"https:\/\/www.andbank.com\/wp-content\/uploads\/2017\/07\/Nous-Valeurs.jpg\" alt=\"\" width=\"1169\" height=\"352\" srcset=\"https:\/\/pre.andbank.com\/wp-content\/uploads\/2017\/07\/Nous-Valeurs.jpg 1169w, https:\/\/pre.andbank.com\/wp-content\/uploads\/2017\/07\/Nous-Valeurs-768x231.jpg 768w\" sizes=\"(max-width: 1169px) 100vw, 1169px\" \/><\/p>\n","protected":false},"excerpt":{"rendered":"<p>Nous sommes des banquiers priv\u00e9s depuis plus de 85 ans. Chez Andbank, nous avons su pr\u00e9server notre privil\u00e8ge principal : travailler pour nos clients.<\/p>\n","protected":false},"author":18,"featured_media":4425,"parent":2439,"menu_order":119,"comment_status":"closed","ping_status":"closed","template":"template-detail.php","meta":{"footnotes":""},"yst_prominent_words":[],"class_list":["post-2449","page","type-page","status-publish","has-post-thumbnail","hentry"],"acf":[],"_links":{"self":[{"href":"https:\/\/pre.andbank.com\/fr\/wp-json\/wp\/v2\/pages\/2449"}],"collection":[{"href":"https:\/\/pre.andbank.com\/fr\/wp-json\/wp\/v2\/pages"}],"about":[{"href":"https:\/\/pre.andbank.com\/fr\/wp-json\/wp\/v2\/types\/page"}],"author":[{"embeddable":true,"href":"https:\/\/pre.andbank.com\/fr\/wp-json\/wp\/v2\/users\/18"}],"replies":[{"embeddable":true,"href":"https:\/\/pre.andbank.com\/fr\/wp-json\/wp\/v2\/comments?post=2449"}],"version-history":[{"count":1,"href":"https:\/\/pre.andbank.com\/fr\/wp-json\/wp\/v2\/pages\/2449\/revisions"}],"predecessor-version":[{"id":36580,"href":"https:\/\/pre.andbank.com\/fr\/wp-json\/wp\/v2\/pages\/2449\/revisions\/36580"}],"up":[{"embeddable":true,"href":"https:\/\/pre.andbank.com\/fr\/wp-json\/wp\/v2\/pages\/2439"}],"wp:featuredmedia":[{"embeddable":true,"href":"https:\/\/pre.andbank.com\/fr\/wp-json\/wp\/v2\/media\/4425"}],"wp:attachment":[{"href":"https:\/\/pre.andbank.com\/fr\/wp-json\/wp\/v2\/media?parent=2449"}],"wp:term":[{"taxonomy":"yst_prominent_words","embeddable":true,"href":"https:\/\/pre.andbank.com\/fr\/wp-json\/wp\/v2\/yst_prominent_words?post=2449"}],"curies":[{"name":"wp","href":"https:\/\/api.w.org\/{rel}","templated":true}]}}