{"id":2446,"date":"2017-04-18T16:37:03","date_gmt":"2017-04-18T14:37:03","guid":{"rendered":"https:\/\/www.andbank.com\/gestion-dactifs\/qui-sommes-nous\/"},"modified":"2019-04-09T12:16:01","modified_gmt":"2019-04-09T10:16:01","slug":"qui-sommes-nous","status":"publish","type":"page","link":"https:\/\/pre.andbank.com\/fr\/gestion-dactifs\/qui-sommes-nous\/","title":{"rendered":"Qui sommes-nous"},"content":{"rendered":"<p>Depuis notre cr\u00e9ation, nous sommes attach\u00e9s aux objectifs de placement de nos clients et g\u00e9rons leur patrimoine avec professionnalisme et rigueur.<\/p>\n<p>La responsabilit\u00e9 que nous confie nos investisseurs quant \u00e0 la gestion de leur patrimoine est le principe de base qui guide nos d\u00e9cisions d\u2019investissement \u00e0 tout moment ; nous orientons les portefeuilles pour pr\u00e9server le capital de nos clients et nous \u00e9valuons les possibilit\u00e9s de placement pour tirer le meilleur parti de leur placement avec un risque minimal.<\/p>\n<p>Nos experts en placements sont r\u00e9partis aux quatre coins du monde. Cela nous permet donc de vous apporter une vision globale des march\u00e9s, et de vous offrir diff\u00e9rentes strat\u00e9gies de placement.<\/p>\n","protected":false},"excerpt":{"rendered":"<p>Andbank Asset Management est une soci\u00e9t\u00e9 de gestion de fonds de placement t\u00e9moignant d\u2019un engagement en faveur du service de particuliers, d\u2019entreprises et d\u2019institutions.<\/p>\n","protected":false},"author":1,"featured_media":3850,"parent":2437,"menu_order":183,"comment_status":"closed","ping_status":"closed","template":"template-detail.php","meta":{"footnotes":""},"yst_prominent_words":[521,518,3775,3053,513,276,3914,517,516,512,514,509,515,520,519],"class_list":["post-2446","page","type-page","status-publish","has-post-thumbnail","hentry"],"acf":[],"_links":{"self":[{"href":"https:\/\/pre.andbank.com\/fr\/wp-json\/wp\/v2\/pages\/2446"}],"collection":[{"href":"https:\/\/pre.andbank.com\/fr\/wp-json\/wp\/v2\/pages"}],"about":[{"href":"https:\/\/pre.andbank.com\/fr\/wp-json\/wp\/v2\/types\/page"}],"author":[{"embeddable":true,"href":"https:\/\/pre.andbank.com\/fr\/wp-json\/wp\/v2\/users\/1"}],"replies":[{"embeddable":true,"href":"https:\/\/pre.andbank.com\/fr\/wp-json\/wp\/v2\/comments?post=2446"}],"version-history":[{"count":0,"href":"https:\/\/pre.andbank.com\/fr\/wp-json\/wp\/v2\/pages\/2446\/revisions"}],"up":[{"embeddable":true,"href":"https:\/\/pre.andbank.com\/fr\/wp-json\/wp\/v2\/pages\/2437"}],"wp:featuredmedia":[{"embeddable":true,"href":"https:\/\/pre.andbank.com\/fr\/wp-json\/wp\/v2\/media\/3850"}],"wp:attachment":[{"href":"https:\/\/pre.andbank.com\/fr\/wp-json\/wp\/v2\/media?parent=2446"}],"wp:term":[{"taxonomy":"yst_prominent_words","embeddable":true,"href":"https:\/\/pre.andbank.com\/fr\/wp-json\/wp\/v2\/yst_prominent_words?post=2446"}],"curies":[{"name":"wp","href":"https:\/\/api.w.org\/{rel}","templated":true}]}}