{"id":2444,"date":"2017-04-11T13:07:42","date_gmt":"2017-04-11T11:07:42","guid":{"rendered":"https:\/\/www.andbank.com\/banque-privee\/family-office\/"},"modified":"2019-04-10T11:22:38","modified_gmt":"2019-04-10T09:22:38","slug":"family-office","status":"publish","type":"page","link":"https:\/\/pre.andbank.com\/fr\/banque-privee\/family-office\/","title":{"rendered":"Family Office"},"content":{"rendered":"<p>Ind\u00e9pendamment de la juridiction, un service int\u00e9gr\u00e9 de garde est offert et permet par un seul rapport d\u2019obtenir instantan\u00e9ment des \u00e9tats financiers consolid\u00e9s, des rapports de rentabilit\u00e9 d\u00e9taill\u00e9s et l\u2019analyse des risques.<\/p>\n<p>Notre plateforme de gestion, ouverte 24\u00a0h sur 24\/365 jours par an, permet de garantir l&rsquo;acc\u00e8s direct et contr\u00f4l\u00e9 de nos investisseurs sur toute place financi\u00e8re du march\u00e9 international.<\/p>\n<p>&nbsp;<\/p>\n<h2>Exp\u00e9rience en Family Business<\/h2>\n<p>Conscients des exigences d\u2019un patrimoine familial, Andbank offre un service de professionnels \u00e9minemment qualifi\u00e9s et sp\u00e9cialis\u00e9s.<\/p>\n<p>Articul\u00e9e sur une philosophie multidisciplinaire, notre \u00e9quipe de sp\u00e9cialistes garantit une assistance sp\u00e9cifique en mati\u00e8re fiscale et juridique, ainsi que le conseil en mati\u00e8re d\u2019\u00e9conomie r\u00e9elle et de march\u00e9s immobiliers pour les aspects de votre patrimoine qui le requi\u00e8rent.<\/p>\n<p>Notre gestion assure la transmission de l&rsquo;h\u00e9ritage de votre patrimoine aux g\u00e9n\u00e9rations suivantes en offrant des solutions globales, un service de conseil en mati\u00e8re financi\u00e8re et des synergies entre familles.<\/p>\n<p>&nbsp;<\/p>\n<h2>Conseil non financier<\/h2>\n<p>Andbank met \u00e0 la disposition de ses clients un service de consultation personnalis\u00e9e. Pour les clients qui souhaitent diversifier leurs investissements vers d&rsquo;autres portefeuilles non financiers, nos experts les conseilleront en mati\u00e8re de philanthropie, d\u2019art et d\u2019\u00e9ducation, entre autres, afin de les aider \u00e0 toujours trouver un \u00e9quilibre harmonieux entre leur style de vie et leur niveau de richesse.<\/p>\n<p>&nbsp;<\/p>\n<h2>Synergies entre familles\/club deals<\/h2>\n<p>Andbank offre \u00e0 ses clients priv\u00e9s la possibilit\u00e9 de r\u00e9aliser un investissement conjoint avec nous dans des op\u00e9rations exclusives.<\/p>\n<p>Un club deal consiste \u00e0 acqu\u00e9rir une soci\u00e9t\u00e9 ou la majorit\u00e9 des parts sociales de cette derni\u00e8re avec plusieurs investisseurs diff\u00e9rents.<\/p>\n<p>Cette pratique a traditionnellement permis \u00e0 des investisseurs de partager des risques et de mettre en commun des ressources pour l\u2019acquisition de soci\u00e9t\u00e9s plus grandes, qu\u2019il n\u2019aurait pas \u00e9t\u00e9 possible d\u2019acheter autrement. Il s\u2019agit d\u2019un service qui met en \u00e9vidence notre capacit\u00e9 de partager les risques d\u2019investissement avec nos clients.<\/p>\n<p>\u00catre une banque familiale nous conf\u00e8re un avantage comp\u00e9titif essentiel qui prouve que nous partageons les int\u00e9r\u00eats de nos clients.<\/p>\n<p>Andbank r\u00e9unit des investisseurs provenant de divers milieux, particuliers, professionnels, affaires familiales ou entreprises \u00e0 capital priv\u00e9.<\/p>\n","protected":false},"excerpt":{"rendered":"<p>Le service de garde globale offert par Andbank a \u00e9t\u00e9 soigneusement con\u00e7u pour r\u00e9pondre aux besoins des institutions ou familles qui requi\u00e8rent des solutions personnalis\u00e9es pour rentabiliser leurs actifs.<\/p>\n","protected":false},"author":1,"featured_media":3635,"parent":2431,"menu_order":136,"comment_status":"closed","ping_status":"closed","template":"template-detail.php","meta":{"footnotes":""},"yst_prominent_words":[],"class_list":["post-2444","page","type-page","status-publish","has-post-thumbnail","hentry"],"acf":[],"_links":{"self":[{"href":"https:\/\/pre.andbank.com\/fr\/wp-json\/wp\/v2\/pages\/2444"}],"collection":[{"href":"https:\/\/pre.andbank.com\/fr\/wp-json\/wp\/v2\/pages"}],"about":[{"href":"https:\/\/pre.andbank.com\/fr\/wp-json\/wp\/v2\/types\/page"}],"author":[{"embeddable":true,"href":"https:\/\/pre.andbank.com\/fr\/wp-json\/wp\/v2\/users\/1"}],"replies":[{"embeddable":true,"href":"https:\/\/pre.andbank.com\/fr\/wp-json\/wp\/v2\/comments?post=2444"}],"version-history":[{"count":0,"href":"https:\/\/pre.andbank.com\/fr\/wp-json\/wp\/v2\/pages\/2444\/revisions"}],"up":[{"embeddable":true,"href":"https:\/\/pre.andbank.com\/fr\/wp-json\/wp\/v2\/pages\/2431"}],"wp:featuredmedia":[{"embeddable":true,"href":"https:\/\/pre.andbank.com\/fr\/wp-json\/wp\/v2\/media\/3635"}],"wp:attachment":[{"href":"https:\/\/pre.andbank.com\/fr\/wp-json\/wp\/v2\/media?parent=2444"}],"wp:term":[{"taxonomy":"yst_prominent_words","embeddable":true,"href":"https:\/\/pre.andbank.com\/fr\/wp-json\/wp\/v2\/yst_prominent_words?post=2444"}],"curies":[{"name":"wp","href":"https:\/\/api.w.org\/{rel}","templated":true}]}}