{"id":2435,"date":"2017-04-05T12:14:05","date_gmt":"2017-04-05T10:14:05","guid":{"rendered":"https:\/\/www.andbank.com\/banque-privee\/nos-services\/consultation-globale\/"},"modified":"2019-04-10T11:05:44","modified_gmt":"2019-04-10T09:05:44","slug":"consultation-globale","status":"publish","type":"page","link":"https:\/\/pre.andbank.com\/fr\/banque-privee\/nos-services\/consultation-globale\/","title":{"rendered":"Consultation globale"},"content":{"rendered":"<p>Toutes ces comp\u00e9tences analytiques sont mises \u00e0 la disposition des clients d\u00e9sireux de participer activement \u00e0 la gestion de leur patrimoine. De cette fa\u00e7on, le client peut acc\u00e9der librement \u00e0 l\u2019opinion de nos \u00e9quipes d\u2019analyse, ainsi qu\u2019aux documents qu\u2019ils g\u00e9n\u00e8rent, en obtenant des informations mises \u00e0 jour sur les march\u00e9s, les analyse d\u2019actions ou les guides sur l\u2019investissement, entre autres.<\/p>\n<p>Chez Andbank, nous produisons les ressources n\u00e9cessaires pour aiguiller vos projets d&rsquo;investissement dans les diff\u00e9rents secteurs de l&rsquo;\u00e9conomie, ainsi que dans la planification financi\u00e8re, la philanthropie ou l\u2019art.<\/p>\n<h2>Conseils en philanthropie<\/h2>\n<p>Ce service est con\u00e7u pour les clients ayant un degr\u00e9 \u00e9lev\u00e9 de responsabilit\u00e9 sociale, qui souhaitent diversifier leurs placement dans des projets ou des actions de solidarit\u00e9.<\/p>\n<p><strong>Une \u00e9quipe globale et ind\u00e9pendante d\u2019investisseurs sp\u00e9cialis\u00e9s vous conseillera afin que vous puissiez s\u00e9lectionner le projet auquel vous vous identifiez le plus d\u2019un point de vue personnel\u00a0:<\/strong><\/p>\n<ol>\n<li>Cr\u00e9ation et gestion strat\u00e9gique de fondations<\/li>\n<li>Planification des donations<\/li>\n<li>Stimuler l&rsquo;h\u00e9ritage d&rsquo;une culture philanthropique entre les membres d&rsquo;une m\u00eame famille<\/li>\n<li>Investir vos b\u00e9n\u00e9fices pour soutenir une cause particuli\u00e8re<\/li>\n<li>Optimiser vos contributions en mati\u00e8re fiscale<\/li>\n<\/ol>\n","protected":false},"excerpt":{"rendered":"<p>Andbank dispose d\u2019une \u00e9quipe de conseillers financiers avec une vision globale, pr\u00e9sents sur trois continents et poss\u00e9dant une vaste exp\u00e9rience sur le march\u00e9.<\/p>\n","protected":false},"author":1,"featured_media":1797,"parent":2433,"menu_order":158,"comment_status":"closed","ping_status":"closed","template":"template-detail.php","meta":{"footnotes":""},"yst_prominent_words":[2389,3053,570,510,506,276,3024,517,2388,2386,524,2392,2391,520,2390,507,2393,2387,519],"class_list":["post-2435","page","type-page","status-publish","has-post-thumbnail","hentry"],"acf":[],"_links":{"self":[{"href":"https:\/\/pre.andbank.com\/fr\/wp-json\/wp\/v2\/pages\/2435"}],"collection":[{"href":"https:\/\/pre.andbank.com\/fr\/wp-json\/wp\/v2\/pages"}],"about":[{"href":"https:\/\/pre.andbank.com\/fr\/wp-json\/wp\/v2\/types\/page"}],"author":[{"embeddable":true,"href":"https:\/\/pre.andbank.com\/fr\/wp-json\/wp\/v2\/users\/1"}],"replies":[{"embeddable":true,"href":"https:\/\/pre.andbank.com\/fr\/wp-json\/wp\/v2\/comments?post=2435"}],"version-history":[{"count":0,"href":"https:\/\/pre.andbank.com\/fr\/wp-json\/wp\/v2\/pages\/2435\/revisions"}],"up":[{"embeddable":true,"href":"https:\/\/pre.andbank.com\/fr\/wp-json\/wp\/v2\/pages\/2433"}],"wp:featuredmedia":[{"embeddable":true,"href":"https:\/\/pre.andbank.com\/fr\/wp-json\/wp\/v2\/media\/1797"}],"wp:attachment":[{"href":"https:\/\/pre.andbank.com\/fr\/wp-json\/wp\/v2\/media?parent=2435"}],"wp:term":[{"taxonomy":"yst_prominent_words","embeddable":true,"href":"https:\/\/pre.andbank.com\/fr\/wp-json\/wp\/v2\/yst_prominent_words?post=2435"}],"curies":[{"name":"wp","href":"https:\/\/api.w.org\/{rel}","templated":true}]}}