{"id":1278,"date":"2017-06-28T17:32:28","date_gmt":"2017-06-28T15:32:28","guid":{"rendered":"https:\/\/www.andbank.com\/market-analysis\/our-chief-economist\/"},"modified":"2019-04-10T12:06:41","modified_gmt":"2019-04-10T10:06:41","slug":"our-chief-economist","status":"publish","type":"page","link":"https:\/\/pre.andbank.com\/en\/market-analysis\/our-chief-economist\/","title":{"rendered":"Our chief economist"},"content":{"rendered":"<h2>Meet our chief economist, Alex Fust\u00e9<\/h2>\n<p>&nbsp;<\/p>\n<p>\u00c0lex Fust\u00e9 has a degree in Economics from the University of Barcelona and currently holds the position of Chief Economist at Andbank. His experience is based on gathering knowledge and economic-political information through a team of professionals from more than 14 jurisdictions, processing this data and formulating a global view from local perspectives to help clients understand economic and global market mechanisms.<\/p>\n","protected":false},"excerpt":{"rendered":"<p>Meet our chief economist, Alex Fust\u00e9 &nbsp; \u00c0lex Fust\u00e9 has a degree in Economics from the University of Barcelona and currently holds the position of Chief Economist at Andbank. His experience is based on gathering knowledge and economic-political information through a team of professionals from more than 14 jurisdictions, processing this data and formulating a [&hellip;]<\/p>\n","protected":false},"author":1,"featured_media":0,"parent":1219,"menu_order":40,"comment_status":"closed","ping_status":"closed","template":"template-market-detail.php","meta":{"footnotes":""},"yst_prominent_words":[202,402,400,403,401,2981,404,209,113],"class_list":["post-1278","page","type-page","status-publish","hentry"],"acf":[],"_links":{"self":[{"href":"https:\/\/pre.andbank.com\/en\/wp-json\/wp\/v2\/pages\/1278"}],"collection":[{"href":"https:\/\/pre.andbank.com\/en\/wp-json\/wp\/v2\/pages"}],"about":[{"href":"https:\/\/pre.andbank.com\/en\/wp-json\/wp\/v2\/types\/page"}],"author":[{"embeddable":true,"href":"https:\/\/pre.andbank.com\/en\/wp-json\/wp\/v2\/users\/1"}],"replies":[{"embeddable":true,"href":"https:\/\/pre.andbank.com\/en\/wp-json\/wp\/v2\/comments?post=1278"}],"version-history":[{"count":0,"href":"https:\/\/pre.andbank.com\/en\/wp-json\/wp\/v2\/pages\/1278\/revisions"}],"up":[{"embeddable":true,"href":"https:\/\/pre.andbank.com\/en\/wp-json\/wp\/v2\/pages\/1219"}],"wp:attachment":[{"href":"https:\/\/pre.andbank.com\/en\/wp-json\/wp\/v2\/media?parent=1278"}],"wp:term":[{"taxonomy":"yst_prominent_words","embeddable":true,"href":"https:\/\/pre.andbank.com\/en\/wp-json\/wp\/v2\/yst_prominent_words?post=1278"}],"curies":[{"name":"wp","href":"https:\/\/api.w.org\/{rel}","templated":true}]}}