{"id":1231,"date":"2017-04-18T18:42:59","date_gmt":"2017-04-18T16:42:59","guid":{"rendered":"https:\/\/www.andbank.com\/about-us\/governance-structure\/"},"modified":"2023-11-13T20:45:22","modified_gmt":"2023-11-13T18:45:22","slug":"governance-structure","status":"publish","type":"page","link":"https:\/\/pre.andbank.com\/en\/about-us\/governance-structure\/","title":{"rendered":"Governance structure"},"content":{"rendered":"<h2>Presidency<\/h2>\n<table style=\"max-width: 1000px;width: 95%\">\n<tbody>\n<tr>\n<td><img loading=\"lazy\" decoding=\"async\" class=\"wp-image-956 alignleft\" src=\"https:\/\/www.andbank.com\/wp-content\/uploads\/2017\/04\/Manuel-Cerqueda-Donadeu.png\" alt=\"\" width=\"150\" height=\"150\"><\/td>\n<td><\/td>\n<td style=\"width: 30%\"><strong>Manel Cerqueda Donadeu<\/strong><br \/>\nChairman<br \/>\n<a href=\"https:\/\/www.andbank.com\/wp-content\/uploads\/sites\/10\/2017\/09\/EN-CV-MANEL-CERQUEDA-WEB.pdf\" target=\"_blank\" rel=\"noopener noreferrer\">Curriculum Vitae<\/a><\/td>\n<td><\/td>\n<td><img loading=\"lazy\" decoding=\"async\" class=\"wp-image-17324 alignleft\" src=\"https:\/\/www.andbank.com\/wp-content\/uploads\/2017\/04\/SERGI-PALLEROLA-GENE.png\" alt=\"Sergi Pallerola Gene\" width=\"150\" height=\"150\" \/><\/td>\n<td><\/td>\n<td style=\"width: 30%\"><strong>Sergi Pallerola Gene<\/strong><br \/>\nVice Chairman<br \/>\n<a href=\"https:\/\/www.andbank.com\/wp-content\/uploads\/2017\/04\/Sergi-Pallerola-Gene.pdf\" target=\"_blank\" rel=\"noopener noreferrer\">Curriculum Vitae<\/a><\/td>\n<\/tr>\n<\/tbody>\n<\/table>\n<p>&nbsp;<\/p>\n<h2>Board of Directors<\/h2>\n<table style=\"max-width: 1000px;width: 95%\">\n<tbody>\n<tr>\n<td><img loading=\"lazy\" decoding=\"async\" class=\" wp-image-3206 alignleft\" src=\"https:\/\/www.andbank.com\/wp-content\/uploads\/2019\/11\/carmen_arrequeta.png\" alt=\"\" width=\"153\" height=\"153\"><\/td>\n<td><\/td>\n<td style=\"width: 30%\"><strong>Carmen Aquerreta Ferraz<\/strong><br \/>\nDirector<br \/>\n<a href=\"https:\/\/www.andbank.com\/wp-content\/uploads\/2019\/11\/cv_carmen_aquerreta_eng.pdf\" target=\"_blank\" rel=\"noopener noreferrer\">Curriculum Vitae<\/a><\/td>\n<td><img loading=\"lazy\" decoding=\"async\" class=\"wp-image-955 alignleft\" src=\"https:\/\/www.andbank.com\/wp-content\/uploads\/2017\/04\/Manuel-Cerqueda-Diez.png\" alt=\"\" width=\"150\" height=\"150\"><\/td>\n<td><\/td>\n<td style=\"width: 30%\"><strong>Manel Cerqueda Diez<\/strong><br \/>\nDirector<br \/>\n<a href=\"https:\/\/www.andbank.com\/wp-content\/uploads\/2017\/04\/CV-MANEL-CERQUEDA-DIEZ-WEB-OK-ENG.pdf\" target=\"_blank\" rel=\"noopener noreferrer\">Curriculum Vitae<\/a><\/td>\n<\/tr>\n<tr>\n<td><img loading=\"lazy\" decoding=\"async\" class=\"wp-image-955 alignleft\" src=\"https:\/\/www.andbank.com\/wp-content\/uploads\/2018\/10\/gomez_acebo.png\" alt=\"\" width=\"150\" height=\"150\"><\/td>\n<td><\/td>\n<td style=\"width: 30%\"><strong>Javier G\u00f3mez Acebo Saenz De Heredia<\/strong><br \/>\nDirector<br \/>\n<a href=\"https:\/\/www.andbank.com\/wp-content\/uploads\/2018\/10\/CV_GOMEZ-ACEBO_ENG.pdf\" target=\"_blank\" rel=\"noopener noreferrer\">Curriculum Vitae<\/a><\/td>\n<td><img loading=\"lazy\" decoding=\"async\" class=\" wp-image-3196 alignleft\" src=\"https:\/\/www.andbank.com\/wp-content\/uploads\/sites\/10\/2017\/08\/Picture4.jpg\" alt=\"\" width=\"157\" height=\"152\"><\/td>\n<td><\/td>\n<td style=\"width: 30%\"><strong>Jorge Maortua<\/strong><br \/>\nDirector<br \/>\n<a href=\"https:\/\/www.andbank.com\/wp-content\/uploads\/sites\/10\/2017\/09\/EN-CV-JORGE-MAORTUA-WEB.pdf\" target=\"_blank\" rel=\"noopener noreferrer\">Curriculum Vitae<\/a><\/td>\n<\/tr>\n<tr>\n<td><img loading=\"lazy\" decoding=\"async\" class=\"wp-image-17324 alignleft\" src=\"https:\/\/www.andbank.com\/wp-content\/uploads\/2023\/11\/MCRibas.png\" alt=\"Maria Creus Ribas\" width=\"150\" height=\"150\" \/><\/td>\n<td><\/td>\n<td style=\"width: 30%\"><strong>Maria Creus Ribas<\/strong><br \/>\nDirector<br \/>\n<a href=\"https:\/\/www.andbank.com\/wp-content\/uploads\/2023\/11\/CV-MARIA-CREUS-RIBAS-EN.pdf\" target=\"_blank\" rel=\"noopener noreferrer\">Curriculum Vitae<\/a><\/td>\n<td><img loading=\"lazy\" decoding=\"async\" class=\"wp-image-957 alignleft\" src=\"https:\/\/www.andbank.com\/andorra\/wp-content\/uploads\/sites\/10\/2021\/11\/JAUME-SERRA-1.png\" alt=\"C\u00e9sar Valc\u00e1rcel\" width=\"150\" height=\"150\"><\/td>\n<td><\/td>\n<td style=\"width: 30%\"><strong>Jaume Serra Serra<\/strong><br \/>\nDirector<br \/>\n<a href=\"https:\/\/www.andbank.com\/andorra\/wp-content\/uploads\/sites\/10\/2021\/11\/CV-JAUME-SERRA-WEB-OK-EN.pdf\" target=\"_blank\" rel=\"noopener noreferrer\">Curriculum Vitae<\/a><\/td>\n<td><\/td>\n<\/tr>\n<tr>\n<td><img loading=\"lazy\" decoding=\"async\" class=\"wp-image-17324 alignleft\" src=\"https:\/\/www.andbank.com\/wp-content\/uploads\/2023\/11\/a-roses.jpg\" alt=\"Albert Ros\u00e9s Noguer\" width=\"150\" height=\"150\" \/><\/td>\n<td><\/td>\n<td style=\"width: 30%\"><strong>Albert Ros\u00e9s Noguer<\/strong><br \/>\nDirector<br \/>\n<a href=\"https:\/\/www.andbank.com\/wp-content\/uploads\/2023\/11\/CV-ALBERT-ROSES-GB.pdf\" target=\"_blank\" rel=\"noopener noreferrer\">Curriculum Vitae<\/a><\/td>\n<td><img loading=\"lazy\" decoding=\"async\" class=\" wp-image-3206 alignleft\" src=\"https:\/\/www.andbank.com\/wp-content\/uploads\/2019\/11\/pablo_garcia.png\" alt=\"\" width=\"153\" height=\"153\"><\/td>\n<td><\/td>\n<td style=\"width: 30%\"><strong>Pablo Garc\u00eda Monta\u00f1\u00e9s<\/strong><br \/>\nNon-board member Secretary<br \/>\n<a href=\"https:\/\/www.andbank.com\/wp-content\/uploads\/2019\/11\/cv_pablo_garcia_eng.pdf\" target=\"_blank\" rel=\"noopener noreferrer\">Curriculum Vitae<\/a><\/td>\n<td><\/td>\n<\/tr>\n<\/tbody>\n<\/table>\n<p>&nbsp;<\/p>\n<h2>Governance Structure<\/h2>\n<table style=\"max-width: 1000px;width: 95%\">\n<tbody>\n<tr>\n<td><img loading=\"lazy\" decoding=\"async\" class=\"wp-image-959 alignleft\" src=\"https:\/\/www.andbank.com\/wp-content\/uploads\/2021\/07\/Carlos_Aso.png\" alt=\"\" width=\"150\" height=\"150\"><\/td>\n<td><\/td>\n<td style=\"width: 30%\"><strong>Carlos Aso<\/strong><br \/>\nCEO<br \/>\n<a href=\"https:\/\/www.andbank.com\/wp-content\/uploads\/2021\/07\/CV-CARLOS-ASO-CAT-en-GB-ok.pdf\" target=\"_blank\" rel=\"noopener noreferrer\">Curriculum Vitae<\/a><\/td>\n<td><\/td>\n<td><img loading=\"lazy\" decoding=\"async\" class=\"wp-image-949 alignleft\" src=\"https:\/\/www.andbank.com\/wp-content\/uploads\/2017\/12\/blanc.png\" alt=\"\" width=\"150\" height=\"150\"><\/td>\n<td><\/td>\n<td style=\"width: 30%\"><\/td>\n<\/tr>\n<\/tbody>\n<\/table>\n<p>&nbsp;<\/p>\n","protected":false},"excerpt":{"rendered":"<p>Get to know our organisational structure and the people who are part of the Andbank team.<\/p>\n","protected":false},"author":32,"featured_media":1592,"parent":1220,"menu_order":120,"comment_status":"closed","ping_status":"closed","template":"template-gerencia.php","meta":{"footnotes":""},"yst_prominent_words":[3037,3018,3015,239,3265,3262,3043,3021],"class_list":["post-1231","page","type-page","status-publish","has-post-thumbnail","hentry"],"acf":[],"_links":{"self":[{"href":"https:\/\/pre.andbank.com\/en\/wp-json\/wp\/v2\/pages\/1231"}],"collection":[{"href":"https:\/\/pre.andbank.com\/en\/wp-json\/wp\/v2\/pages"}],"about":[{"href":"https:\/\/pre.andbank.com\/en\/wp-json\/wp\/v2\/types\/page"}],"author":[{"embeddable":true,"href":"https:\/\/pre.andbank.com\/en\/wp-json\/wp\/v2\/users\/32"}],"replies":[{"embeddable":true,"href":"https:\/\/pre.andbank.com\/en\/wp-json\/wp\/v2\/comments?post=1231"}],"version-history":[{"count":5,"href":"https:\/\/pre.andbank.com\/en\/wp-json\/wp\/v2\/pages\/1231\/revisions"}],"predecessor-version":[{"id":37892,"href":"https:\/\/pre.andbank.com\/en\/wp-json\/wp\/v2\/pages\/1231\/revisions\/37892"}],"up":[{"embeddable":true,"href":"https:\/\/pre.andbank.com\/en\/wp-json\/wp\/v2\/pages\/1220"}],"wp:featuredmedia":[{"embeddable":true,"href":"https:\/\/pre.andbank.com\/en\/wp-json\/wp\/v2\/media\/1592"}],"wp:attachment":[{"href":"https:\/\/pre.andbank.com\/en\/wp-json\/wp\/v2\/media?parent=1231"}],"wp:term":[{"taxonomy":"yst_prominent_words","embeddable":true,"href":"https:\/\/pre.andbank.com\/en\/wp-json\/wp\/v2\/yst_prominent_words?post=1231"}],"curies":[{"name":"wp","href":"https:\/\/api.w.org\/{rel}","templated":true}]}}