{"id":3483,"date":"2017-09-15T09:32:17","date_gmt":"2017-09-15T07:32:17","guid":{"rendered":"https:\/\/www.andbank.com\/oficines\/"},"modified":"2019-04-09T10:34:32","modified_gmt":"2019-04-09T08:34:32","slug":"andbank-al-mon","status":"publish","type":"page","link":"https:\/\/pre.andbank.com\/ca\/sobre-nosaltres\/andbank-al-mon\/","title":{"rendered":"Andbank al m\u00f3n"},"content":{"rendered":"","protected":false},"excerpt":{"rendered":"<p>Andbank t\u00e9 pres\u00e8ncia a 11 pa\u00efsos en els quals ofereix serveis especialitzats en la gesti\u00f3 de grans patrimonis<\/p>\n","protected":false},"author":1,"featured_media":35399,"parent":2215,"menu_order":172,"comment_status":"closed","ping_status":"closed","template":"template-offices.php","meta":{"footnotes":""},"yst_prominent_words":[],"class_list":["post-3483","page","type-page","status-publish","has-post-thumbnail","hentry"],"acf":[],"_links":{"self":[{"href":"https:\/\/pre.andbank.com\/ca\/wp-json\/wp\/v2\/pages\/3483"}],"collection":[{"href":"https:\/\/pre.andbank.com\/ca\/wp-json\/wp\/v2\/pages"}],"about":[{"href":"https:\/\/pre.andbank.com\/ca\/wp-json\/wp\/v2\/types\/page"}],"author":[{"embeddable":true,"href":"https:\/\/pre.andbank.com\/ca\/wp-json\/wp\/v2\/users\/1"}],"replies":[{"embeddable":true,"href":"https:\/\/pre.andbank.com\/ca\/wp-json\/wp\/v2\/comments?post=3483"}],"version-history":[{"count":0,"href":"https:\/\/pre.andbank.com\/ca\/wp-json\/wp\/v2\/pages\/3483\/revisions"}],"up":[{"embeddable":true,"href":"https:\/\/pre.andbank.com\/ca\/wp-json\/wp\/v2\/pages\/2215"}],"wp:featuredmedia":[{"embeddable":true,"href":"https:\/\/pre.andbank.com\/ca\/wp-json\/wp\/v2\/media\/35399"}],"wp:attachment":[{"href":"https:\/\/pre.andbank.com\/ca\/wp-json\/wp\/v2\/media?parent=3483"}],"wp:term":[{"taxonomy":"yst_prominent_words","embeddable":true,"href":"https:\/\/pre.andbank.com\/ca\/wp-json\/wp\/v2\/yst_prominent_words?post=3483"}],"curies":[{"name":"wp","href":"https:\/\/api.w.org\/{rel}","templated":true}]}}