{"id":2277,"date":"2017-06-28T17:32:29","date_gmt":"2017-06-28T15:32:29","guid":{"rendered":"https:\/\/www.andbank.com\/analisis-de-mercats\/insight-news\/"},"modified":"2021-07-30T13:44:58","modified_gmt":"2021-07-30T11:44:58","slug":"insight-news","status":"publish","type":"page","link":"https:\/\/pre.andbank.com\/ca\/analisis-de-mercats\/insight-news\/","title":{"rendered":"Insight news"},"content":{"rendered":"<h2>Insight news<\/h2>\n<p style=\"text-align: center\">Andbank publica una s\u00e8rie d&#8217;estudis i articles relacionats amb el sector financer en qu\u00e8 s&#8217;analitzen la situaci\u00f3 econ\u00f2mica, reguladora i financera actual. Aquestes Insight News porten la <strong>firma de directors, especialistes i t\u00e8cnics de l&#8217;equip d&#8217;Andbank<\/strong>.<\/p>\n","protected":false},"excerpt":{"rendered":"<p>Insight news Andbank publica una s\u00e8rie d&#8217;estudis i articles relacionats amb el sector financer en qu\u00e8 s&#8217;analitzen la situaci\u00f3 econ\u00f2mica, reguladora i financera actual. Aquestes Insight News porten la firma de directors, especialistes i t\u00e8cnics de l&#8217;equip d&#8217;Andbank.<\/p>\n","protected":false},"author":1,"featured_media":0,"parent":2214,"menu_order":35,"comment_status":"closed","ping_status":"closed","template":"template-market-blog.php","meta":{"footnotes":""},"yst_prominent_words":[2973,2970,2976],"class_list":["post-2277","page","type-page","status-publish","hentry"],"acf":[],"_links":{"self":[{"href":"https:\/\/pre.andbank.com\/ca\/wp-json\/wp\/v2\/pages\/2277"}],"collection":[{"href":"https:\/\/pre.andbank.com\/ca\/wp-json\/wp\/v2\/pages"}],"about":[{"href":"https:\/\/pre.andbank.com\/ca\/wp-json\/wp\/v2\/types\/page"}],"author":[{"embeddable":true,"href":"https:\/\/pre.andbank.com\/ca\/wp-json\/wp\/v2\/users\/1"}],"replies":[{"embeddable":true,"href":"https:\/\/pre.andbank.com\/ca\/wp-json\/wp\/v2\/comments?post=2277"}],"version-history":[{"count":0,"href":"https:\/\/pre.andbank.com\/ca\/wp-json\/wp\/v2\/pages\/2277\/revisions"}],"up":[{"embeddable":true,"href":"https:\/\/pre.andbank.com\/ca\/wp-json\/wp\/v2\/pages\/2214"}],"wp:attachment":[{"href":"https:\/\/pre.andbank.com\/ca\/wp-json\/wp\/v2\/media?parent=2277"}],"wp:term":[{"taxonomy":"yst_prominent_words","embeddable":true,"href":"https:\/\/pre.andbank.com\/ca\/wp-json\/wp\/v2\/yst_prominent_words?post=2277"}],"curies":[{"name":"wp","href":"https:\/\/api.w.org\/{rel}","templated":true}]}}