{"id":2275,"date":"2017-06-28T17:32:28","date_gmt":"2017-06-28T15:32:28","guid":{"rendered":"https:\/\/www.andbank.com\/analisis-de-mercats\/ultimes-reflexions\/"},"modified":"2024-07-04T05:11:32","modified_gmt":"2024-07-04T03:11:32","slug":"ultimes-reflexions","status":"publish","type":"page","link":"https:\/\/pre.andbank.com\/ca\/analisis-de-mercats\/ultimes-reflexions\/","title":{"rendered":"Flash Notes"},"content":{"rendered":"<h2>Flash Notes<\/h2>\n<p style=\"text-align: center\">El nostre economista en cap, \u00c0lex Fust\u00e9, analitza la situaci\u00f3 global dels mercats financers i valora les perspectives de l&#8217;economia mitjan\u00e7ant Flash Notes que compartim amb els nostres clients quan s&#8217;esdev\u00e9 algun fet rellevant per als mercats.<\/p>\n","protected":false},"excerpt":{"rendered":"<p>Flash Notes El nostre economista en cap, \u00c0lex Fust\u00e9, analitza la situaci\u00f3 global dels mercats financers i valora les perspectives de l&#8217;economia mitjan\u00e7ant Flash Notes que compartim amb els nostres clients quan s&#8217;esdev\u00e9 algun fet rellevant per als mercats.<\/p>\n","protected":false},"author":18,"featured_media":0,"parent":2214,"menu_order":13,"comment_status":"closed","ping_status":"closed","template":"template-market-blog.php","meta":{"footnotes":""},"yst_prominent_words":[2962,2959,112,2965],"class_list":["post-2275","page","type-page","status-publish","hentry"],"acf":[],"_links":{"self":[{"href":"https:\/\/pre.andbank.com\/ca\/wp-json\/wp\/v2\/pages\/2275"}],"collection":[{"href":"https:\/\/pre.andbank.com\/ca\/wp-json\/wp\/v2\/pages"}],"about":[{"href":"https:\/\/pre.andbank.com\/ca\/wp-json\/wp\/v2\/types\/page"}],"author":[{"embeddable":true,"href":"https:\/\/pre.andbank.com\/ca\/wp-json\/wp\/v2\/users\/18"}],"replies":[{"embeddable":true,"href":"https:\/\/pre.andbank.com\/ca\/wp-json\/wp\/v2\/comments?post=2275"}],"version-history":[{"count":26,"href":"https:\/\/pre.andbank.com\/ca\/wp-json\/wp\/v2\/pages\/2275\/revisions"}],"predecessor-version":[{"id":38620,"href":"https:\/\/pre.andbank.com\/ca\/wp-json\/wp\/v2\/pages\/2275\/revisions\/38620"}],"up":[{"embeddable":true,"href":"https:\/\/pre.andbank.com\/ca\/wp-json\/wp\/v2\/pages\/2214"}],"wp:attachment":[{"href":"https:\/\/pre.andbank.com\/ca\/wp-json\/wp\/v2\/media?parent=2275"}],"wp:term":[{"taxonomy":"yst_prominent_words","embeddable":true,"href":"https:\/\/pre.andbank.com\/ca\/wp-json\/wp\/v2\/yst_prominent_words?post=2275"}],"curies":[{"name":"wp","href":"https:\/\/api.w.org\/{rel}","templated":true}]}}