{"id":2273,"date":"2017-06-28T17:32:28","date_gmt":"2017-06-28T15:32:28","guid":{"rendered":"https:\/\/www.andbank.com\/analisis-de-mercats\/el-nostre-economista-en-cap\/"},"modified":"2019-04-10T12:05:49","modified_gmt":"2019-04-10T10:05:49","slug":"el-nostre-economista-en-cap","status":"publish","type":"page","link":"https:\/\/pre.andbank.com\/ca\/analisis-de-mercats\/el-nostre-economista-en-cap\/","title":{"rendered":"El nostre economista en cap"},"content":{"rendered":"<h2>Coneixeu \u00c0lex Fust\u00e9, economista en cap<\/h2>\n<p>&nbsp;<\/p>\n<p>\u00c0lex Fust\u00e9 \u00e9s llicenciat en Economia per la Universitat de Barcelona i actualment ocupa el c\u00e0rrec d&#8217;economista en cap a Andbank. La seva experi\u00e8ncia es basa en aglutinar coneixements i informaci\u00f3 sobre economia i pol\u00edtica a trav\u00e9s d&#8217;un equip de professionals de m\u00e9s de 14 jurisdiccions, processar aquestes dades i formular una visi\u00f3 global des de perspectives locals per ajudar els seus clients a entendre els mecanismes de l&#8217;economia i els mercats globals.<\/p>\n","protected":false},"excerpt":{"rendered":"<p>Coneixeu \u00c0lex Fust\u00e9, economista en cap &nbsp; \u00c0lex Fust\u00e9 \u00e9s llicenciat en Economia per la Universitat de Barcelona i actualment ocupa el c\u00e0rrec d&#8217;economista en cap a Andbank. La seva experi\u00e8ncia es basa en aglutinar coneixements i informaci\u00f3 sobre economia i pol\u00edtica a trav\u00e9s d&#8217;un equip de professionals de m\u00e9s de 14 jurisdiccions, processar aquestes [&hellip;]<\/p>\n","protected":false},"author":1,"featured_media":0,"parent":2214,"menu_order":40,"comment_status":"closed","ping_status":"closed","template":"template-market-detail.php","meta":{"footnotes":""},"yst_prominent_words":[5024],"class_list":["post-2273","page","type-page","status-publish","hentry"],"acf":[],"_links":{"self":[{"href":"https:\/\/pre.andbank.com\/ca\/wp-json\/wp\/v2\/pages\/2273"}],"collection":[{"href":"https:\/\/pre.andbank.com\/ca\/wp-json\/wp\/v2\/pages"}],"about":[{"href":"https:\/\/pre.andbank.com\/ca\/wp-json\/wp\/v2\/types\/page"}],"author":[{"embeddable":true,"href":"https:\/\/pre.andbank.com\/ca\/wp-json\/wp\/v2\/users\/1"}],"replies":[{"embeddable":true,"href":"https:\/\/pre.andbank.com\/ca\/wp-json\/wp\/v2\/comments?post=2273"}],"version-history":[{"count":0,"href":"https:\/\/pre.andbank.com\/ca\/wp-json\/wp\/v2\/pages\/2273\/revisions"}],"up":[{"embeddable":true,"href":"https:\/\/pre.andbank.com\/ca\/wp-json\/wp\/v2\/pages\/2214"}],"wp:attachment":[{"href":"https:\/\/pre.andbank.com\/ca\/wp-json\/wp\/v2\/media?parent=2273"}],"wp:term":[{"taxonomy":"yst_prominent_words","embeddable":true,"href":"https:\/\/pre.andbank.com\/ca\/wp-json\/wp\/v2\/yst_prominent_words?post=2273"}],"curies":[{"name":"wp","href":"https:\/\/api.w.org\/{rel}","templated":true}]}}