{"id":2272,"date":"2017-05-09T18:30:19","date_gmt":"2017-05-09T16:30:19","guid":{"rendered":"https:\/\/www.andbank.com\/banca-privada\/independent-financial-advisor\/"},"modified":"2019-04-10T11:25:35","modified_gmt":"2019-04-10T09:25:35","slug":"independent-financial-advisor","status":"publish","type":"page","link":"https:\/\/pre.andbank.com\/ca\/banca-privada\/independent-financial-advisor\/","title":{"rendered":"Independent Financial Advisor"},"content":{"rendered":"<h2>Dedicaci\u00f3 i confidencialitat<\/h2>\n<p>El nostre equip dedicat al servei de gestors independents gaudeix d&#8217;una \u00e0mplia formaci\u00f3 acad\u00e8mica i una s\u00f2lida traject\u00f2ria professional que permeten articular un servei altament competitiu.<\/p>\n<p>Valors com la prud\u00e8ncia, la discreci\u00f3 i l&#8217;excel\u00b7l\u00e8ncia s\u00f3n els fonaments sobre els quals el nostre equip fonamenta la gesti\u00f3.<\/p>\n<p>Cada IFA t\u00e9 un responsable de comptes que pot cobrir totes les vostres necessitats i guiar-vos dins del grup.<\/p>\n<h2>Serveis per a gestors independents<\/h2>\n<p>Recomanacions d&#8217;inversi\u00f3 a mida per a assessors independents que busquen diferenciar la gesti\u00f3 del patrimoni dels seus clients.<\/p>\n<p>La nostra estrat\u00e8gia d&#8217;inversi\u00f3 est\u00e0 centrada en la preservaci\u00f3 del patrimoni i en la constant captaci\u00f3 de les tend\u00e8ncies m\u00e9s alcistes del mercat financer.<\/p>\n","protected":false},"excerpt":{"rendered":"<p>El nostre equip dedicat al servei de gestors independents gaudeix d&#8217;una \u00e0mplia formaci\u00f3 i una s\u00f2lida traject\u00f2ria professional que permeten articular un servei altament competitiu en qualsevol jurisdicci\u00f3.<\/p>\n","protected":false},"author":1,"featured_media":3646,"parent":2202,"menu_order":145,"comment_status":"closed","ping_status":"closed","template":"template-detail.php","meta":{"footnotes":""},"yst_prominent_words":[],"class_list":["post-2272","page","type-page","status-publish","has-post-thumbnail","hentry"],"acf":[],"_links":{"self":[{"href":"https:\/\/pre.andbank.com\/ca\/wp-json\/wp\/v2\/pages\/2272"}],"collection":[{"href":"https:\/\/pre.andbank.com\/ca\/wp-json\/wp\/v2\/pages"}],"about":[{"href":"https:\/\/pre.andbank.com\/ca\/wp-json\/wp\/v2\/types\/page"}],"author":[{"embeddable":true,"href":"https:\/\/pre.andbank.com\/ca\/wp-json\/wp\/v2\/users\/1"}],"replies":[{"embeddable":true,"href":"https:\/\/pre.andbank.com\/ca\/wp-json\/wp\/v2\/comments?post=2272"}],"version-history":[{"count":0,"href":"https:\/\/pre.andbank.com\/ca\/wp-json\/wp\/v2\/pages\/2272\/revisions"}],"up":[{"embeddable":true,"href":"https:\/\/pre.andbank.com\/ca\/wp-json\/wp\/v2\/pages\/2202"}],"wp:featuredmedia":[{"embeddable":true,"href":"https:\/\/pre.andbank.com\/ca\/wp-json\/wp\/v2\/media\/3646"}],"wp:attachment":[{"href":"https:\/\/pre.andbank.com\/ca\/wp-json\/wp\/v2\/media?parent=2272"}],"wp:term":[{"taxonomy":"yst_prominent_words","embeddable":true,"href":"https:\/\/pre.andbank.com\/ca\/wp-json\/wp\/v2\/yst_prominent_words?post=2272"}],"curies":[{"name":"wp","href":"https:\/\/api.w.org\/{rel}","templated":true}]}}