{"id":2232,"date":"2017-04-19T10:22:16","date_gmt":"2017-04-19T08:22:16","guid":{"rendered":"https:\/\/www.andbank.com\/avis-legal\/"},"modified":"2024-07-30T14:16:53","modified_gmt":"2024-07-30T12:16:53","slug":"avis-legal","status":"publish","type":"page","link":"https:\/\/pre.andbank.com\/ca\/avis-legal\/avis-legal\/","title":{"rendered":"Av\u00eds legal"},"content":{"rendered":"\r\n<p>La informaci\u00f3 continguda a la p\u00e0gina web d&#8217;Andbank t\u00e9 com a objectiu donar a con\u00e8ixer a les persones que hi accedeixen els nostres productes i serveis, aix\u00ed com establir canals informatius de comunicaci\u00f3 directa amb el p\u00fablic en general i amb els clients en particular per mitj\u00e0 del correu electr\u00f2nic.<\/p>\r\n\r\n\r\n\r\n<p>La documentaci\u00f3 i el disseny gr\u00e0fic s\u00f3n propietat d&#8217;Andbank. Per tant, queda prohibida la reproducci\u00f3, la c\u00f2pia, la distribuci\u00f3 o qualsevol altre acte de manipulaci\u00f3 d&#8217;aquesta documentaci\u00f3, sense l&#8217;autoritzaci\u00f3 expressa d&#8217;Andbank. A causa de l&#8217;\u00fas indegut, Andbank podr\u00e0 dur a terme totes les accions (judicials o extrajudicials) que consideri convenients.<\/p>\r\n\r\n\r\n\r\n<p>L&#8217;acc\u00e9s a la p\u00e0gina web d&#8217;Andbank i l&#8217;\u00fas de la informaci\u00f3 que cont\u00e9 \u00e9s responsabilitat exclusiva de qui hi accedeix. En cap cas la informaci\u00f3 que cont\u00e9 la web esmentada es pot entendre com a recomanaci\u00f3, assessorament o oferta de contractaci\u00f3, de manera que Andbank no ser\u00e0 responsable de cap conseq\u00fc\u00e8ncia, dany o perjudici que pogu\u00e9s derivar-se d&#8217;aquest acc\u00e9s o \u00fas de la informaci\u00f3. Andbank no garanteix que la informaci\u00f3, els textos, els gr\u00e0fics, els vincles o el contingut de tots els articles que hi ha a la web d&#8217;Andbank siguin exactes o complets.<\/p>\r\n\r\n\r\n\r\n<p>Andbank es reserva el dret de modificar, suspendre, cancel\u00b7lar o restringir el contingut de la web o els enlla\u00e7os, sense necessitat de preav\u00eds.<\/p>\r\n\r\n\r\n\r\n<p>Andbank no adquireix cap comprom\u00eds d&#8217;actualitzar la informaci\u00f3 continguda a la web d&#8217;Andbank, ni assumeix cap responsabilitat sobre els continguts i serveis comercials o d&#8217;altre tipus que ofereixin les altres webs amb les que es pugui enlla\u00e7ar electr\u00f2nicament de manera directa o indirecta des de la web d&#8217;Andbank.<\/p>\r\n\r\n\r\n\r\n<p>Andbank declina tota responsabilitat per l&#8217;acc\u00e9s de persones des de jurisdiccions on, pel motiu que sigui, estigui prohibida la publicaci\u00f3 o disposici\u00f3 de la web d&#8217;Andbank i, si escau, podr\u00e0 restringir-ne o refusar-ne l&#8217;acc\u00e9s.<\/p>\r\n\r\n\r\n\r\n<h2 class=\"wp-block-heading\">Emissi\u00f3 de Capital Contingent<\/h2>\r\n\r\n\r\n\r\n<p>Informaci\u00f3 rellevant per a tenidors:<\/p>\r\n\r\n\r\n\r\n<ul class=\"wp-block-list\">\r\n<li><a href=\"https:\/\/www.andbank.com\/wp-content\/uploads\/2017\/06\/01-tc-subordinated-debt-andbank-non-convertible_070416_1460042123_17_.pdf\" target=\"_blank\" rel=\"noopener noreferrer\">Fullet CoCos no convertibles<\/a><\/li>\r\n<li><a href=\"https:\/\/www.andbank.com\/wp-content\/uploads\/2024\/07\/Informacion_trimestral_Cocos_31-03-2024_CAT.pdf\" target=\"_blank\" rel=\"noreferrer noopener\">Informaci\u00f3 trimestral<\/a><\/li>\r\n<\/ul>\r\n","protected":false},"excerpt":{"rendered":"<p>La informaci\u00f3 continguda a la p\u00e0gina web d&#8217;Andbank t\u00e9 com a objectiu donar a con\u00e8ixer a les persones que hi accedeixen els nostres productes i serveis, aix\u00ed com establir canals informatius de comunicaci\u00f3 directa amb el p\u00fablic en general i amb els clients en particular per mitj\u00e0 del correu electr\u00f2nic. La documentaci\u00f3 i el disseny [&hellip;]<\/p>\n","protected":false},"author":18,"featured_media":1786,"parent":3206,"menu_order":208,"comment_status":"closed","ping_status":"closed","template":"template-info-detail.php","meta":{"footnotes":""},"yst_prominent_words":[272,2979,1831,269,8525,3051,270,3052],"class_list":["post-2232","page","type-page","status-publish","has-post-thumbnail","hentry"],"acf":[],"_links":{"self":[{"href":"https:\/\/pre.andbank.com\/ca\/wp-json\/wp\/v2\/pages\/2232"}],"collection":[{"href":"https:\/\/pre.andbank.com\/ca\/wp-json\/wp\/v2\/pages"}],"about":[{"href":"https:\/\/pre.andbank.com\/ca\/wp-json\/wp\/v2\/types\/page"}],"author":[{"embeddable":true,"href":"https:\/\/pre.andbank.com\/ca\/wp-json\/wp\/v2\/users\/18"}],"replies":[{"embeddable":true,"href":"https:\/\/pre.andbank.com\/ca\/wp-json\/wp\/v2\/comments?post=2232"}],"version-history":[{"count":16,"href":"https:\/\/pre.andbank.com\/ca\/wp-json\/wp\/v2\/pages\/2232\/revisions"}],"predecessor-version":[{"id":38743,"href":"https:\/\/pre.andbank.com\/ca\/wp-json\/wp\/v2\/pages\/2232\/revisions\/38743"}],"up":[{"embeddable":true,"href":"https:\/\/pre.andbank.com\/ca\/wp-json\/wp\/v2\/pages\/3206"}],"wp:featuredmedia":[{"embeddable":true,"href":"https:\/\/pre.andbank.com\/ca\/wp-json\/wp\/v2\/media\/1786"}],"wp:attachment":[{"href":"https:\/\/pre.andbank.com\/ca\/wp-json\/wp\/v2\/media?parent=2232"}],"wp:term":[{"taxonomy":"yst_prominent_words","embeddable":true,"href":"https:\/\/pre.andbank.com\/ca\/wp-json\/wp\/v2\/yst_prominent_words?post=2232"}],"curies":[{"name":"wp","href":"https:\/\/api.w.org\/{rel}","templated":true}]}}