{"id":2231,"date":"2017-04-19T09:56:44","date_gmt":"2017-04-19T07:56:44","guid":{"rendered":"https:\/\/www.andbank.com\/compliment-normatiu-2\/"},"modified":"2022-07-14T19:01:43","modified_gmt":"2022-07-14T17:01:43","slug":"compliment-normatiu","status":"publish","type":"page","link":"https:\/\/pre.andbank.com\/ca\/avis-legal\/compliment-normatiu\/","title":{"rendered":"Compliment normatiu"},"content":{"rendered":"<h2>Prevenci\u00f3 del blanqueig de capitals i lluita contra el terrorisme<\/h2>\n<p>Declaraci\u00f3 general sobre les pol\u00edtiques de prevenci\u00f3 de blanqueig de capitals en el grup Andbank<\/p>\n<ul>\n<li><a href=\"https:\/\/www.andbank.com\/wp-content\/uploads\/2022\/01\/Declaracion_AML_Andbank_CA.pdf\" target=\"_blank\" rel=\"noopener noreferrer\">Accediu al pdf<\/a><\/li>\n<\/ul>\n<p>&nbsp;<\/p>\n<h2>MiFID<\/h2>\n<p>La normativa MiFID regula les condicions d&#8217;autoritzaci\u00f3 i funcionament de les Empreses de Serveis d&#8217;Inversi\u00f3, determina quines s\u00f3n les condicions d&#8217;autoritzaci\u00f3 i funcionament dels mercats regulats i nous centres de negociaci\u00f3, descriu quines s\u00f3n les normes de conducta i protecci\u00f3 de l&#8217;inversor que han de seguir les Empreses de serveis d&#8217;inversi\u00f3 i estableix els nous requeriments d&#8217;organitzaci\u00f3 i conducta per als participants en el mercat, amb l&#8217;objectiu de millorar la protecci\u00f3 de l&#8217;inversor.<\/p>\n<p>Aix\u00ed mateix, el Reglament MiFIR regula la transpar\u00e8ncia en la prenegociaci\u00f3 i la postnegociaci\u00f3 envers les autoritats competents i els inversors, estableix una s\u00e8rie de requisits i obligacions sobre la informaci\u00f3 que s&#8217;ha d&#8217;enviar als mercats\/reguladors, determina l&#8217;obligaci\u00f3 de negociar en centres de negociaci\u00f3 determinats productes que abans es negociaven fora dels mercats i desenvolupa, per a tot aix\u00f2, determinades accions supervisores.<\/p>\n<p>En aquest sentit, el Grup Andbank compleix plenament els requeriments establerts en aquest marc normatiu d&#8217;acord amb les disposicions locals de les jurisdiccions on presta serveis d&#8217;inversi\u00f3.<\/p>\n<p>&nbsp;<\/p>\n<h2>CRS<\/h2>\n<p>Common Reporting Standards (CRS) \u00e9s un sistema d\u2019intercanvi autom\u00e0tic d\u2019informaci\u00f3 tribut\u00e0ria entre pa\u00efsos que permet a les administracions tribut\u00e0ries dels pa\u00efsos que hi estiguin adherits d\u2019obtenir anualment informaci\u00f3 fiscal relativa a les inversions o posicions que els seus residents fiscals tenen en institucions financeres situades a l\u2019estranger (fora del pa\u00eds on s\u00f3n residents fiscals).<br \/>\nEn aquest sentit, el passat 1 de gener de 2017 va entrar en vigor al Principat d\u2019Andorra la Llei\u00a019\/2016, del 30 de novembre, d\u2019intercanvi autom\u00e0tic d\u2019informaci\u00f3 en mat\u00e8ria fiscal (en endavant, Llei d\u2019intercanvi autom\u00e0tic).<\/p>\n<p>La Llei d\u2019intercanvi autom\u00e0tic implementa al Principat d\u2019Andorra l\u2019est\u00e0ndard com\u00fa de l\u2019OCDE (Common Reporting Standards) de les normes de comunicaci\u00f3 i dilig\u00e8ncia deguda, relativa a la informaci\u00f3 sobre comptes financers, amb la intenci\u00f3 de millorar el compliment fiscal internacional sobre la base de l\u2019intercanvi autom\u00e0tic rec\u00edproc.<\/p>\n<p>Mitjan\u00e7ant la Llei es regula l\u2019intercanvi autom\u00e0tic d\u2019informaci\u00f3 sobre comptes financers entre el Principat d\u2019Andorra i altres estats segons el que disposin els acords o convenis internacionals respectius que siguin aplicables, posicionant el Principat d\u2019Andorra en els estendards m\u00e9s elevats quant a transpar\u00e8ncia en mat\u00e8ria d\u2019intercanvi d\u2019informaci\u00f3 amb altres pa\u00efsos de l\u2019OCDE.<\/p>\n<ul>\n<li><a href=\"https:\/\/www.andbank.com\/andorra\/ca\/particulars\/andbank-us-informa\/\" target=\"_blank\" rel=\"noopener noreferrer\">M\u00e9s informaci\u00f3 sobre el CRS<\/a><\/li>\n<\/ul>\n","protected":false},"excerpt":{"rendered":"<p>Prevenci\u00f3 del blanqueig de capitals i lluita contra el terrorisme Declaraci\u00f3 general sobre les pol\u00edtiques de prevenci\u00f3 de blanqueig de capitals en el grup Andbank Accediu al pdf &nbsp; MiFID La normativa MiFID regula les condicions d&#8217;autoritzaci\u00f3 i funcionament de les Empreses de Serveis d&#8217;Inversi\u00f3, determina quines s\u00f3n les condicions d&#8217;autoritzaci\u00f3 i funcionament dels mercats [&hellip;]<\/p>\n","protected":false},"author":18,"featured_media":1786,"parent":3206,"menu_order":195,"comment_status":"closed","ping_status":"closed","template":"template-info-detail.php","meta":{"footnotes":""},"yst_prominent_words":[764,974,763,7771,3218,3218,7748,7745,7750,973,761,7770,7746,810,3100,1155,3064,762,7772,3222,7769,3061,3058],"class_list":["post-2231","page","type-page","status-publish","has-post-thumbnail","hentry"],"acf":[],"_links":{"self":[{"href":"https:\/\/pre.andbank.com\/ca\/wp-json\/wp\/v2\/pages\/2231"}],"collection":[{"href":"https:\/\/pre.andbank.com\/ca\/wp-json\/wp\/v2\/pages"}],"about":[{"href":"https:\/\/pre.andbank.com\/ca\/wp-json\/wp\/v2\/types\/page"}],"author":[{"embeddable":true,"href":"https:\/\/pre.andbank.com\/ca\/wp-json\/wp\/v2\/users\/18"}],"replies":[{"embeddable":true,"href":"https:\/\/pre.andbank.com\/ca\/wp-json\/wp\/v2\/comments?post=2231"}],"version-history":[{"count":3,"href":"https:\/\/pre.andbank.com\/ca\/wp-json\/wp\/v2\/pages\/2231\/revisions"}],"predecessor-version":[{"id":36539,"href":"https:\/\/pre.andbank.com\/ca\/wp-json\/wp\/v2\/pages\/2231\/revisions\/36539"}],"up":[{"embeddable":true,"href":"https:\/\/pre.andbank.com\/ca\/wp-json\/wp\/v2\/pages\/3206"}],"wp:featuredmedia":[{"embeddable":true,"href":"https:\/\/pre.andbank.com\/ca\/wp-json\/wp\/v2\/media\/1786"}],"wp:attachment":[{"href":"https:\/\/pre.andbank.com\/ca\/wp-json\/wp\/v2\/media?parent=2231"}],"wp:term":[{"taxonomy":"yst_prominent_words","embeddable":true,"href":"https:\/\/pre.andbank.com\/ca\/wp-json\/wp\/v2\/yst_prominent_words?post=2231"}],"curies":[{"name":"wp","href":"https:\/\/api.w.org\/{rel}","templated":true}]}}