{"id":2227,"date":"2017-04-18T18:46:52","date_gmt":"2017-04-18T16:46:52","guid":{"rendered":"https:\/\/www.andbank.com\/sobre-nosaltres\/responsabilitat-social\/"},"modified":"2019-09-12T14:05:40","modified_gmt":"2019-09-12T12:05:40","slug":"responsabilitat-social","status":"publish","type":"page","link":"https:\/\/pre.andbank.com\/ca\/sobre-nosaltres\/responsabilitat-social\/","title":{"rendered":"Responsabilitat social corporativa"},"content":{"rendered":"","protected":false},"excerpt":{"rendered":"<p>Andbank \u00e9s una entitat compromesa amb les persones i els valors socials. Al llarg de m\u00e9s de 85 anys d&#8217;hist\u00f2ria hem fomentat un esperit corporatiu solidari i ens hem implicat en les causes socials del nostre entorn.<\/p>\n","protected":false},"author":1,"featured_media":1600,"parent":2215,"menu_order":216,"comment_status":"closed","ping_status":"closed","template":"template-detail.php","meta":{"footnotes":""},"yst_prominent_words":[],"class_list":["post-2227","page","type-page","status-publish","has-post-thumbnail","hentry"],"acf":[],"_links":{"self":[{"href":"https:\/\/pre.andbank.com\/ca\/wp-json\/wp\/v2\/pages\/2227"}],"collection":[{"href":"https:\/\/pre.andbank.com\/ca\/wp-json\/wp\/v2\/pages"}],"about":[{"href":"https:\/\/pre.andbank.com\/ca\/wp-json\/wp\/v2\/types\/page"}],"author":[{"embeddable":true,"href":"https:\/\/pre.andbank.com\/ca\/wp-json\/wp\/v2\/users\/1"}],"replies":[{"embeddable":true,"href":"https:\/\/pre.andbank.com\/ca\/wp-json\/wp\/v2\/comments?post=2227"}],"version-history":[{"count":0,"href":"https:\/\/pre.andbank.com\/ca\/wp-json\/wp\/v2\/pages\/2227\/revisions"}],"up":[{"embeddable":true,"href":"https:\/\/pre.andbank.com\/ca\/wp-json\/wp\/v2\/pages\/2215"}],"wp:featuredmedia":[{"embeddable":true,"href":"https:\/\/pre.andbank.com\/ca\/wp-json\/wp\/v2\/media\/1600"}],"wp:attachment":[{"href":"https:\/\/pre.andbank.com\/ca\/wp-json\/wp\/v2\/media?parent=2227"}],"wp:term":[{"taxonomy":"yst_prominent_words","embeddable":true,"href":"https:\/\/pre.andbank.com\/ca\/wp-json\/wp\/v2\/yst_prominent_words?post=2227"}],"curies":[{"name":"wp","href":"https:\/\/api.w.org\/{rel}","templated":true}]}}