{"id":2222,"date":"2017-04-18T16:37:03","date_gmt":"2017-04-18T14:37:03","guid":{"rendered":"https:\/\/www.andbank.com\/asset-management\/sobre-nosaltres\/"},"modified":"2019-04-09T12:10:30","modified_gmt":"2019-04-09T10:10:30","slug":"sobre-nosaltres","status":"publish","type":"page","link":"https:\/\/pre.andbank.com\/ca\/asset-management\/sobre-nosaltres\/","title":{"rendered":"Sobre nosaltres"},"content":{"rendered":"<p>Des de l&#8217;inici hem estat compromesos amb els objectius d&#8217;inversi\u00f3 dels nostres clients, per als quals hem gestionat el seu patrimoni amb professionalitat i rigor.<\/p>\n<p>La responsabilitat que ens atorguen els inversors en la gesti\u00f3 del seu patrimoni \u00e9s el principi b\u00e0sic que guia les nostres decisions d&#8217;inversi\u00f3 en tot moment; orientem les carteres per preservar el capital dels clients i calibrem les oportunitats d&#8217;inversi\u00f3 per extreure el m\u00e0xim potencial de la inversi\u00f3 amb el m\u00ednim risc possible.<\/p>\n<p>Tenim experts en inversions presents arreu del m\u00f3n, de manera que podem proporcionar una visi\u00f3 global dels mercats i oferir una \u00e0mplia gamma d&#8217;estrat\u00e8gies d&#8217;inversi\u00f3.<\/p>\n","protected":false},"excerpt":{"rendered":"<p>Andbank Asset Management \u00e9s una societat gestora de fons d&#8217;inversi\u00f3 compromesa amb el servei de persones, empreses i institucions.<\/p>\n","protected":false},"author":1,"featured_media":3848,"parent":2213,"menu_order":183,"comment_status":"closed","ping_status":"closed","template":"template-detail.php","meta":{"footnotes":""},"yst_prominent_words":[3745,3883],"class_list":["post-2222","page","type-page","status-publish","has-post-thumbnail","hentry"],"acf":[],"_links":{"self":[{"href":"https:\/\/pre.andbank.com\/ca\/wp-json\/wp\/v2\/pages\/2222"}],"collection":[{"href":"https:\/\/pre.andbank.com\/ca\/wp-json\/wp\/v2\/pages"}],"about":[{"href":"https:\/\/pre.andbank.com\/ca\/wp-json\/wp\/v2\/types\/page"}],"author":[{"embeddable":true,"href":"https:\/\/pre.andbank.com\/ca\/wp-json\/wp\/v2\/users\/1"}],"replies":[{"embeddable":true,"href":"https:\/\/pre.andbank.com\/ca\/wp-json\/wp\/v2\/comments?post=2222"}],"version-history":[{"count":0,"href":"https:\/\/pre.andbank.com\/ca\/wp-json\/wp\/v2\/pages\/2222\/revisions"}],"up":[{"embeddable":true,"href":"https:\/\/pre.andbank.com\/ca\/wp-json\/wp\/v2\/pages\/2213"}],"wp:featuredmedia":[{"embeddable":true,"href":"https:\/\/pre.andbank.com\/ca\/wp-json\/wp\/v2\/media\/3848"}],"wp:attachment":[{"href":"https:\/\/pre.andbank.com\/ca\/wp-json\/wp\/v2\/media?parent=2222"}],"wp:term":[{"taxonomy":"yst_prominent_words","embeddable":true,"href":"https:\/\/pre.andbank.com\/ca\/wp-json\/wp\/v2\/yst_prominent_words?post=2222"}],"curies":[{"name":"wp","href":"https:\/\/api.w.org\/{rel}","templated":true}]}}