{"id":2219,"date":"2017-04-11T13:01:52","date_gmt":"2017-04-11T11:01:52","guid":{"rendered":"https:\/\/www.andbank.com\/banca-privada\/els-nostres-serveis\/instruments-dinversio\/"},"modified":"2021-08-19T12:56:51","modified_gmt":"2021-08-19T10:56:51","slug":"instruments-dinversio","status":"publish","type":"page","link":"https:\/\/pre.andbank.com\/ca\/banca-privada\/els-nostres-serveis\/instruments-dinversio\/","title":{"rendered":"Instruments d&#8217;inversi\u00f3"},"content":{"rendered":"<p>A Andbank oferim als nostres clients instruments d&#8217;inversi\u00f3 que s&#8217;adapten a les necessitats, mitjan\u00e7ant un model d&#8217;arquitectura oberta. L&#8217;assessorament financer independent \u00e9s una pe\u00e7a fonamental del nostre servei. Ens adaptem a les necessitats, prefer\u00e8ncies i estructura patrimonial dels clients, i proposem les millors recomanacions sense conflicte d&#8217;inter\u00e8s. Tenim per objectiu oferir al client un servei integral, global i flexible.<\/p>\n<p>&nbsp;<\/p>\n<h2>Fons d&#8217;inversi\u00f3<\/h2>\n<p>Andbank disposa d&#8217;un equip especialitzat en inversi\u00f3, que s&#8217;encarrega de seleccionar els millors fons per a cada client a nivell global. Oferim una \u00e0mplia gamma de fons d&#8217;inversi\u00f3, tant propis \u2014per mitj\u00e0 de la gestora Andbank Asset Management\u2014 com de les gestores internacionals m\u00e9s importants.<\/p>\n<p><a href=\"https:\/\/www.andbank.com\/ca\/asset-management\/\" target=\"_blank\" rel=\"noopener\">Aqu\u00ed podeu con\u00e8ixer els nostres fons<\/a><\/p>\n<p>&nbsp;<\/p>\n<h2>SICAV<\/h2>\n<p>Les SICAV s\u00f3n instruments que permeten invertir en actius financers mitjan\u00e7ant una societat d&#8217;inversi\u00f3 col\u00b7lectiva de capital variable. A Andbank gestionem m\u00e9s de 70 SICAV.<\/p>\n<p><a href=\"https:\/\/www.andbank.com\/ca\/asset-management\/\" target=\"_blank\" rel=\"noopener\">Aqu\u00ed podeu con\u00e8ixer les nostres SICAV\u00a0<\/a><\/p>\n<p>&nbsp;<\/p>\n<h2>Coinversi\u00f3 en operacions exclusives\u00a0<strong><br \/>\n<\/strong><\/h2>\n<p>Andbank ofereix als seus clients la possibilitat de coinvertir en operacions exclusives. Aquesta pr\u00e0ctica permet als inversors compartir riscos i unir recursos a l&#8217;hora d&#8217;adquirir societats de major grand\u00e0ria. Reunim inversors provinents de diversos entorns: particulars, professionals, negocis familiars o empreses de capital privat<\/p>\n","protected":false},"excerpt":{"rendered":"<p>Som un banc de fam\u00edlies, fet que no nom\u00e9s ens aporta un avantatge competitiu clau sin\u00f3 que tamb\u00e9 fa pal\u00e8s que compartim interessos amb els nostres clients.<\/p>\n","protected":false},"author":1,"featured_media":3744,"parent":2209,"menu_order":166,"comment_status":"closed","ping_status":"closed","template":"template-detail.php","meta":{"footnotes":""},"yst_prominent_words":[4338,2979,8358,3789,269,3800,3790,4217,270,8350,8355],"class_list":["post-2219","page","type-page","status-publish","has-post-thumbnail","hentry"],"acf":[],"_links":{"self":[{"href":"https:\/\/pre.andbank.com\/ca\/wp-json\/wp\/v2\/pages\/2219"}],"collection":[{"href":"https:\/\/pre.andbank.com\/ca\/wp-json\/wp\/v2\/pages"}],"about":[{"href":"https:\/\/pre.andbank.com\/ca\/wp-json\/wp\/v2\/types\/page"}],"author":[{"embeddable":true,"href":"https:\/\/pre.andbank.com\/ca\/wp-json\/wp\/v2\/users\/1"}],"replies":[{"embeddable":true,"href":"https:\/\/pre.andbank.com\/ca\/wp-json\/wp\/v2\/comments?post=2219"}],"version-history":[{"count":0,"href":"https:\/\/pre.andbank.com\/ca\/wp-json\/wp\/v2\/pages\/2219\/revisions"}],"up":[{"embeddable":true,"href":"https:\/\/pre.andbank.com\/ca\/wp-json\/wp\/v2\/pages\/2209"}],"wp:featuredmedia":[{"embeddable":true,"href":"https:\/\/pre.andbank.com\/ca\/wp-json\/wp\/v2\/media\/3744"}],"wp:attachment":[{"href":"https:\/\/pre.andbank.com\/ca\/wp-json\/wp\/v2\/media?parent=2219"}],"wp:term":[{"taxonomy":"yst_prominent_words","embeddable":true,"href":"https:\/\/pre.andbank.com\/ca\/wp-json\/wp\/v2\/yst_prominent_words?post=2219"}],"curies":[{"name":"wp","href":"https:\/\/api.w.org\/{rel}","templated":true}]}}