{"id":7225,"date":"2019-10-25T23:32:47","date_gmt":"2019-10-25T18:32:47","guid":{"rendered":"https:\/\/www.andbank.com\/brasil\/?page_id=7225"},"modified":"2019-10-25T23:32:47","modified_gmt":"2019-10-25T18:32:47","slug":"sistema-informacao-credito","status":"publish","type":"page","link":"https:\/\/pre.andbank.com\/brasil\/sistema-informacao-credito\/","title":{"rendered":"Sistema de Informa\u00e7\u00e3o de Cr\u00e9dito"},"content":{"rendered":"<h1>SCR &#8211; Sistema de Informa\u00e7\u00e3o de Cr\u00e9dito<\/h1>\n<p>&nbsp;<\/p>\n<p>O Sistema de Informa\u00e7\u00f5es de Cr\u00e9dito (SCR) \u00e9 um instrumento que vem sendo utilizado e aperfei\u00e7oado desde 1997 pelo Banco Central do Brasil (BACEN), criado pelo Sistema Monet\u00e1rio Nacional (SFN) e administrado pelo BACEN para acompanhar as carteiras de cr\u00e9dito das institui\u00e7\u00f5es financeiras.<\/p>\n<p>&nbsp;<\/p>\n<p>O SCR, que substituiu a Central de Risco de Cr\u00e9dito, tem dois objetivos principais:<\/p>\n<p>&nbsp;<\/p>\n<ul>\n<li>refor\u00e7ar os mecanismos de supervis\u00e3o banc\u00e1ria, para aumentar a efic\u00e1cia de avalia\u00e7\u00e3o de riscos; e<\/li>\n<li>auxiliar a gest\u00e3o das carteiras de cr\u00e9dito com impactos positivos na diminui\u00e7\u00e3o dos \u00edndices de inadimpl\u00eancia.<\/li>\n<\/ul>\n<p>&nbsp;<\/p>\n<p>O acesso \u00e0s informa\u00e7\u00f5es contidas no SCR pode ser feito pelas institui\u00e7\u00f5es financeiras participantes do sistema, pelos tomadores de empr\u00e9stimos e financiamentos e pelas \u00e1reas especializadas do BACEN. Para as institui\u00e7\u00f5es financeiras, \u00e9 necess\u00e1ria a autoriza\u00e7\u00e3o expressa dos clientes.<\/p>\n<p>&nbsp;<\/p>\n<p>\u00c9 importante que nossos clientes saibam:<\/p>\n<p>&nbsp;<\/p>\n<ul>\n<li>Os integrantes do SFN devem obter autoriza\u00e7\u00e3o pr\u00e9via do cliente\/proponente para acessar as suas informa\u00e7\u00f5es no SCR.<\/li>\n<li>As informa\u00e7\u00f5es apresentadas no SCR referem-se ao saldo cont\u00e1bil das opera\u00e7\u00f5es de cr\u00e9dito no \u00faltimo dia de cada m\u00eas.<\/li>\n<li>Eventuais solicita\u00e7\u00f5es de corre\u00e7\u00f5es, exclus\u00f5es, manifesta\u00e7\u00f5es de discord\u00e2ncia e registro de medidas judiciais quanto \u00e0s informa\u00e7\u00f5es constantes do SCR dever\u00e3o ser dirigidas ao integrante do SFN que encaminhou a opera\u00e7\u00e3o ao SCR, por meio de requerimento escrito e fundamentado e, quando for o caso, acompanhado da decis\u00e3o judicial.<\/li>\n<\/ul>\n<p>&nbsp;<\/p>\n<p>Os bancos s\u00e3o respons\u00e1veis pelo encaminhamento sistem\u00e1tico de dados sobre as opera\u00e7\u00f5es de cr\u00e9dito. Caso voc\u00ea necessite de esclarecimentos ou corre\u00e7\u00e3o de transa\u00e7\u00e3o informada pelo banco, fale conosco pela nossa central de atendimento (<a href=\"https:\/\/www.andbank.com\/brasil\/contato\/\">https:\/\/www.andbank.com\/brasil\/contato\/<\/a>).<\/p>\n<p>&nbsp;<\/p>\n<p>Esclarecimentos adicionais ou consulta \u00e0s informa\u00e7\u00f5es em seu nome no SCR, poder\u00e3o ser obtidos no BACEN, em uma de suas unidades, na central de atendimento ao p\u00fablico ou no pelo <a href=\"http:\/\/site\u00a0www.bcb.gov.br\/estabilidadefinanceira\/scr\">site\u00a0www.bcb.gov.br\/estabilidadefinanceira\/scr<\/a>.<\/p>\n<p>&nbsp;<\/p>\n<p>&nbsp;<\/p>\n","protected":false},"excerpt":{"rendered":"<p>SCR &#8211; Sistema de Informa\u00e7\u00e3o de Cr\u00e9dito &nbsp; O Sistema de Informa\u00e7\u00f5es de Cr\u00e9dito (SCR) \u00e9 um instrumento que vem sendo utilizado e aperfei\u00e7oado desde 1997 pelo Banco Central do Brasil (BACEN), criado pelo Sistema Monet\u00e1rio Nacional (SFN) e administrado pelo BACEN para acompanhar as carteiras de cr\u00e9dito das institui\u00e7\u00f5es financeiras. &nbsp; O SCR, que [&hellip;]<\/p>\n","protected":false},"author":14,"featured_media":7226,"parent":0,"menu_order":0,"comment_status":"closed","ping_status":"closed","template":"","meta":{"footnotes":""},"yst_prominent_words":[163,64,260,2338,2333,2235,2335,342,418,63,2336,339,264,295,294,2334,684,293,2340,2339],"class_list":["post-7225","page","type-page","status-publish","has-post-thumbnail","hentry"],"acf":[],"_links":{"self":[{"href":"https:\/\/pre.andbank.com\/brasil\/wp-json\/wp\/v2\/pages\/7225"}],"collection":[{"href":"https:\/\/pre.andbank.com\/brasil\/wp-json\/wp\/v2\/pages"}],"about":[{"href":"https:\/\/pre.andbank.com\/brasil\/wp-json\/wp\/v2\/types\/page"}],"author":[{"embeddable":true,"href":"https:\/\/pre.andbank.com\/brasil\/wp-json\/wp\/v2\/users\/14"}],"replies":[{"embeddable":true,"href":"https:\/\/pre.andbank.com\/brasil\/wp-json\/wp\/v2\/comments?post=7225"}],"version-history":[{"count":0,"href":"https:\/\/pre.andbank.com\/brasil\/wp-json\/wp\/v2\/pages\/7225\/revisions"}],"wp:featuredmedia":[{"embeddable":true,"href":"https:\/\/pre.andbank.com\/brasil\/wp-json\/wp\/v2\/media\/7226"}],"wp:attachment":[{"href":"https:\/\/pre.andbank.com\/brasil\/wp-json\/wp\/v2\/media?parent=7225"}],"wp:term":[{"taxonomy":"yst_prominent_words","embeddable":true,"href":"https:\/\/pre.andbank.com\/brasil\/wp-json\/wp\/v2\/yst_prominent_words?post=7225"}],"curies":[{"name":"wp","href":"https:\/\/api.w.org\/{rel}","templated":true}]}}