{"id":719,"date":"2017-04-21T11:10:44","date_gmt":"2017-04-21T09:10:44","guid":{"rendered":"https:\/\/www.andbank.com\/brasil\/?page_id=719\/"},"modified":"2021-06-07T23:08:22","modified_gmt":"2021-06-07T18:08:22","slug":"politica-privacidade-e-cookies","status":"publish","type":"page","link":"https:\/\/pre.andbank.com\/brasil\/politica-privacidade-e-cookies\/","title":{"rendered":"Pol\u00edtica de Privacidade e Cookies"},"content":{"rendered":"<h1><strong>Pol\u00edtica de Privacidade e Cookies<\/strong><\/h1>\n<p>O Banco Andbank Brasil S.A., na fun\u00e7\u00e3o de controlador dos seus dados pessoais, respons\u00e1vel por zelar pela seguran\u00e7a, respeito a finalidade e transpar\u00eancia de suas informa\u00e7\u00f5es, elaborou essa Pol\u00edtica como meio de prestar as devidas informa\u00e7\u00f5es a respeito da Lei Geral de Prote\u00e7\u00e3o de Dados (\u201cLGPD\u201d).<\/p>\n<h2><strong>Pol\u00edtica de Privacidade<\/strong><\/h2>\n<p>A presente Pol\u00edtica de Privacidade do Banco Andbank Brasil (\u201cAndbank\u201d) tem por escopo garantir e proteger a privacidade das informa\u00e7\u00f5es dos nossos clientes, bem como zelar pela transpar\u00eancia no tratamento de dados e respeito para com as regras de privacidade e de prote\u00e7\u00e3o de dados pessoais.<\/p>\n<p>O preenchimento de formul\u00e1rios e fornecimento de dados direta ou indiretamente, implicam o conhecimento das condi\u00e7\u00f5es desta Pol\u00edtica, e de quaisquer outros termos, pol\u00edticas e condi\u00e7\u00f5es espec\u00edficas referentes aos servi\u00e7os prestados.<\/p>\n<h3><strong>Dados Pessoais que coletamos<\/strong><\/h3>\n<p>Para prestar nossos servi\u00e7os e oferecer a melhor experi\u00eancia aos nossos clientes, coletamos dados e informa\u00e7\u00f5es necess\u00e1rias ao atingimento da finalidade pretendida e acordada, sendo certo que os dados coletados variam de acordo com o tipo de servi\u00e7o contratado ou de cadastrado realizado em nossos canais. S\u00e3o exemplos de informa\u00e7\u00f5es coletadas:<\/p>\n<ol>\n<li>Dados de identifica\u00e7\u00e3o: Nome, sobrenome, data de nascimento, e-mail, n\u00famero de telefone, n\u00famero de ag\u00eancia e conta, endere\u00e7o, Cadastro de Pessoa F\u00edsica, Registro Geral, dentre outros.<\/li>\n<li>Dados de perfil: Interesses, prefer\u00eancias, coment\u00e1rios e respostas a pesquisas, estado civil, g\u00eanero, cargo ou fun\u00e7\u00e3o, nome de usu\u00e1rio, nacionalidade;<\/li>\n<li>Dados sens\u00edveis: opini\u00e3o pol\u00edtica, filia\u00e7\u00e3o a sindicato ou a organiza\u00e7\u00e3o de car\u00e1ter religioso, filos\u00f3fico ou pol\u00edtico, como dados de pessoas politicamente expostas.<\/li>\n<\/ol>\n<h3><strong>Como coletamos seus dados<\/strong><\/h3>\n<p>Para que o Andbank possa prestar os seus servi\u00e7os e oferecer os seus produtos, \u00e9 necess\u00e1rio que sejam coletadas informa\u00e7\u00f5es dos usu\u00e1rios e clientes. Assim, os dados podem ser coletados nas seguintes situa\u00e7\u00f5es:<\/p>\n<ol>\n<li><strong>Dados pessoais fornecidos diretamente por voc\u00ea<\/strong>: O Andbank coletar\u00e1 todos os dados pessoais inseridos ou encaminhados ativamente pelo usu\u00e1rio ao se cadastrar em nosso site ou aplicativo, ou na contrata\u00e7\u00e3o de determinado produto ou servi\u00e7o do Andbank.<\/li>\n<li><strong>Dados pessoais fornecidos<\/strong> <strong>por terceiros<\/strong>: Em algumas situa\u00e7\u00f5es, podemos receber dados pessoais atrav\u00e9s de Agentes, parceiros e prestadores de servi\u00e7os, para que seja poss\u00edvel a presta\u00e7\u00e3o dos servi\u00e7os oferecidos.<\/li>\n<li><strong>Dados coletados <\/strong><strong>automaticamente:<\/strong> Coletamos informa\u00e7\u00f5es de modo autom\u00e1tico, como: caracter\u00edsticas do dispositivo de acesso, do navegador, IP (com data e hora), origem do IP, informa\u00e7\u00f5es sobre cliques, p\u00e1ginas acessadas. Tal coleta \u00e9 realizada por meio do uso de algumas tecnologias padr\u00f5es, como os cookies de seu navegador.<\/li>\n<\/ol>\n<h3><strong>Compartilhamento de dados <\/strong><\/h3>\n<p>Em algumas situa\u00e7\u00f5es, para a operacionaliza\u00e7\u00e3o de produtos e servi\u00e7os oferecidos pelo Andbank, ser\u00e1 necess\u00e1rio o compartilhamento de dados pessoais. S\u00e3o hip\u00f3teses, n\u00e3o exaustivas, em que o compartilhamento poder\u00e1 ocorrer:<\/p>\n<ol>\n<li>Mediante ordem judicial ou pelo requerimento de autoridades administrativas que detenham compet\u00eancia legal para a sua requisi\u00e7\u00e3o<\/li>\n<li>Prestadores de servi\u00e7os ou terceiros contratados para a melhoria dos neg\u00f3cios e opera\u00e7\u00f5es, bem como para a prote\u00e7\u00e3o do cr\u00e9dito do Andbank, desde que devidamente aprovadas pelos processos de seguran\u00e7a do Andbank;<\/li>\n<li>Prestadores de servi\u00e7os ou terceiros para finalidades exigidas por lei, como para o exerc\u00edcio regular de direitos em processo judicial, administrativo ou arbitral;<\/li>\n<li>\u00d3rg\u00e3os da administra\u00e7\u00e3o p\u00fablica para cumprimento de obriga\u00e7\u00e3o legal ou regulat\u00f3ria;<\/li>\n<li>No caso de transa\u00e7\u00f5es e altera\u00e7\u00f5es societ\u00e1rias envolvendo o Andbank, hip\u00f3tese em que a transfer\u00eancia dos dados ser\u00e1 necess\u00e1ria para a continuidade dos servi\u00e7os; ou<\/li>\n<\/ol>\n<h3><strong>Transfer\u00eancia internacional de dados<\/strong><\/h3>\n<p>A depender do servi\u00e7o solicitado ou bem adquirido por meio do Andbank Brasil, seus dados pessoais poder\u00e3o ser compartilhados com parceiros ou filiais do Andbank localizadas em Andorra, Espanha, Luxemburgo, Luxemburgo, M\u00f4naco, Estados Unidos, Israel, M\u00e9xico, Panam\u00e1 e Uruguai, al\u00e9m de outras filiais que possam surgir, de acordo com as leis vigentes de cada pa\u00eds. Asseguramos-lhe que todos os dados transferidos ou compartilhados est\u00e3o sob o respaldo de nossas salvaguardas, prote\u00e7\u00e3o e cuidados, sendo certo que na hip\u00f3tese de transfer\u00eancia internacional de dados pessoais, o Andbank se compromete a adotar garantias de prote\u00e7\u00e3o aos dados pessoais para tal compartilhamento.<\/p>\n<h3><strong>Tratamento e armazenamento de dados<\/strong><\/h3>\n<p>Os dados pessoais s\u00e3o tratados pelo Andbank para distintas finalidades. As principais hip\u00f3teses em trataremos as suas informa\u00e7\u00f5es est\u00e3o abaixo apresentadas:<\/p>\n<ul>\n<li><strong>Execu\u00e7\u00e3o de servi\u00e7os ou contratos<\/strong>: na presta\u00e7\u00e3o dos servi\u00e7os do Andbank, como o processamento de pagamentos, compensa\u00e7\u00e3o, estorno, contratos de garantia, execu\u00e7\u00e3o de ordem de servi\u00e7os, transa\u00e7\u00f5es financeiras, relacionamento e atendimento ao cliente.<\/li>\n<li><strong>Cumprimento de determina\u00e7\u00f5es legais ou regulat\u00f3rias<\/strong>: no atendimento \u00e0s regula\u00e7\u00f5es, instru\u00e7\u00f5es e normativas setoriais (BACEN, CVM, CMN), na condu\u00e7\u00e3o de processos como KYC (Know Your Client), no compartilhamento de informa\u00e7\u00f5es com os \u00f3rg\u00e3os reguladores.<\/li>\n<li><strong>Exerc\u00edcio regular dos direitos do Andbank<\/strong>: na condu\u00e7\u00e3o de processos de recebimento de reclama\u00e7\u00f5es, na elabora\u00e7\u00e3o de respostas a of\u00edcios enviados por autoridades governamentais, no armazenamento de informa\u00e7\u00f5es para defesa judicial ou administrativa.<\/li>\n<li><strong>Interesses leg\u00edtimos do Andbank:<\/strong> sempre no limite da expectativa do usu\u00e1rio e sem ferir os seus direitos fundamentais, como na an\u00e1lise de desempenho do site ou aplicativo, na medi\u00e7\u00e3o de acessos aos nossos canais, na melhoria da experi\u00eancia do usu\u00e1rio, na identifica\u00e7\u00e3o e avalia\u00e7\u00e3o de perfis, na condu\u00e7\u00e3o de processos de seguran\u00e7a.<\/li>\n<li><strong>Prote\u00e7\u00e3o ao cr\u00e9dito concedido pelo Andbank<\/strong>: na avalia\u00e7\u00e3o e gerenciamento de limites de cr\u00e9dito, e nas consultas ao score de cr\u00e9dito do cliente.<\/li>\n<li><strong>Nas atividades que visam a preven\u00e7\u00e3o \u00e0 fraude<\/strong>: na condu\u00e7\u00e3o de investiga\u00e7\u00f5es internas, investiga\u00e7\u00f5es para validar reportes de sinistros e nos processos de identifica\u00e7\u00e3o e autentica\u00e7\u00e3o para acesso \u00e0s plataformas do Andbank.<\/li>\n<li><strong>Marketing indireto de produtos<\/strong>, nas hip\u00f3teses em que o Andbank for devidamente autorizado para esse fim pelo titular dos dados.<\/li>\n<\/ul>\n<p>Os dados tratados pelo Banco ser\u00e3o eliminados quando n\u00e3o forem mais necess\u00e1rios para os fins para os quais foram coletados, ou quando o cliente e\/ou usu\u00e1rio solicitar a sua elimina\u00e7\u00e3o, exceto na hip\u00f3tese de necessidade de cumprimento de obriga\u00e7\u00e3o legal ou regulat\u00f3ria, transfer\u00eancia a terceiro \u2013 respeitados os requisitos de tratamento de dados \u2013 e uso exclusivo do Banco, inclusive para o exerc\u00edcio de seus direitos em processos judiciais ou administrativos.<\/p>\n<h3><strong>Direitos dos titulares<\/strong><\/h3>\n<p>Respeitamos e facilitamos o exerc\u00edcio de seus direitos como titular dos dados pessoais, desta forma informamos que a qualquer momento, mediante requisi\u00e7\u00e3o de forma gratuita e simplificada, voc\u00ea poder\u00e1 requerer as seguintes a\u00e7\u00f5es:<\/p>\n<ol>\n<li>Confirma\u00e7\u00e3o da exist\u00eancia do tratamento;<\/li>\n<li>Acesso aos dados;<\/li>\n<li>Corre\u00e7\u00e3o de dados incompletos, inexatos ou desatualizados;<\/li>\n<li>Anonimiza\u00e7\u00e3o, bloqueio ou elimina\u00e7\u00e3o de dados desnecess\u00e1rios, excessivos ou tratados em desconformidade com a lei;<\/li>\n<li>Portabilidade dos dados a outro fornecedor de servi\u00e7o ou produto mediante requisi\u00e7\u00e3o expressa pelo cliente e\/ou usu\u00e1rio;<\/li>\n<li>Elimina\u00e7\u00e3o dos dados tratados com consentimento do cliente e\/ou usu\u00e1rio;<\/li>\n<li>Obten\u00e7\u00e3o de informa\u00e7\u00f5es sobre as entidades p\u00fablicas ou privadas com as quais o Banco compartilha seus Dados Pessoais;<\/li>\n<li>Informa\u00e7\u00e3o sobre a possibilidade de o cliente e\/ou usu\u00e1rio n\u00e3o fornecer o consentimento, bem como ser informado sobre as consequ\u00eancias em caso de negativa;<\/li>\n<li>Revoga\u00e7\u00e3o do consentimento.<\/li>\n<\/ol>\n<p>Todas as requisi\u00e7\u00f5es ser\u00e3o gratuitas e submetidas a valida\u00e7\u00e3o de identidade do solicitante.\u00a0Para exercer os seus direitos de titular de dados pessoais descritos acima <em><a href=\"https:\/\/www.andbank.com\/brasil\/formulario-dados-pessoais\/\"><u>clique aqui<\/u><\/a>.<\/em><\/p>\n<h3><strong>Prote\u00e7\u00e3o de dados <\/strong><\/h3>\n<p>Asseguramos que as informa\u00e7\u00f5es pessoais que nos foram fornecidas est\u00e3o protegidas conforme os mais r\u00edgidos padr\u00f5es de seguran\u00e7a, em ambiente controlado, seguro e protegido de acessos n\u00e3o autorizados. Garantindo que suas informa\u00e7\u00f5es pessoais n\u00e3o ser\u00e3o acessadas, usadas ou expostas de forma n\u00e3o autorizada. Protegendo-as de situa\u00e7\u00f5es acidentais ou il\u00edcitas de destrui\u00e7\u00e3o, perda ou altera\u00e7\u00e3o inadequadas.<\/p>\n<p>Meios, salvaguardas e mecanismos de mitiga\u00e7\u00e3o de risco adotados:<\/p>\n<ul>\n<li>Criptografia de dados;<\/li>\n<li>Monitora\u00e7\u00e3o de rede e infraestrutura;<\/li>\n<li>Controle de acesso a dados, \u00e1reas, documentos e sistemas;<\/li>\n<li>Colaboradores treinados e conscientizados em Seguran\u00e7a das Informa\u00e7\u00f5es e Privacidade de dados.<\/li>\n<\/ul>\n<p>Embora o Andbank adote os melhores esfor\u00e7os para preservar privacidade e proteger os dados pessoais, nenhuma transmiss\u00e3o de informa\u00e7\u00f5es \u00e9 totalmente segura, estando sempre suscet\u00edveis a ocorr\u00eancia de falhas t\u00e9cnicas, v\u00edrus ou a\u00e7\u00f5es similares. Na remota hip\u00f3tese de incid\u00eancia de epis\u00f3dios desta natureza, o Andbank adotar\u00e1 todas as medidas cab\u00edveis para remediar as consequ\u00eancias do evento, sempre garantindo a devida transpar\u00eancia aos titulares dos dados.<\/p>\n<h2><strong>Pol\u00edtica de Cookies<\/strong><\/h2>\n<p>Os cookies s\u00e3o pequenos arquivos de informa\u00e7\u00f5es que permitem comparar e compreender como os usu\u00e1rios navegam atrav\u00e9s da nossa p\u00e1gina web e assim poder melhorar o processo de navega\u00e7\u00e3o. Os cookies que utilizamos n\u00e3o armazenam qualquer dado pessoal ou tipo de informa\u00e7\u00e3o que possa identific\u00e1-lo.<\/p>\n<p>Usamos cookies para facilitar a utiliza\u00e7\u00e3o da nossa p\u00e1gina web e otimizar a navega\u00e7\u00e3o, adaptando a informa\u00e7\u00e3o e os servi\u00e7os oferecidos aos seus interesses, para lhe proporcionar uma melhor experi\u00eancia sempre que nos visite. Nosso website utiliza cookies para operar, adaptar e facilitar ao m\u00e1ximo a navega\u00e7\u00e3o do usu\u00e1rio.<\/p>\n<p>Caso n\u00e3o queira que sejam instalados cookies, por favor configure seu navegador de internet para que os elimine do disco r\u00edgido de seu computador, bloqueie ou lhe avise no caso de instala\u00e7\u00e3o dos mesmos. A qualquer momento voc\u00ea poder\u00e1 acessar a configura\u00e7\u00e3o de seu navegador para modificar e\/ou bloquear a instala\u00e7\u00e3o dos cookies enviados pelo nosso website sem que isso impe\u00e7a o acesso ao conte\u00fado. N\u00e3o obstante qualidade do funcionamento dos servi\u00e7os pode ser afetada. Para prosseguir sem mudan\u00e7a de configura\u00e7\u00e3o dos cookies, simplesmente continue na p\u00e1gina web.<\/p>\n<h3><strong>Como a maioria dos websites na internet, nossa p\u00e1gina web utiliza cookies para:<\/strong><\/h3>\n<ul>\n<li>Assegurar que as p\u00e1ginas web possam funcionar corretamente.<\/li>\n<li>Armazenar suas prefer\u00eancias, como o idioma selecionado.<\/li>\n<li>Conhecer sua experi\u00eancia de navega\u00e7\u00e3o.<\/li>\n<li>Recopilar informa\u00e7\u00f5es estat\u00edsticas an\u00f4nimas, tais como p\u00e1ginas visitadas ou o tempo conectado a nossa rede.<\/li>\n<\/ul>\n<h3><strong>Por que s\u00e3o importantes?<\/strong><\/h3>\n<ul>\n<li>Do ponto de vista t\u00e9cnico, permitem que os websites funcionem de forma mais \u00e1gil e adaptada \u00e0s prefer\u00eancias dos usu\u00e1rios, como por exemplo armazenar o idioma, a moeda do pa\u00eds ou detectar o dispositivo de acesso.<\/li>\n<li>Estabelecem n\u00edveis de prote\u00e7\u00e3o e seguran\u00e7a para impedir ou dificultar os cyber-ataques contra o site ou seus usu\u00e1rios.<\/li>\n<li>Permitir que os gestores dos sistemas possam conhecer dados estat\u00edsticos recopilados nos cookies para melhorar a qualidade e experi\u00eancia dos seus servi\u00e7os.<\/li>\n<li>Servem para otimizar a publicidade que mostramos aos usu\u00e1rios, oferecendo a que mais se ajusta aos seus interesses.<\/li>\n<li>Para maiores informa\u00e7\u00f5es sobre os cookies e seu uso acesse\u00a0<a href=\"http:\/\/www.aboutcookies.org\/\">www.aboutcookies.org<\/a>.<\/li>\n<\/ul>\n<h3><strong>Cookies utilizados:<\/strong><\/h3>\n<p>Estes cookies s\u00e3o necess\u00e1rios para o correto funcionamento da p\u00e1gina web. Al\u00e9m disso, melhoram consideravelmente seu funcionamento e a experi\u00eancia na sua visita.<\/p>\n<h3><strong>Anal\u00edtica<\/strong><\/h3>\n<p>Google Analytics \u00e9 uma ferramenta gratuita de an\u00e1lise web da Google que permite aos propriet\u00e1rios de websites conhecer como interagem os usu\u00e1rios com seu website. Assim mesmo, habilita cookies no dom\u00ednio do website onde se encontra e utiliza um conjunto de cookies denominados \u201cutma\u201d e \u201cutmz\u201d para recopilar informa\u00e7\u00e3o de forma an\u00f4nima e elaborar relat\u00f3rios de tend\u00eancias de websites sem identificar usu\u00e1rios individuais (n\u00e3o obt\u00e9m dados dos nomes ou sobrenomes dos usu\u00e1rios nem endere\u00e7o postal do qual conectam).<\/p>\n<p>A informa\u00e7\u00e3o obtida est\u00e1 relacionada, por exemplo, com o n\u00famero de p\u00e1ginas visitadas, idioma, n\u00famero de usu\u00e1rios que nos visitam, a frequ\u00eancia e repeti\u00e7\u00e3o dessas visitas, dura\u00e7\u00e3o, navegador utilizado, etc. Esta informa\u00e7\u00e3o \u00e9 utilizada para melhorar nossa p\u00e1gina web, detectar novas necessidades e avaliar as melhorias a introduzir, com a finalidade de proporcionar um melhor servi\u00e7o aos usu\u00e1rios que nos visitam.<\/p>\n<p>Para conhecer essas outras utilidades, acesse o link:\u00a0<a href=\"http:\/\/www.google.com\/analytics\/\">http:\/\/www.google.com\/analytics\/<\/a><\/p>\n<p><strong><em>Ao visitar nossa p\u00e1gina web, aceita a instala\u00e7\u00e3o destes cookies no seu dispositivo.<\/em><\/strong><\/p>\n<h3><strong>Prefer\u00eancias<\/strong><\/h3>\n<p>Estes cookies nos permitem, por exemplo, saber se voc\u00ea visitou antes nosso website ou se indicou alguma prefer\u00eancia. A perda da informa\u00e7\u00e3o armazenada num cookie de prefer\u00eancia pode tornar menos funcional a experi\u00eancia do website, mas n\u00e3o deve afetar o seu funcionamento.<\/p>\n<p><strong><em>Ao visitar nossa p\u00e1gina web, voc\u00ea aceita a instala\u00e7\u00e3o destes cookies no seu dispositivo.<\/em><\/strong><\/p>\n<h3><strong>Processos<\/strong><\/h3>\n<p>Os cookies de processos permitem o funcionamento do website e fornecem servi\u00e7os esperados pelo usu\u00e1rio que acessa o website, tais como a navega\u00e7\u00e3o pela p\u00e1gina web ou o acesso a \u00e1reas seguras. Sem estes cookies o website pode n\u00e3o funcionar da forma adequada.<\/p>\n<p><em><strong>Ao visitar nossa p\u00e1gina web, voc\u00ea aceita a instala\u00e7\u00e3o destes cookies no seu dispositivo.<\/strong><\/em><\/p>\n<h3><strong>Navega\u00e7\u00e3o ou estado da sess\u00e3o<\/strong><\/h3>\n<p>Estes cookies coletam informa\u00e7\u00f5es da utiliza\u00e7\u00e3o que as visitas fazem da web, por exemplo, p\u00e1ginas visitadas, erros no carregamento da p\u00e1gina, etc. Guardam a informa\u00e7\u00e3o necess\u00e1ria durante a sess\u00e3o e as mudan\u00e7as relacionadas a ela, e tamb\u00e9m determinam se est\u00e1 ou n\u00e3o cadastrado na web.<\/p>\n<p>\u00c9 uma informa\u00e7\u00e3o gen\u00e9rica e an\u00f4nima, onde n\u00e3o se incluem dados pessoais nem se recopila informa\u00e7\u00e3o que identifique os visitantes, sendo o principal objetivo a melhoria do funcionamento da web.<\/p>\n<p><em><strong>Ao visitar nossa p\u00e1gina web, voc\u00ea aceita a instala\u00e7\u00e3o desses cookies no seu dispositivo.<\/strong><\/em><\/p>\n<h3><strong>Como gerenciar os cookies nos computadores<\/strong><\/h3>\n<p>Ao navegar e continuar o acesso ao nosso website, voc\u00ea estar\u00e1 dando consentimento aos cookies nas condi\u00e7\u00f5es contidas na presente Pol\u00edtica de Privacidade e Cookies.<\/p>\n<p>Para permitir, conhecer, bloquear ou eliminar os cookies instalados no seu equipamento voc\u00ea poder\u00e1 faz\u00ea-lo mediante a configura\u00e7\u00e3o das op\u00e7\u00f5es do navegador instalado no seu computador.<\/p>\n<p>Indicamos abaixo, os links dos principais navegadores e dispositivos para que disponha toda a informa\u00e7\u00e3o para gerenciar os cookies no seu navegador.<\/p>\n<p><strong>Internet Explorer&#x2122;:<\/strong><\/p>\n<ul>\n<li><a href=\"https:\/\/support.microsoft.com\/pt-br\/help\/17442\/windows-internet-explorer-delete-manage-cookies\">https:\/\/support.microsoft.com\/pt-br\/help\/17442\/windows-internet-explorer-delete-manage-cookies<\/a><\/li>\n<\/ul>\n<p><strong>Safari&#x2122;:<\/strong><\/p>\n<ul>\n<li><a href=\"https:\/\/support.apple.com\/kb\/PH21411?viewlocale=pt_BR&amp;locale=pt_BR\">https:\/\/support.apple.com\/kb\/PH21411?viewlocale=pt_BR&amp;locale=pt_BR<\/a><\/li>\n<\/ul>\n<p><strong>Google&#x2122;:<\/strong><\/p>\n<ul>\n<li><a href=\"https:\/\/www.google.com.br\/intl\/pt-BR\/policies\/technologies\/managing\/\">https:\/\/www.google.com.br\/intl\/pt-BR\/policies\/technologies\/managing\/<\/a><\/li>\n<\/ul>\n<p><strong>Firefox&#x2122;:<\/strong><\/p>\n<ul>\n<li><a href=\"http:\/\/br.mozdev.org\/firefox\/cookies\">http:\/\/br.mozdev.org\/firefox\/cookies<\/a><\/li>\n<\/ul>\n<p><strong>Opera&#x2122;:<\/strong><\/p>\n<ul>\n<li><a href=\"http:\/\/help.opera.com\/Windows\/9.23\/pt\/cookies.html\">http:\/\/help.opera.com\/Windows\/9.23\/pt\/cookies.html<\/a><\/li>\n<\/ul>\n<p><strong>Android&#x2122;:<\/strong><\/p>\n<ul>\n<li><a href=\"https:\/\/support.google.com\/android\/?hl=pt-BR#topic=7313011\">https:\/\/support.google.com\/android\/?hl=pt-BR#topic=7313011<\/a><\/li>\n<\/ul>\n<h3><strong>Em geral, como remover os cookies do seu navegador?<\/strong><\/h3>\n<ol>\n<li>No computador, abra o seu navegador;<\/li>\n<li>No canto superior direito, clique em Configura\u00e7\u00f5es;<\/li>\n<li>Em &#8220;Privacidade e seguran\u00e7a&#8221;, clique em\u00a0Cookies\u00a0e outros dados do\u00a0site;<\/li>\n<li>Clique em ver todos os\u00a0cookies\u00a0e dados do\u00a0site &#8211; Remover\u00a0tudo;<\/li>\n<li>Confirme clicando em Limpar.<\/li>\n<\/ol>\n<h2>Atualizamos nossa Pol\u00edtica de Cookies?<\/h2>\n<p>O Andbank se reserva o direito de atualizar, a qualquer tempo, a presente Pol\u00edtica de Privacidade e Cookies de nosso website; portanto, lhe recomendamos revisar esta pol\u00edtica toda vez que acessar com o prop\u00f3sito de estar adequadamente informado sobre como e para que utilizamos os dados pessoais e cookies.<\/p>\n<h3><strong> Disposi\u00e7\u00f5es Gerais<\/strong><\/h3>\n<p>Em caso de d\u00favidas ou para maiores informa\u00e7\u00f5es sobre o tratamento de dados pessoais pelo Andbank, encaminhe uma mensagem para o nosso Encarregado pelo tratamento de dados pessoais, por meio do endere\u00e7o <a href=\"mailto:privacidade.dados@andbank.com.br\">privacidade.dados@andbank.com.br<\/a><\/p>\n<p>Este documento foi elaborado com base na <strong>Lei Federal 13.709\/2018 &#8211;\u00a0Lei Geral de Prote\u00e7\u00e3o de Dados (\u201cLGPD\u201d)<\/strong>.<\/p>\n<p style=\"text-align: center\"><strong>Banco Andbank Brasil S.A<\/strong>.<\/p>\n<p style=\"text-align: center\">CNPJ n\u00ba 48.795.256\/0001-69,<\/p>\n<p style=\"text-align: center\">Endere\u00e7o: Av. Brigadeiro Faria Lima n\u00ba 2179, S\u00e3o Paulo\/SP<\/p>\n<p><strong>\u00a0<\/strong><\/p>\n","protected":false},"excerpt":{"rendered":"<p>Pol\u00edtica de Privacidade e Cookies O Banco Andbank Brasil S.A., na fun\u00e7\u00e3o de controlador dos seus dados pessoais, respons\u00e1vel por zelar pela seguran\u00e7a, respeito a finalidade e transpar\u00eancia de suas informa\u00e7\u00f5es, elaborou essa Pol\u00edtica como meio de prestar as devidas informa\u00e7\u00f5es a respeito da Lei Geral de Prote\u00e7\u00e3o de Dados (\u201cLGPD\u201d). Pol\u00edtica de Privacidade A [&hellip;]<\/p>\n","protected":false},"author":1,"featured_media":186,"parent":0,"menu_order":11,"comment_status":"closed","ping_status":"closed","template":"template-info-detail.php","meta":{"footnotes":""},"yst_prominent_words":[],"class_list":["post-719","page","type-page","status-publish","has-post-thumbnail","hentry"],"acf":[],"_links":{"self":[{"href":"https:\/\/pre.andbank.com\/brasil\/wp-json\/wp\/v2\/pages\/719"}],"collection":[{"href":"https:\/\/pre.andbank.com\/brasil\/wp-json\/wp\/v2\/pages"}],"about":[{"href":"https:\/\/pre.andbank.com\/brasil\/wp-json\/wp\/v2\/types\/page"}],"author":[{"embeddable":true,"href":"https:\/\/pre.andbank.com\/brasil\/wp-json\/wp\/v2\/users\/1"}],"replies":[{"embeddable":true,"href":"https:\/\/pre.andbank.com\/brasil\/wp-json\/wp\/v2\/comments?post=719"}],"version-history":[{"count":0,"href":"https:\/\/pre.andbank.com\/brasil\/wp-json\/wp\/v2\/pages\/719\/revisions"}],"wp:featuredmedia":[{"embeddable":true,"href":"https:\/\/pre.andbank.com\/brasil\/wp-json\/wp\/v2\/media\/186"}],"wp:attachment":[{"href":"https:\/\/pre.andbank.com\/brasil\/wp-json\/wp\/v2\/media?parent=719"}],"wp:term":[{"taxonomy":"yst_prominent_words","embeddable":true,"href":"https:\/\/pre.andbank.com\/brasil\/wp-json\/wp\/v2\/yst_prominent_words?post=719"}],"curies":[{"name":"wp","href":"https:\/\/api.w.org\/{rel}","templated":true}]}}