{"id":7051,"date":"2019-10-10T01:35:47","date_gmt":"2019-10-09T20:35:47","guid":{"rendered":"https:\/\/www.andbank.com\/brasil\/?page_id=7051"},"modified":"2019-10-10T17:46:13","modified_gmt":"2019-10-10T12:46:13","slug":"noticias-e-documentacoes","status":"publish","type":"page","link":"https:\/\/pre.andbank.com\/brasil\/noticias-e-documentacoes\/","title":{"rendered":"Not\u00edcias e Documenta\u00e7\u00f5es"},"content":{"rendered":"<h1>Plant\u00e3o de Not\u00edcias B3<\/h1>\n<p>&nbsp;<\/p>\n<p>A B3, a bolsa de valores oficial do Brasil &#8211; fruto da\u00a0fus\u00e3o da BM&amp;FBOVESPA (Bolsa de Valores, Mercadorias e Futuros de S\u00e3o Paulo) com a CETIP (Central de Cust\u00f3dia e de Liquida\u00e7\u00e3o Financeira de T\u00edtulos) -, disponibiliza em seu Plant\u00e3o de Not\u00edcias todas as publica\u00e7\u00f5es oficiais e fatos relevantes divulgados pelas companhias que negociam valores mobili\u00e1rios no pa\u00eds.<\/p>\n<p>&nbsp;<\/p>\n<p>Para acess\u00e1-lo, basta <a href=\"http:\/\/www2.bmfbovespa.com.br\/Agencia-Noticias\/ListarNoticias.aspx?Idioma=pt-br\">clicar aqui<\/a> ou digitar\u00a0<em>http:\/\/www2.bmfbovespa.com.br\/Agencia-Noticias\/ListarNoticias.aspx?Idioma=pt-br<\/em> em seu navegador de internet.<\/p>\n<p>&nbsp;<\/p>\n<p>Se permanecer com alguma d\u00favida ou precisar de ajuda para acessar os dados no Plant\u00e3o de Not\u00edcias da B3, consulte seu assessor de investimento ou agente aut\u00f4nomo.<\/p>\n","protected":false},"excerpt":{"rendered":"<p>Plant\u00e3o de Not\u00edcias B3 &nbsp; A B3, a bolsa de valores oficial do Brasil &#8211; fruto da\u00a0fus\u00e3o da BM&amp;FBOVESPA (Bolsa de Valores, Mercadorias e Futuros de S\u00e3o Paulo) com a CETIP (Central de Cust\u00f3dia e de Liquida\u00e7\u00e3o Financeira de T\u00edtulos) -, disponibiliza em seu Plant\u00e3o de Not\u00edcias todas as publica\u00e7\u00f5es oficiais e fatos relevantes divulgados [&hellip;]<\/p>\n","protected":false},"author":14,"featured_media":7053,"parent":0,"menu_order":0,"comment_status":"closed","ping_status":"closed","template":"","meta":{"footnotes":""},"yst_prominent_words":[2328,2321,2131,206,207,208,2324,2327,202,2326,2325,216,2322],"class_list":["post-7051","page","type-page","status-publish","has-post-thumbnail","hentry"],"acf":[],"_links":{"self":[{"href":"https:\/\/pre.andbank.com\/brasil\/wp-json\/wp\/v2\/pages\/7051"}],"collection":[{"href":"https:\/\/pre.andbank.com\/brasil\/wp-json\/wp\/v2\/pages"}],"about":[{"href":"https:\/\/pre.andbank.com\/brasil\/wp-json\/wp\/v2\/types\/page"}],"author":[{"embeddable":true,"href":"https:\/\/pre.andbank.com\/brasil\/wp-json\/wp\/v2\/users\/14"}],"replies":[{"embeddable":true,"href":"https:\/\/pre.andbank.com\/brasil\/wp-json\/wp\/v2\/comments?post=7051"}],"version-history":[{"count":0,"href":"https:\/\/pre.andbank.com\/brasil\/wp-json\/wp\/v2\/pages\/7051\/revisions"}],"wp:featuredmedia":[{"embeddable":true,"href":"https:\/\/pre.andbank.com\/brasil\/wp-json\/wp\/v2\/media\/7053"}],"wp:attachment":[{"href":"https:\/\/pre.andbank.com\/brasil\/wp-json\/wp\/v2\/media?parent=7051"}],"wp:term":[{"taxonomy":"yst_prominent_words","embeddable":true,"href":"https:\/\/pre.andbank.com\/brasil\/wp-json\/wp\/v2\/yst_prominent_words?post=7051"}],"curies":[{"name":"wp","href":"https:\/\/api.w.org\/{rel}","templated":true}]}}