{"id":705,"date":"2017-04-21T10:46:35","date_gmt":"2017-04-21T08:46:35","guid":{"rendered":"https:\/\/www.andbank.com\/brasil\/?page_id=705\/"},"modified":"2024-07-10T18:15:19","modified_gmt":"2024-07-10T13:15:19","slug":"assessores_de_investimento","status":"publish","type":"page","link":"https:\/\/pre.andbank.com\/brasil\/assessores_de_investimento\/","title":{"rendered":"Assessores de Investimento"},"content":{"rendered":"<h3><strong>ASSESSORES DE INVESTIMENTO<\/strong><\/h3>\n<p>&nbsp;<\/p>\n<p>O Andbank oferece aos Assessores de Investimentos sua plataforma de produtos e servi\u00e7os de forma a suprir as necessidades dos parceiros na oferta de produtos financeiros aos investidores.<\/p>\n<p>&nbsp;<\/p>\n<p>Os princ\u00edpios b\u00e1sicos que norteiam o relacionamento do Andbank com os agentes est\u00e3o descritos na Pol\u00edtica Interna de Relacionamento com Assessores de Investimentos, em ader\u00eancia \u00e0 legisla\u00e7\u00e3o, principalmente a Resolu\u00e7\u00e3o CVM 178 de 9 de fevereiro de 2021, e tamb\u00e9m \u00e0s pol\u00edticas globais do grupo que disciplinam o relacionamento com intermedi\u00e1rios financeiros.<\/p>\n<p>&nbsp;<\/p>\n<p>De acordo com a legisla\u00e7\u00e3o brasileira, os Assessores de Investimentos s\u00e3o definidos como pessoas naturais (f\u00edsicas) registradas na forma da\u00a0Resolu\u00e7\u00e3o CVM 178 para realizar, sob a responsabilidade e como preposto do contratante, as atividades de:<\/p>\n<p>&nbsp;<\/p>\n<p style=\"padding-left: 30px\">I \u2013 Prospec\u00e7\u00e3o e capta\u00e7\u00e3o de clientes;<\/p>\n<p style=\"padding-left: 30px\">II \u2013 Recep\u00e7\u00e3o e registro de ordens e transmiss\u00e3o destas para os sistemas de negocia\u00e7\u00e3o ou de registro cab\u00edveis, na forma da regulamenta\u00e7\u00e3o em vigor; e<\/p>\n<p style=\"padding-left: 30px\">III \u2013 Presta\u00e7\u00e3o de informa\u00e7\u00f5es sobre os produtos oferecidos e sobre os servi\u00e7os prestados pelo contratante, pelo qual foi contratado, incluindo-se as atividades de suporte e orienta\u00e7\u00e3o inerentes \u00e0 rela\u00e7\u00e3o comercial com clientes.<\/p>\n<p>&nbsp;<\/p>\n<p>Os Assessores de Investimentos devem agir com probidade, boa f\u00e9 e \u00e9tica profissional, empregando na atividade todo cuidado e dilig\u00eancia esperados de um profissional na sua posi\u00e7\u00e3o, em rela\u00e7\u00e3o aos clientes e ao Andbank. O Assessor de Investimento dever\u00e1 observar a todo tempo as normas de conduta, as veda\u00e7\u00f5es e as responsabilidades previstas na Pol\u00edtica Interna de Relacionamento com Assessores de Investimentos, no Regulamento de Assessor de Investimento e na legisla\u00e7\u00e3o em vigor para a atividade, aderindo (inclusive por meio deste) a todas as regras, manuais e controles internos praticados pelo Andbank.<\/p>\n<p>&nbsp;<\/p>\n<p>Dentre as veda\u00e7\u00f5es, destacamos:<\/p>\n<ul>\n<li>manter contrato para a presta\u00e7\u00e3o dos servi\u00e7os relacionados no art. 1\u00ba com mais de uma institui\u00e7\u00e3o integrante do sistema de distribui\u00e7\u00e3o de valores mobili\u00e1rios;<\/li>\n<li>receber de clientes ou em nome de clientes, ou a eles entregar, por qualquer raz\u00e3o e inclusive a t\u00edtulo de remunera\u00e7\u00e3o pela presta\u00e7\u00e3o de quaisquer servi\u00e7os, numer\u00e1rio, t\u00edtulos ou valores mobili\u00e1rios ou outros ativos;<\/li>\n<li>ser procurador ou representante de clientes perante institui\u00e7\u00f5es integrantes do sistema de distribui\u00e7\u00e3o de valores mobili\u00e1rios, para quaisquer fins;<\/li>\n<li>contratar com clientes ou realizar, ainda que a t\u00edtulo gratuito, servi\u00e7os de administra\u00e7\u00e3o de carteira de valores mobili\u00e1rios, consultoria ou an\u00e1lise de valores mobili\u00e1rios;<\/li>\n<li>atuar como preposto de institui\u00e7\u00e3o integrante do sistema de distribui\u00e7\u00e3o de valores mobili\u00e1rios com a qual n\u00e3o tenha contrato para a presta\u00e7\u00e3o dos servi\u00e7os relacionados no art. 1\u00ba;<\/li>\n<li>delegar a terceiros, total ou parcialmente, a execu\u00e7\u00e3o dos servi\u00e7os que constituam objeto do contrato celebrado com a institui\u00e7\u00e3o integrante do sistema de distribui\u00e7\u00e3o de valores mobili\u00e1rios pela qual tenha sido contratado;<\/li>\n<li>usar senhas ou assinaturas eletr\u00f4nicas de uso exclusivo do cliente para transmiss\u00e3o de ordens por meio de sistema eletr\u00f4nico; e<\/li>\n<li>confeccionar e enviar para os clientes extratos contendo informa\u00e7\u00f5es sobre as opera\u00e7\u00f5es realizadas ou posi\u00e7\u00f5es em aberto;<\/li>\n<li>adotar logotipos ou de sinais distintivos do pr\u00f3prio agente aut\u00f4nomo de investimento ou da pessoa jur\u00eddica de que ele seja s\u00f3cio, desacompanhados da identifica\u00e7\u00e3o da institui\u00e7\u00e3o integrante do sistema de distribui\u00e7\u00e3o de valores mobili\u00e1rios pela qual tenha ele sido contratado, com no m\u00ednimo igual destaque.<\/li>\n<\/ul>\n<p>&nbsp;<\/p>\n<p>Os Assessores de Investimentos podem exercer suas atividades para o contratante por meio de sociedade ou firma individual exclusivamente para este fim, observados os requisitos definidos na Resolu\u00e7\u00e3o CVM 178.<\/p>\n<p>&nbsp;<\/p>\n<p>A remunera\u00e7\u00e3o dos Assessores de Investimentos contratados pelo Banco Andbank (Brasil) S.A. \u00e9 calculada sobre os lucros obtidos a t\u00edtulo de corretagem, taxa de administra\u00e7\u00e3o e\/ou taxa de performance, dependendo do tipo de investimento em quest\u00e3o. O percentual utilizado no c\u00e1lculo da remunera\u00e7\u00e3o \u00e9 vari\u00e1vel e definido em cada contrato entre o Banco Andbank (Brasil) S.A. e o Agente Aut\u00f4nomo.<\/p>\n<p>&nbsp;<\/p>\n<p>Resumimos em uma tabela exemplo as formas de remunera\u00e7\u00e3o por solu\u00e7\u00f5es de investimentos, que s\u00e3o espec\u00edficas de cada produto. <a href=\"https:\/\/www.andbank.com\/brasil\/wp-content\/uploads\/sites\/11\/2023\/06\/Tabela-Exemplo.png\" target=\"_blank\" rel=\"noopener\">Clique aqui<\/a> para acess\u00e1-la.<\/p>\n<p>&nbsp;<\/p>\n<p><strong>Diretor Respons\u00e1vel:<\/strong>\u00a0Rodolfo Pousa<\/p>\n<p><strong>Email:\u00a0<\/strong><span id=\"cloak1160651181e9b08d82444c669c6eb873\"><a href=\"leonardo.hojaij@andbank.com.br\">rodolfo.pousa@andbank.com.br<\/a><\/span><\/p>\n<p><strong>Tel.:<\/strong> +55 11 3095-7000<\/p>\n<p>&nbsp;<\/p>\n<h3><strong>ACTUS AGENTES AUTONOMOS DE INVESTIMENTOS SOCIEDADES SIMPLES LTDA <\/strong><\/h3>\n<p>CNPJ 46.138.407\/0001-80, contratada em 15\/07\/2022<\/p>\n<ul>\n<li><a href=\"https:\/\/www.andbank.com\/brasil\/actus-agentes-autonomos-de-investimentos-sociedade-simples-ltda\" target=\"_blank\" rel=\"noopener\">Veja a lista de assessores de investimento<\/a><\/li>\n<\/ul>\n<p>&nbsp;<\/p>\n<h3><strong>ALPINA AGENTE AUTONOMO DE INVESTIMENTOS LTDA<\/strong><\/h3>\n<p>CNPJ 29.591.159\/0001-00, contratada em 18\/11\/2021<\/p>\n<ul>\n<li><a href=\"https:\/\/www.andbank.com\/brasil\/alpina-agente-autonomo-investimentos-ltda\/\" target=\"_blank\" rel=\"noopener\">Veja a lista de assessores de investimento <\/a><\/li>\n<\/ul>\n<p>&nbsp;<\/p>\n<h3><strong>ARAUJO AI INVESTIMENTOS LTDA<\/strong><\/h3>\n<p>CNPJ 54.281.286\/0001-50, contratada em 09\/04\/2024<\/p>\n<ul>\n<li><a href=\"https:\/\/www.andbank.com\/brasil\/araujo-ai-investimentos-ltda\/\" target=\"_blank\" rel=\"noopener\">Veja a lista de assessores de investimento <\/a><\/li>\n<\/ul>\n<p>&nbsp;<\/p>\n<h3><strong>BMIF AGENTE AUTONOMO DE INVESTIMENTO LTDA<\/strong><\/h3>\n<p>CNPJ 44.173.716\/0001-66, contratado em 02\/03\/2022<\/p>\n<ul>\n<li><a href=\"https:\/\/www.andbank.com\/brasil\/bmif-agente-autonomo-investimento-ltda\/\" target=\"_blank\" rel=\"noopener\">Veja a lista de assessores de investimento<\/a><\/li>\n<\/ul>\n<p>&nbsp;<\/p>\n<h3><strong>BPP AI INVESTIMENTOS LTDA<\/strong><\/h3>\n<p>CNPJ 55.084.616\/0001-80, contratado em 20\/06\/2024<\/p>\n<ul>\n<li><a href=\"https:\/\/www.andbank.com\/brasil\/bpp-ai-investimentos-ltda\/\" target=\"_blank\" rel=\"noopener\">Veja a lista de assessores de investimento<\/a><\/li>\n<\/ul>\n<p>&nbsp;<\/p>\n<h3><strong>CAPITAL SERVI\u00c7OS DE AGENTE AUT\u00d4NOMO INVESTIMENTOS LTDA<\/strong><\/h3>\n<p>CNPJ 05.466.830.0001-22, contratada em 03\/07\/2019<\/p>\n<ul>\n<li><a href=\"https:\/\/www.andbank.com\/brasil\/capital-servicos-de-agente-autonomo-investimentos-ltda\/\" target=\"_blank\" rel=\"noopener\">Veja a lista de assessores de investimento<\/a><\/li>\n<\/ul>\n<p>&nbsp;<\/p>\n<h3><strong>CAPITAL79 AGENTE AUT\u00d4NOMO DE INVESTIMENTO S\/S LTDA<\/strong><\/h3>\n<p>CNPJ 41.698.472\/0001-47, contratada em 06\/05\/2021<\/p>\n<ul>\n<li><a href=\"https:\/\/www.andbank.com\/brasil\/jlo-agente-autonomo-investimentos-ssltda\" target=\"_blank\" rel=\"noopener\">Veja a lista de assessores de investimento<\/a><\/li>\n<\/ul>\n<p>&nbsp;<\/p>\n<h3><strong>CARRERA AGENTE AUT\u00d4NOMO DE INVESTIMENTO LTDA<\/strong><\/h3>\n<p>CNPJ 11.422.061\/0001-63, contratada em 01\/11\/2018<\/p>\n<ul>\n<li><a href=\"https:\/\/www.andbank.com\/brasil\/carrera-agente-autonomo-de-investimento-ltda\/\" target=\"_blank\" rel=\"noopener\">Veja a lista de assessores de investimento<\/a><\/li>\n<\/ul>\n<p>&nbsp;<\/p>\n<h3><strong>CCA\u00a0AGENTES AUTONOMOS DE INVESTIMENTOS LTDA\u00a0<\/strong><\/h3>\n<p>CNPJ 44.432.480\/0001-35, contratada em 09\/03\/2022<\/p>\n<ul>\n<li><a href=\"https:\/\/www.andbank.com\/brasil\/carrera-agente-autonomo-de-investimento-ltda\/cca-agentes-autonomos-investimentos-ltda\" target=\"_blank\" rel=\"noopener\">Veja a lista de assessores de investimento<\/a><\/li>\n<\/ul>\n<p>&nbsp;<\/p>\n<h3><strong>CONEX\u00c3O AGENTE AUT\u00d4NOMO DE INVESTIMENTO EIRELI<\/strong><\/h3>\n<p>CNPJ 11.422.042\/0001-37, contratada em 01\/11\/2018<\/p>\n<ul>\n<li><a href=\"https:\/\/www.andbank.com\/brasil\/conexao-agente-autonomo-de-investimento-eireli\/\" target=\"_blank\" rel=\"noopener\">Veja a lista de assessores de investimento<\/a><\/li>\n<\/ul>\n<p>&nbsp;<\/p>\n<h3><strong>DYNAMICS AGENTES AUTONOMOS DE INVESTIMENTOS LTDA<\/strong><\/h3>\n<p>CNPJ 08.386.832\/0001-08, contratada em 03\/04\/2019<\/p>\n<ul>\n<li><a href=\"https:\/\/www.andbank.com\/brasil\/dynamics-agentes-autonomos-de-investimentos-ltda\/\" target=\"_blank\" rel=\"noopener\">Veja a lista de assessores de investimento<\/a><\/li>\n<\/ul>\n<p>&nbsp;<\/p>\n<h3><strong>EBTA \u2013 AGENTES AUT\u00d4NOMOS DE INVESTIMENTOS LTDA<\/strong><\/h3>\n<p>CNPJ 19.588.686\/0001-01, contratada em 16\/10\/2018<\/p>\n<ul>\n<li><a href=\"https:\/\/www.andbank.com\/brasil\/ebta-agentes-autonomos-de-investimetnos-ltda\/\" target=\"_blank\" rel=\"noopener\">Veja a lista de assessores de investimento<\/a><\/li>\n<\/ul>\n<p>&nbsp;<\/p>\n<h3><strong>ELIANA CRISTINA ORTIZ DE SOUZA AGENTE AUT\u00d4NOMO\u00a0DE INVESTIMENTOS<\/strong><\/h3>\n<p>CNPJ 30.795.320\/0001-46, contratada em 01\/11\/2018<\/p>\n<ul>\n<li><a href=\"https:\/\/www.andbank.com\/brasil\/eliana-cristina-ortiz-de-souza-agente-autonomo-de-investimentos\/\" target=\"_blank\" rel=\"noopener\">Veja a lista de assessores de investimento<\/a><\/li>\n<\/ul>\n<p>&nbsp;<\/p>\n<h3><strong>FELIPE ARAUJO MALHEIROS &#8211; AGENTE AUTONOMO DE INVESTIMENTOS \u2013 EIRELI<\/strong><\/h3>\n<p>CNPJ 43.591.402\/0001-10 , contratado em 10\/11\/2021<\/p>\n<ul>\n<li><a href=\"https:\/\/www.andbank.com\/brasil\/felipe-araujo-malheiros-agente-autonomo-investimentos-eireli\" target=\"_blank\" rel=\"noopener\">Veja a lista de assessores de investimento<\/a><\/li>\n<\/ul>\n<p>&nbsp;<\/p>\n<h3><strong>FLAVIA GRIBEL AGENTE AUTONOMO DE INVESTIMENTOS LTDA<\/strong><\/h3>\n<p>CNPJ 37.014.447\/0001-20, contratada em 08\/12\/2020<\/p>\n<ul>\n<li><a href=\"https:\/\/www.andbank.com\/brasil\/flavia-gribel-aai-ltda\/\" target=\"_blank\" rel=\"noopener\">Veja a lista de assessores de investimento<\/a><\/li>\n<\/ul>\n<p>&nbsp;<\/p>\n<h3><strong>GRUPPO AGENTES AUTONOMOS DE INVESTIMENTO LTDA<\/strong><\/h3>\n<p>CNPJ 07.133.162\/0001-47, contratada em 03\/12\/2021<\/p>\n<ul>\n<li><a href=\"https:\/\/www.andbank.com\/brasil\/gruppo-agentes-autonomos-investimento-ltda\/\" target=\"_blank\" rel=\"noopener\">Veja a lista de assessores de investimento<\/a><\/li>\n<\/ul>\n<p>&nbsp;<\/p>\n<h3><strong>HALLOCATE AI LTDA<\/strong><\/h3>\n<p>CNPJ 53.291.120\/0001-51, contratada em<\/p>\n<ul>\n<li><a href=\"https:\/\/www.andbank.com\/brasil\/hallocate-ai-ltda-2\/\" target=\"_blank\" rel=\"noopener\">Veja a lista de assessores de investimento<\/a><\/li>\n<\/ul>\n<p>&nbsp;<\/p>\n<h3><strong>INVESTCOTA CAPITAL AGENTE AUTONOMO DE INVESTIMENTO LTDA<\/strong><\/h3>\n<p>CNPJ 45.675.347\/0001-72, contratada em 29\/07\/2022<\/p>\n<ul>\n<li><a href=\"https:\/\/www.andbank.com\/brasil\/investcota-capital-agente-autonomo-investimento-ltda\">Veja a lista de assessores de investimento<\/a><\/li>\n<\/ul>\n<p>&nbsp;<\/p>\n<h3><strong>JAP VIGNOLI AGENTE AUT\u00d4NOMO DE INVESTIMENTOS &#8211; EIRELI<\/strong><\/h3>\n<p>CNPJ 20.371.200\/0001-68, contratada em 01\/01\/2018<\/p>\n<ul>\n<li><a href=\"https:\/\/www.andbank.com\/brasil\/jap-vignoli-agente-autonomo-de-investimentos-eireli\/\" target=\"_blank\" rel=\"noopener\">Veja a lista de assessores de investimento<\/a><\/li>\n<\/ul>\n<p>&nbsp;<\/p>\n<h3><strong>KIMA INVESTIMENTOS AGENTE AUTONOMO DE INVESTIMENTOS LTDA <\/strong><\/h3>\n<p>CNPJ 46.003.647\/0001-78, contratada em 08\/06\/2022<\/p>\n<ul>\n<li><a href=\"https:\/\/www.andbank.com\/brasil\/kima-investimentos-agente-autonomo-de-investimentos-ltda\" target=\"_blank\" rel=\"noopener\">Veja a lista de assessores de investimento<\/a><\/li>\n<\/ul>\n<p>&nbsp;<\/p>\n<h3><strong>LCW AGENTE AUTONOMO DE INVESTIMENTOS LTDA<\/strong><\/h3>\n<p>CNPJ 07.827.191\/0001-09, contratada em 18\/12\/2018<\/p>\n<ul>\n<li><a href=\"https:\/\/www.andbank.com\/brasil\/lcw-agente-autonomo-de-investimentos-eireli\/\" target=\"_blank\" rel=\"noopener\">Veja a lista de assessores de investimento<\/a><\/li>\n<\/ul>\n<p>&nbsp;<\/p>\n<h3><strong>LRA AGENTE AUT\u00d4NOMO DE INVESTIMENTO &#8211; EIRELI<\/strong><\/h3>\n<p>CNPJ 21.535.340\/0001-97, contratada em 01\/01\/2014<\/p>\n<ul>\n<li><a href=\"https:\/\/www.andbank.com\/brasil\/lra-agente-autonomo-de-investimento-eireli\/\" target=\"_blank\" rel=\"noopener\">Veja a lista de assessores de investimento<\/a><\/li>\n<\/ul>\n<p>&nbsp;<\/p>\n<h3><strong>LUIS FELLIPE SENKO AGENTE AUTONOMO DE INVESTIMENTO LTDA<\/strong><\/h3>\n<p>CNPJ 46.705.709\/0001-93, contratada em 04\/08\/2022<\/p>\n<ul>\n<li><a href=\"https:\/\/www.andbank.com\/brasil\/luis-fellipe-senko-agente-autonomo-investimento-ltda\" target=\"_blank\" rel=\"noopener\">Veja a lista de assessores de investimento<\/a><\/li>\n<\/ul>\n<p>&nbsp;<\/p>\n<h3><strong>MAAT AGENTE AUT\u00d4NOMO DE INVESTIMENTO LTDA<\/strong><\/h3>\n<p>CNPJ 42.171.434\/0001-02, contratada em 02\/07\/2021<\/p>\n<ul>\n<li><a href=\"https:\/\/www.andbank.com\/brasil\/maat-agente-autonomo-investimento-ltda\/\" target=\"_blank\" rel=\"noopener\">Veja a lista de assessores de investimento<\/a><\/li>\n<\/ul>\n<p>&nbsp;<\/p>\n<h3><strong>MATTERHORN ASSESSOR DE INVESTIMENTO LTDA<\/strong><\/h3>\n<p>CNPJ 53.280.667\/0001-51, contratada em 01\/02\/2024<\/p>\n<ul>\n<li><a href=\"https:\/\/www.andbank.com\/brasil\/matterhorn-assessor-investimento-ltda\/\" target=\"_blank\" rel=\"noopener\">Veja a lista de assessores de investimento<\/a><\/li>\n<\/ul>\n<p>&nbsp;<\/p>\n<h3><strong>MARIGOLD AGENTE AUT\u00d4NOMO DE INVESTIMENTOS LTDA<\/strong><\/h3>\n<p>CNPJ 49.022.974\/0001-65, contratada em 18\/04\/2023<\/p>\n<ul>\n<li><a href=\"https:\/\/www.andbank.com\/brasil\/marigold-agente-autonomo-investimentos-ltda\" target=\"_blank\" rel=\"noopener\">Veja a lista de assessores de investimento<\/a><\/li>\n<\/ul>\n<p>&nbsp;<\/p>\n<h3><strong>MFB ASSESSOR DE INVESTIMENTOS LTDA<\/strong><\/h3>\n<p>CNPJ 52.887.194\/0001-92, contratada em 24\/01\/2024<\/p>\n<ul>\n<li><a href=\"https:\/\/www.andbank.com\/brasil\/mfb-assessor-investimentos-ltda\/\" target=\"_blank\" rel=\"noopener\">Veja a lista de assessores de investimento<\/a><\/li>\n<\/ul>\n<p>&nbsp;<\/p>\n<h3><strong>NYX CAPITAL ASSESSOR DE INVESTIMENTOS LTDA<\/strong><\/h3>\n<p>CNPJ 50.819.826\/0001-55, contratada em 01\/09\/2023<\/p>\n<ul>\n<li><a href=\"https:\/\/www.andbank.com\/brasil\/nyx-capital-assessor-investimentos-ltda\/\" target=\"_blank\" rel=\"noopener\">Veja a lista de assessores de investimento<\/a><\/li>\n<\/ul>\n<p>&nbsp;<\/p>\n<h3><strong>OAK AI INVESTIMENTOS LTDA<\/strong><\/h3>\n<p>CNPJ 52.886.808\/0001-11, contratada em 26\/01\/2024<\/p>\n<ul>\n<li><a href=\"https:\/\/www.andbank.com\/brasil\/oak-ai-investimentos-ltda\/\" target=\"_blank\" rel=\"noopener\">Veja a lista de assessores de investimento<\/a><\/li>\n<\/ul>\n<p>&nbsp;<\/p>\n<h3><strong>PANGEIA AGENTE AUT\u00d4NOMO DE INVESTIMENTO EIRELI<\/strong><\/h3>\n<p>CNPJ 30.337.780\/0001-20, contratada em\u00a008\/07\/2019<\/p>\n<ul>\n<li><a href=\"https:\/\/www.andbank.com\/brasil\/pangeia-agente-autonomo-de-investimento-eireli\/\" target=\"_blank\" rel=\"noopener\">Veja a lista de assessores de investimento<\/a><\/li>\n<\/ul>\n<p>&nbsp;<\/p>\n<h3><strong>RAMISPORTO ASSESSOR DE INVESTIMENTOS LTDA<\/strong><\/h3>\n<p>CNPJ 52.901.259\/0001-07, contratada em 23\/01\/2024<\/p>\n<ul>\n<li><a href=\"https:\/\/www.andbank.com\/brasil\/ramisporto-assessor-investimentos-ltda\/\" target=\"_blank\" rel=\"noopener\">Veja a lista de assessores de investimento<\/a><\/li>\n<\/ul>\n<p>&nbsp;<\/p>\n<h3><strong>RD INVESTIMENTOS AGENTE AUTONOMO DE INVESTIMENTOS EIRELI<\/strong><\/h3>\n<p>CNPJ 28.942.075\/0001-00, contratada em 03\/11\/2021<\/p>\n<ul>\n<li><a href=\"https:\/\/www.andbank.com\/brasil\/rd\" target=\"_blank\" rel=\"noopener\">Veja a lista de assessores de investimento<\/a><\/li>\n<\/ul>\n<p>&nbsp;<\/p>\n<h3><strong>TRIAR AGENTES AUT\u00d4NOMOS DE INVESTIMENTOS LTDA<\/strong><\/h3>\n<p>CNPJ 05.644.843\/0001-44, contratada em 23\/03\/2018<\/p>\n<ul>\n<li><a href=\"https:\/\/www.andbank.com\/brasil\/triar-agentes-autonomos-de-investimentos-ltda\/\" target=\"_blank\" rel=\"noopener\">Veja a lista de assessores de investimento<\/a><\/li>\n<\/ul>\n<p>&nbsp;<\/p>\n<h3><strong>TRINCA AGENTE AUT\u00d4NOMO DE INVESTIMENTOS LTDA<\/strong><\/h3>\n<p>CNPJ 07.882.904\/0001-37, contratada em 12\/07\/2019<\/p>\n<ul>\n<li><a href=\"https:\/\/www.andbank.com\/brasil\/trinca-agente-autonomo-de-investimentos-ltda\/\" target=\"_blank\" rel=\"noopener\">Veja a lista de assessores de investimento<\/a><\/li>\n<\/ul>\n","protected":false},"excerpt":{"rendered":"<p>ASSESSORES DE INVESTIMENTO &nbsp; O Andbank oferece aos Assessores de Investimentos sua plataforma de produtos e servi\u00e7os de forma a suprir as necessidades dos parceiros na oferta de produtos financeiros aos investidores. &nbsp; Os princ\u00edpios b\u00e1sicos que norteiam o relacionamento do Andbank com os agentes est\u00e3o descritos na Pol\u00edtica Interna de Relacionamento com Assessores de [&hellip;]<\/p>\n","protected":false},"author":14,"featured_media":14269,"parent":0,"menu_order":12,"comment_status":"closed","ping_status":"closed","template":"template-detail.php","meta":{"footnotes":""},"yst_prominent_words":[],"class_list":["post-705","page","type-page","status-publish","has-post-thumbnail","hentry"],"acf":[],"_links":{"self":[{"href":"https:\/\/pre.andbank.com\/brasil\/wp-json\/wp\/v2\/pages\/705"}],"collection":[{"href":"https:\/\/pre.andbank.com\/brasil\/wp-json\/wp\/v2\/pages"}],"about":[{"href":"https:\/\/pre.andbank.com\/brasil\/wp-json\/wp\/v2\/types\/page"}],"author":[{"embeddable":true,"href":"https:\/\/pre.andbank.com\/brasil\/wp-json\/wp\/v2\/users\/14"}],"replies":[{"embeddable":true,"href":"https:\/\/pre.andbank.com\/brasil\/wp-json\/wp\/v2\/comments?post=705"}],"version-history":[{"count":91,"href":"https:\/\/pre.andbank.com\/brasil\/wp-json\/wp\/v2\/pages\/705\/revisions"}],"predecessor-version":[{"id":14753,"href":"https:\/\/pre.andbank.com\/brasil\/wp-json\/wp\/v2\/pages\/705\/revisions\/14753"}],"wp:featuredmedia":[{"embeddable":true,"href":"https:\/\/pre.andbank.com\/brasil\/wp-json\/wp\/v2\/media\/14269"}],"wp:attachment":[{"href":"https:\/\/pre.andbank.com\/brasil\/wp-json\/wp\/v2\/media?parent=705"}],"wp:term":[{"taxonomy":"yst_prominent_words","embeddable":true,"href":"https:\/\/pre.andbank.com\/brasil\/wp-json\/wp\/v2\/yst_prominent_words?post=705"}],"curies":[{"name":"wp","href":"https:\/\/api.w.org\/{rel}","templated":true}]}}