{"id":695,"date":"2017-04-21T10:34:11","date_gmt":"2017-04-21T08:34:11","guid":{"rendered":"https:\/\/www.andbank.com\/brasil\/?page_id=695\/"},"modified":"2017-08-08T17:00:58","modified_gmt":"2017-08-08T12:00:58","slug":"carreiras","status":"publish","type":"page","link":"https:\/\/pre.andbank.com\/brasil\/sobre-o-andbank\/carreiras\/","title":{"rendered":"Carreiras"},"content":{"rendered":"<p>Fazer parte do time Andbank \u00e9 trabalhar com os profissionais mais capacitados em um dos Private Bank mais s\u00f3lidos do mundo. Se voc\u00ea deseja se desenvolver profissionalmente dentro do mercado financeiro, deixe seu curr\u00edculo em nosso banco de dados para ser chamado para os pr\u00f3ximos processos seletivos.<\/p>\n","protected":false},"excerpt":{"rendered":"<p>Fazer parte do time Andbank\/LLA \u00e9 trabalhar com os profissionais mais capacitados em um dos private bankings mais s\u00f3lidos do mundo.<\/p>\n","protected":false},"author":1,"featured_media":698,"parent":600,"menu_order":9,"comment_status":"closed","ping_status":"closed","template":"template-detail.php","meta":{"footnotes":""},"yst_prominent_words":[63,208,247],"class_list":["post-695","page","type-page","status-publish","has-post-thumbnail","hentry"],"acf":[],"_links":{"self":[{"href":"https:\/\/pre.andbank.com\/brasil\/wp-json\/wp\/v2\/pages\/695"}],"collection":[{"href":"https:\/\/pre.andbank.com\/brasil\/wp-json\/wp\/v2\/pages"}],"about":[{"href":"https:\/\/pre.andbank.com\/brasil\/wp-json\/wp\/v2\/types\/page"}],"author":[{"embeddable":true,"href":"https:\/\/pre.andbank.com\/brasil\/wp-json\/wp\/v2\/users\/1"}],"replies":[{"embeddable":true,"href":"https:\/\/pre.andbank.com\/brasil\/wp-json\/wp\/v2\/comments?post=695"}],"version-history":[{"count":0,"href":"https:\/\/pre.andbank.com\/brasil\/wp-json\/wp\/v2\/pages\/695\/revisions"}],"up":[{"embeddable":true,"href":"https:\/\/pre.andbank.com\/brasil\/wp-json\/wp\/v2\/pages\/600"}],"wp:featuredmedia":[{"embeddable":true,"href":"https:\/\/pre.andbank.com\/brasil\/wp-json\/wp\/v2\/media\/698"}],"wp:attachment":[{"href":"https:\/\/pre.andbank.com\/brasil\/wp-json\/wp\/v2\/media?parent=695"}],"wp:term":[{"taxonomy":"yst_prominent_words","embeddable":true,"href":"https:\/\/pre.andbank.com\/brasil\/wp-json\/wp\/v2\/yst_prominent_words?post=695"}],"curies":[{"name":"wp","href":"https:\/\/api.w.org\/{rel}","templated":true}]}}