{"id":6697,"date":"2019-08-31T01:46:56","date_gmt":"2019-08-30T20:46:56","guid":{"rendered":"https:\/\/www.andbank.com\/brasil\/?page_id=6697"},"modified":"2022-03-07T22:08:22","modified_gmt":"2022-03-07T17:08:22","slug":"margens-de-garantia","status":"publish","type":"page","link":"https:\/\/pre.andbank.com\/brasil\/margens-de-garantia\/","title":{"rendered":"Margens de Garantia"},"content":{"rendered":"<h2><strong>Segmento Bovespa<\/strong><\/h2>\n<h2><\/h2>\n<p>&nbsp;<\/p>\n<ul>\n<li><strong style=\"font-size: 16px\">Margem de Garantia:<\/strong><\/li>\n<\/ul>\n<p>&nbsp;<\/p>\n<p>\u00c9 o dep\u00f3sito inicial no valor determinado pela Bolsa para a realiza\u00e7\u00e3o das opera\u00e7\u00f5es nos mercados a termo, futuro e de op\u00e7\u00f5es (n\u00e3o requisitada ao comprador da op\u00e7\u00e3o) com o objetivo de cobrir eventuais riscos de inadimpl\u00eancia. O valor de margem de garantia \u00e9 devolvido no encerramento da opera\u00e7\u00e3o.<\/p>\n<p>&nbsp;<\/p>\n<ul>\n<li><strong>Ajuste Di\u00e1rio:<\/strong><\/li>\n<\/ul>\n<p>&nbsp;<\/p>\n<p>As opera\u00e7\u00f5es do mercado futuro est\u00e3o sujeitas a ajustes financeiros de posi\u00e7\u00f5es mantidas em aberto, onde os compradores s\u00e3o creditados com a eleva\u00e7\u00e3o do pre\u00e7o referente \u00e0s opera\u00e7\u00f5es realizadas e debitados com a queda do pre\u00e7o referente \u00e0s opera\u00e7\u00f5es realizadas. Os pre\u00e7os dos ajustes financeiros de cada mercadoria s\u00e3o definidos conforme regras da Bolsa.<\/p>\n<p>&nbsp;<\/p>\n<h3><strong>Segmento BM&amp;F<\/strong><\/h3>\n<p>&nbsp;<\/p>\n<ul>\n<li><strong style=\"font-size: 16px\">Margem de Garantia:<\/strong><\/li>\n<\/ul>\n<p>&nbsp;<\/p>\n<p>\u00c9 o dep\u00f3sito no valor determinado pela Bolsa para cada tipo de contrato, com o objetivo de cobrir eventuais riscos de inadimpl\u00eancia (n\u00e3o requerida no caso de compra de op\u00e7\u00f5es de Ouro dispon\u00edvel).<\/p>\n<p>&nbsp;<\/p>\n<ul>\n<li><strong>Ajuste Di\u00e1rio:<\/strong><\/li>\n<\/ul>\n<p>&nbsp;<\/p>\n<p>S\u00e3o ajustes financeiros de posi\u00e7\u00f5es onde os compradores s\u00e3o creditados com a eleva\u00e7\u00e3o do pre\u00e7o da mercadoria e debitados com a queda do pre\u00e7o da mercadoria, e aos vendedores, \u00e9 aplic\u00e1vel a opera\u00e7\u00e3o inversa. Os pre\u00e7os de ajuste de cada mercadoria s\u00e3o definidos conforme regras da Bolsa e s\u00e3o liquidados em dinheiro.<\/p>\n<p>&nbsp;<\/p>\n<h3><strong>Margem Adicional<\/strong><\/h3>\n<p>&nbsp;<\/p>\n<p>O Banco Andbank e\/ou a Bolsa poder\u00e1 solicitar margens adicionais para cobertura de negocia\u00e7\u00f5es di\u00e1rias que envolvam riscos. A oscila\u00e7\u00e3o desses valores \u00e9 acompanhada diariamente para complementa\u00e7\u00e3o da garantia inicial outorgada \u00e0s obriga\u00e7\u00f5es assumidas pelos investidores.<\/p>\n<p>&nbsp;<\/p>\n<p><strong>Ativos aceitos para os segmentos Bovespa e BM&amp;F<\/strong><\/p>\n<p>&nbsp;<\/p>\n<ul>\n<li>Moeda corrente nacional (sem corre\u00e7\u00e3o monet\u00e1ria)<\/li>\n<li>T\u00edtulos p\u00fablicos<\/li>\n<li>T\u00edtulos privados*<\/li>\n<li>A\u00e7\u00f5es de Empresas listadas na BM&amp;FBovespa e custodiadas na Central Deposit\u00e1ria BM&amp;FBovespa, constantes na Rela\u00e7\u00e3o de A\u00e7\u00f5es Aceitas para Garantias e seus intervalos<\/li>\n<\/ul>\n<p>* Mediante consulta pr\u00e9via e sujeito ao \u201climite m\u00e1ximo\u201d de utiliza\u00e7\u00e3o estabelecida pela BM&amp;FBovespa<\/p>\n<p>&nbsp;<\/p>\n<h3><strong>Procedimentos e Hor\u00e1rios para Transfer\u00eancia de Ativos<\/strong><\/h3>\n<p>&nbsp;<\/p>\n<p>O Banco Andbank acompanha por meio do sistema de administra\u00e7\u00e3o de garantias da B3 diariamente as garantias necess\u00e1rias para cumprimento das obriga\u00e7\u00f5es assumidas pelos investidores em empr\u00e9stimos de t\u00edtulos (aluguel de a\u00e7\u00f5es) e opera\u00e7\u00f5es a termo (compromisso de compra).<\/p>\n<p>&nbsp;<\/p>\n<p><strong>Segmento Bovespa e B3 &#8211; Cobertura de Margens<\/strong><\/p>\n<p>&nbsp;<\/p>\n<p>O envio de recursos para cobertura de margens referentes ao fechamento das posi\u00e7\u00f5es em aberto em Bovespa e B3 do dia anterior dever\u00e1 ser efetuado at\u00e9 \u00e0s 12 horas para processamento com a B3 at\u00e9 \u00e0s 13 horas;<\/p>\n<p>&nbsp;<\/p>\n<p>O envio de recursos para cobertura de margens referente a movimenta\u00e7\u00e3o (transfer\u00eancia) de posi\u00e7\u00e3o de op\u00e7\u00f5es vendedor e a movimenta\u00e7\u00e3o (transfer\u00eancia) de posi\u00e7\u00e3o de termo comprador.<\/p>\n<p>&nbsp;<\/p>\n<p><strong>B3<\/strong><\/p>\n<p>&nbsp;<\/p>\n<p>O envio de recursos para substitui\u00e7\u00e3o e aportes de garantias dever\u00e1 ser efetuado at\u00e9 as 16 horas da data da solicita\u00e7\u00e3o para processamento com a B3 at\u00e9 \u00e0s 16:55 horas, como, por exemplo, nas seguintes situa\u00e7\u00f5es:<\/p>\n<p>&nbsp;<\/p>\n<ol>\n<li>entrega de t\u00edtulos vendidos em D-2 (segundo dia ap\u00f3s a data da venda)<\/li>\n<li>entrega de contratos de empr\u00e9stimos de t\u00edtulos (aluguel de a\u00e7\u00f5es) para cobertura de vendas em D-2 (segundo dia ap\u00f3s a data da venda) e\/ou de valores compuls\u00f3rios<\/li>\n<li>lan\u00e7amentos de op\u00e7\u00f5es descobertas de D-1 (primeiro dia ap\u00f3s o lan\u00e7amento\/venda)<\/li>\n<li>transfer\u00eancias de t\u00edtulos para a carteira de garantias<\/li>\n<\/ol>\n<p>&nbsp;<\/p>\n<p>O Banco Andbank informa os valores necess\u00e1rios para cobertura de margem para o cumprimento das obriga\u00e7\u00f5es acima mencionadas das 8h00 \u00e0s 9h30m e das 10h30m \u00e0s 11h30m.<\/p>\n<p>&nbsp;<\/p>\n","protected":false},"excerpt":{"rendered":"<p>Segmento Bovespa &nbsp; Margem de Garantia: &nbsp; \u00c9 o dep\u00f3sito inicial no valor determinado pela Bolsa para a realiza\u00e7\u00e3o das opera\u00e7\u00f5es nos mercados a termo, futuro e de op\u00e7\u00f5es (n\u00e3o requisitada ao comprador da op\u00e7\u00e3o) com o objetivo de cobrir eventuais riscos de inadimpl\u00eancia. O valor de margem de garantia \u00e9 devolvido no encerramento da [&hellip;]<\/p>\n","protected":false},"author":14,"featured_media":657,"parent":0,"menu_order":0,"comment_status":"closed","ping_status":"closed","template":"","meta":{"footnotes":""},"yst_prominent_words":[2276,2264,2270,2273,2278,2272,2267,2275,2279,2262,2268,2265,2269,2280,2263,2281,2271,2266,2274,2277],"class_list":["post-6697","page","type-page","status-publish","has-post-thumbnail","hentry"],"acf":[],"_links":{"self":[{"href":"https:\/\/pre.andbank.com\/brasil\/wp-json\/wp\/v2\/pages\/6697"}],"collection":[{"href":"https:\/\/pre.andbank.com\/brasil\/wp-json\/wp\/v2\/pages"}],"about":[{"href":"https:\/\/pre.andbank.com\/brasil\/wp-json\/wp\/v2\/types\/page"}],"author":[{"embeddable":true,"href":"https:\/\/pre.andbank.com\/brasil\/wp-json\/wp\/v2\/users\/14"}],"replies":[{"embeddable":true,"href":"https:\/\/pre.andbank.com\/brasil\/wp-json\/wp\/v2\/comments?post=6697"}],"version-history":[{"count":2,"href":"https:\/\/pre.andbank.com\/brasil\/wp-json\/wp\/v2\/pages\/6697\/revisions"}],"predecessor-version":[{"id":13681,"href":"https:\/\/pre.andbank.com\/brasil\/wp-json\/wp\/v2\/pages\/6697\/revisions\/13681"}],"wp:featuredmedia":[{"embeddable":true,"href":"https:\/\/pre.andbank.com\/brasil\/wp-json\/wp\/v2\/media\/657"}],"wp:attachment":[{"href":"https:\/\/pre.andbank.com\/brasil\/wp-json\/wp\/v2\/media?parent=6697"}],"wp:term":[{"taxonomy":"yst_prominent_words","embeddable":true,"href":"https:\/\/pre.andbank.com\/brasil\/wp-json\/wp\/v2\/yst_prominent_words?post=6697"}],"curies":[{"name":"wp","href":"https:\/\/api.w.org\/{rel}","templated":true}]}}