{"id":549,"date":"2017-04-20T18:07:38","date_gmt":"2017-04-20T16:07:38","guid":{"rendered":"https:\/\/www.andbank.com\/brasil\/?page_id=549\/"},"modified":"2017-08-08T13:30:27","modified_gmt":"2017-08-08T08:30:27","slug":"produtos-credito-e-cambio","status":"publish","type":"page","link":"https:\/\/pre.andbank.com\/brasil\/solucoes-de-investimentos\/produtos-credito-e-cambio\/","title":{"rendered":"Produtos de Cr\u00e9dito e C\u00e2mbio"},"content":{"rendered":"<h2>Empr\u00e9stimos<\/h2>\n<p>&nbsp;<\/p>\n<h2>Fian\u00e7as Banc\u00e1rias<\/h2>\n<p>&nbsp;<\/p>\n<h2>Opera\u00e7\u00f5es de C\u00e2mbio (Parcerias)<\/h2>\n<p>&nbsp;<\/p>\n","protected":false},"excerpt":{"rendered":"<p>Empr\u00e9stimos &nbsp; Fian\u00e7as Banc\u00e1rias &nbsp; Opera\u00e7\u00f5es de C\u00e2mbio (Parcerias) &nbsp;<\/p>\n","protected":false},"author":1,"featured_media":655,"parent":542,"menu_order":20,"comment_status":"closed","ping_status":"closed","template":"template-detail.php","meta":{"footnotes":""},"yst_prominent_words":[],"class_list":["post-549","page","type-page","status-publish","has-post-thumbnail","hentry"],"acf":[],"_links":{"self":[{"href":"https:\/\/pre.andbank.com\/brasil\/wp-json\/wp\/v2\/pages\/549"}],"collection":[{"href":"https:\/\/pre.andbank.com\/brasil\/wp-json\/wp\/v2\/pages"}],"about":[{"href":"https:\/\/pre.andbank.com\/brasil\/wp-json\/wp\/v2\/types\/page"}],"author":[{"embeddable":true,"href":"https:\/\/pre.andbank.com\/brasil\/wp-json\/wp\/v2\/users\/1"}],"replies":[{"embeddable":true,"href":"https:\/\/pre.andbank.com\/brasil\/wp-json\/wp\/v2\/comments?post=549"}],"version-history":[{"count":0,"href":"https:\/\/pre.andbank.com\/brasil\/wp-json\/wp\/v2\/pages\/549\/revisions"}],"up":[{"embeddable":true,"href":"https:\/\/pre.andbank.com\/brasil\/wp-json\/wp\/v2\/pages\/542"}],"wp:featuredmedia":[{"embeddable":true,"href":"https:\/\/pre.andbank.com\/brasil\/wp-json\/wp\/v2\/media\/655"}],"wp:attachment":[{"href":"https:\/\/pre.andbank.com\/brasil\/wp-json\/wp\/v2\/media?parent=549"}],"wp:term":[{"taxonomy":"yst_prominent_words","embeddable":true,"href":"https:\/\/pre.andbank.com\/brasil\/wp-json\/wp\/v2\/yst_prominent_words?post=549"}],"curies":[{"name":"wp","href":"https:\/\/api.w.org\/{rel}","templated":true}]}}