{"id":548,"date":"2017-04-20T18:07:36","date_gmt":"2017-04-20T16:07:36","guid":{"rendered":"https:\/\/www.andbank.com\/brasil\/?page_id=548\/"},"modified":"2021-07-13T00:56:40","modified_gmt":"2021-07-12T19:56:40","slug":"ativos-renda-fixa","status":"publish","type":"page","link":"https:\/\/pre.andbank.com\/brasil\/solucoes-de-investimentos\/ativos-renda-fixa\/","title":{"rendered":"Ativos de Renda Fixa"},"content":{"rendered":"<p>Uma plataforma para realizar opera\u00e7\u00f5es com t\u00edtulos de Renda Fixa, A\u00e7\u00f5es e Produtos Estruturados nos mercados prim\u00e1rio (distribui\u00e7\u00e3o) e secund\u00e1rio (intermedia\u00e7\u00e3o) de:<\/p>\n<h2>Renda Fixa<\/h2>\n<ul>\n<li>T\u00edtulos p\u00fablicos<\/li>\n<li>Pr\u00e9-fixados<\/li>\n<li>P\u00f3s-fixados<\/li>\n<li>Infla\u00e7\u00e3o<\/li>\n<\/ul>\n<h2>T\u00edtulos Privados<\/h2>\n<ul>\n<li>Pr\u00e9-fixados<\/li>\n<li>P\u00f3s-fixados<\/li>\n<li>Infla\u00e7\u00e3o<\/li>\n<li>Isentos (LCA, LCI, CRA, CRI, Denb\u00eantures, &#8230;)<\/li>\n<\/ul>\n<h2>Certificado de Opera\u00e7\u00f5es Estructuradas (COE)<\/h2>\n<ul>\n<li><a href=\"https:\/\/www.andbank.com\/brasil\/wp-content\/uploads\/sites\/11\/2021\/07\/DIE-COE-Dolar-IPCA.pdf\">COE IPCA GARANTIDO NO VENCIMENTO COM PARTICIPA\u00c7\u00c3O NA BAIXA DO DOLAR CONTRA O REAL<\/a><\/li>\n<li><a href=\"https:\/\/www.andbank.com\/brasil\/wp-content\/uploads\/sites\/11\/2017\/04\/Phoenix-Autocall-BABA-1y-24Feb21.pdf\">COE PHOENIX AUTOCALL EM ALIBABA GROUP HOLDING<\/a><\/li>\n<li><a href=\"https:\/\/www.andbank.com\/brasil\/wp-content\/uploads\/sites\/11\/2017\/04\/Autocall-Trimestral-CMIG4-BBDC4-COGN3-CIEL3-5y.pdf\">COE CESTA DE ATIVOS ONSHORE (CEMIG, BRADESCO, COGNA E CIELO) COM AUTOCALL<\/a><\/li>\n<li><a href=\"https:\/\/www.andbank.com\/brasil\/wp-content\/uploads\/sites\/11\/2017\/04\/Autocall-5y-MGLU3-RUN-AMZN-FB-30Nov20.pdf\">COE CESTA DE ATIVOS (MAGAZINE LUIZA, SUNRUN, AMAZON E FACEBOOK) COM AUTOCALL<\/a><\/li>\n<li><a href=\"https:\/\/www.andbank.com\/brasil\/wp-content\/uploads\/sites\/11\/2017\/04\/DIE_MORGAN-STANLEY_MS0119F2YJ3.pdf\">COE\u00a0AUTOCALL STEP UP EM PRINCIPAL GLOBAL INVESTORS FUND \u2013 PREFERRED SECURITIES FUND<\/a><\/li>\n<li><a href=\"https:\/\/www.andbank.com\/brasil\/wp-content\/uploads\/sites\/11\/2017\/04\/DIE-COE-CSTREND5.pdf\">COE CSTREND5 INDEX (1\u00aa EMISS\u00c3O)<\/a><\/li>\n<li><a href=\"https:\/\/www.andbank.com\/brasil\/wp-content\/uploads\/sites\/11\/2017\/04\/2019.12.13-COE569_Call_Geared_5Y_CSTREND5_Andbank_19Dez2024_CSBRA20191100172_II.pdf\">COE CSTREND5 INDEX (2\u00aa EMISS\u00c3O)<\/a><\/li>\n<li><a href=\"https:\/\/www.andbank.com\/brasil\/wp-content\/uploads\/sites\/11\/2017\/04\/Autocall-Trimestral-ITUB4-JBSS3-VVAR3-COGN3-24Jul20.pdf\">COE CESTA DE ATIVOS ONSHORE (ITA\u00da, JBS, VIA VAREJO E COGNA) COM AUTOCALL<\/a><\/li>\n<li><a href=\"https:\/\/www.andbank.com\/brasil\/wp-content\/uploads\/sites\/11\/2017\/04\/2020.01.30-COE569_Call_Geared_5Y_CSTREND5_Andbank_04Feb2025_CSBRA20200100062_II.pdf\">COE CSTREND5 INDEX (3\u00aa EMISS\u00c3O)<\/a><\/li>\n<li><a href=\"https:\/\/www.andbank.com\/brasil\/wp-content\/uploads\/sites\/11\/2017\/04\/Autocall-Semestral-JBSS3-COGN3-VVAR3-DTEX3-29Aug20.pdf\">COE CESTA DE ATIVOS ONSHORE (JBS, COGNA, VIA VAREJO E DURATEX) COM AUTOCALL<\/a><\/li>\n<li><a href=\"https:\/\/www.andbank.com\/brasil\/wp-content\/uploads\/sites\/11\/2017\/04\/MS-DIE-K-Parcialmente-Protegido-SPX_qBRL-Call-90-003.pdf\">COE CAPITAL PARCIALMENTE PROTEGIDO EM S&amp;P 500 SEM EXPOSI\u00c7\u00c3O CAMBIAL<\/a><\/li>\n<li><a href=\"https:\/\/www.andbank.com\/brasil\/wp-content\/uploads\/sites\/11\/2017\/04\/MS-Nasdaq-Put-Spread-Call-Spread-10Jul20-002.pdf\">COE\u00a0CAPITAL PROTEGIDO NO \u00cdNDICE NASDAQ-100 COM GANHO NA ALTE E NA BAIXA<\/a><\/li>\n<li><a href=\"https:\/\/www.andbank.com\/brasil\/wp-content\/uploads\/sites\/11\/2017\/04\/EWT-FXI-5Y-11May21.pdf\">COE CESTA COMPOSTA POR ETF MSCI TAIWAN E CHINA LARGE-CAP<\/a><\/li>\n<li><a href=\"https:\/\/www.andbank.com\/brasil\/wp-content\/uploads\/sites\/11\/2017\/04\/SP500-bidirecional-10-Dez-20.pdf\">COE CAPITAL PROTEGIDO EM S&amp;P 500 BIDIRECIONAL<\/a><\/li>\n<\/ul>\n","protected":false},"excerpt":{"rendered":"<p>Uma plataforma para realizar opera\u00e7\u00f5es com t\u00edtulos de Renda Fixa, A\u00e7\u00f5es e Produtos Estruturados nos mercados prim\u00e1rio (distribui\u00e7\u00e3o) e secund\u00e1rio (intermedia\u00e7\u00e3o) de: Renda Fixa T\u00edtulos p\u00fablicos Pr\u00e9-fixados P\u00f3s-fixados Infla\u00e7\u00e3o T\u00edtulos Privados Pr\u00e9-fixados P\u00f3s-fixados Infla\u00e7\u00e3o Isentos (LCA, LCI, CRA, CRI, Denb\u00eantures, &#8230;) Certificado de Opera\u00e7\u00f5es Estructuradas (COE) COE IPCA GARANTIDO NO VENCIMENTO COM PARTICIPA\u00c7\u00c3O NA BAIXA [&hellip;]<\/p>\n","protected":false},"author":1,"featured_media":179,"parent":542,"menu_order":18,"comment_status":"closed","ping_status":"closed","template":"template-detail.php","meta":{"footnotes":""},"yst_prominent_words":[2738,2726,2737,173,187,182,2731,2729,2739,2730,2735,2727,2736,2748,2746,2747,2745,2744,128,2741],"class_list":["post-548","page","type-page","status-publish","has-post-thumbnail","hentry"],"acf":[],"_links":{"self":[{"href":"https:\/\/pre.andbank.com\/brasil\/wp-json\/wp\/v2\/pages\/548"}],"collection":[{"href":"https:\/\/pre.andbank.com\/brasil\/wp-json\/wp\/v2\/pages"}],"about":[{"href":"https:\/\/pre.andbank.com\/brasil\/wp-json\/wp\/v2\/types\/page"}],"author":[{"embeddable":true,"href":"https:\/\/pre.andbank.com\/brasil\/wp-json\/wp\/v2\/users\/1"}],"replies":[{"embeddable":true,"href":"https:\/\/pre.andbank.com\/brasil\/wp-json\/wp\/v2\/comments?post=548"}],"version-history":[{"count":0,"href":"https:\/\/pre.andbank.com\/brasil\/wp-json\/wp\/v2\/pages\/548\/revisions"}],"up":[{"embeddable":true,"href":"https:\/\/pre.andbank.com\/brasil\/wp-json\/wp\/v2\/pages\/542"}],"wp:featuredmedia":[{"embeddable":true,"href":"https:\/\/pre.andbank.com\/brasil\/wp-json\/wp\/v2\/media\/179"}],"wp:attachment":[{"href":"https:\/\/pre.andbank.com\/brasil\/wp-json\/wp\/v2\/media?parent=548"}],"wp:term":[{"taxonomy":"yst_prominent_words","embeddable":true,"href":"https:\/\/pre.andbank.com\/brasil\/wp-json\/wp\/v2\/yst_prominent_words?post=548"}],"curies":[{"name":"wp","href":"https:\/\/api.w.org\/{rel}","templated":true}]}}