{"id":547,"date":"2017-04-20T18:07:28","date_gmt":"2017-04-20T16:07:28","guid":{"rendered":"https:\/\/www.andbank.com\/brasil\/?page_id=547\/"},"modified":"2017-08-10T12:03:58","modified_gmt":"2017-08-10T07:03:58","slug":"opcoes-compartilhadas-investimento","status":"publish","type":"page","link":"https:\/\/pre.andbank.com\/brasil\/solucoes-de-investimentos\/opcoes-compartilhadas-investimento\/","title":{"rendered":"Op\u00e7\u00f5es Compartilhadas de Investimento"},"content":{"rendered":"<p><span style=\"color: #000000;\">Fundos sob gest\u00e3o da LLA Gest\u00e3o de Patrim\u00f4nio Financeiro:<\/span><\/p>\n<h2>LLA Performance Livre FIC FIM<\/h2>\n<ul>\n<li>Caracter\u00edstica: fundo de investimento em cotas de fundos de investimento multimercado.<\/li>\n<li>Objetivo: superar o CDI no m\u00e9dio e longo prazo, atrav\u00e9s de uma carteira diversificada e descorrelacionada, o que proporciona uma dilui\u00e7\u00e3o dos riscos para os clientes. Os fundos que fazem parte da carteira do LLA Performance Livre aplicam nos mercados de juros, moedas, bolsa e derivativos: uma excelente alternativa para clientes que pretendem alocar em diferentes estrat\u00e9gias e gestores atrav\u00e9s de um \u00fanico investimento.<\/li>\n<li>P\u00fablico-alvo: pessoas f\u00edsicas\/investidores qualificados.<\/li>\n<li>Regime tribut\u00e1rio: renda fixa de longo prazo (tabela regressiva).<\/li>\n<\/ul>\n<h2>LLA Performance A\u00e7\u00f5es FIC FIA<\/h2>\n<ul>\n<li>Caracter\u00edstica: o fundo investe seus recursos em cotas de fundos de investimentos em a\u00e7\u00f5es de estrat\u00e9gias e gestores diferentes.<\/li>\n<li>Objetivo: superar o Ibovespa no longo prazo, atrav\u00e9s de uma carteira diversificada e com baixa correla\u00e7\u00e3o com o Ibovespa, proporcionando aos clientes uma excelente alternativa de investimento em renda vari\u00e1vel. Os fundos que fazem parte da carteira do LLA Performance A\u00e7\u00f5es investem predominantemente no mercado brasileiro de renda vari\u00e1vel, mas tamb\u00e9m podem alocar em a\u00e7\u00f5es no exterior: uma excelente alternativa para clientes que pretendem alocar em diferentes estrat\u00e9gias de renda vari\u00e1vel atrav\u00e9s de apenas um investimento.<\/li>\n<li>P\u00fablico-alvo: pessoas f\u00edsicas\/investidores qualificados.<\/li>\n<li>Regime tribut\u00e1rio: renda vari\u00e1vel (al\u00edquota de 15%).<\/li>\n<\/ul>\n<h2>Fundos sob Gest\u00e3o de Terceiros<\/h2>\n","protected":false},"excerpt":{"rendered":"<p>Fundos sob gest\u00e3o da LLA Gest\u00e3o de Patrim\u00f4nio Financeiro: LLA Performance Livre FIC FIM Caracter\u00edstica: fundo de investimento em cotas de fundos de investimento multimercado. Objetivo: superar o CDI no m\u00e9dio e longo prazo, atrav\u00e9s de uma carteira diversificada e descorrelacionada, o que proporciona uma dilui\u00e7\u00e3o dos riscos para os clientes. Os fundos que fazem [&hellip;]<\/p>\n","protected":false},"author":1,"featured_media":256,"parent":542,"menu_order":17,"comment_status":"closed","ping_status":"closed","template":"template-detail.php","meta":{"footnotes":""},"yst_prominent_words":[526,524,519,520,521,515,121,528,529,518,420,525,517,530,523,516,349,346,527,522],"class_list":["post-547","page","type-page","status-publish","has-post-thumbnail","hentry"],"acf":[],"_links":{"self":[{"href":"https:\/\/pre.andbank.com\/brasil\/wp-json\/wp\/v2\/pages\/547"}],"collection":[{"href":"https:\/\/pre.andbank.com\/brasil\/wp-json\/wp\/v2\/pages"}],"about":[{"href":"https:\/\/pre.andbank.com\/brasil\/wp-json\/wp\/v2\/types\/page"}],"author":[{"embeddable":true,"href":"https:\/\/pre.andbank.com\/brasil\/wp-json\/wp\/v2\/users\/1"}],"replies":[{"embeddable":true,"href":"https:\/\/pre.andbank.com\/brasil\/wp-json\/wp\/v2\/comments?post=547"}],"version-history":[{"count":0,"href":"https:\/\/pre.andbank.com\/brasil\/wp-json\/wp\/v2\/pages\/547\/revisions"}],"up":[{"embeddable":true,"href":"https:\/\/pre.andbank.com\/brasil\/wp-json\/wp\/v2\/pages\/542"}],"wp:featuredmedia":[{"embeddable":true,"href":"https:\/\/pre.andbank.com\/brasil\/wp-json\/wp\/v2\/media\/256"}],"wp:attachment":[{"href":"https:\/\/pre.andbank.com\/brasil\/wp-json\/wp\/v2\/media?parent=547"}],"wp:term":[{"taxonomy":"yst_prominent_words","embeddable":true,"href":"https:\/\/pre.andbank.com\/brasil\/wp-json\/wp\/v2\/yst_prominent_words?post=547"}],"curies":[{"name":"wp","href":"https:\/\/api.w.org\/{rel}","templated":true}]}}