{"id":546,"date":"2017-04-20T18:07:16","date_gmt":"2017-04-20T16:07:16","guid":{"rendered":"https:\/\/www.andbank.com\/brasil\/?page_id=546\/"},"modified":"2017-08-08T13:09:21","modified_gmt":"2017-08-08T08:09:21","slug":"opcoes-exclusivas-investimento","status":"publish","type":"page","link":"https:\/\/pre.andbank.com\/brasil\/solucoes-de-investimentos\/opcoes-exclusivas-investimento\/","title":{"rendered":"Op\u00e7\u00f5es Exclusivas de Investimento"},"content":{"rendered":"<h2>Fundo de investimento em cotas de fundos de investimentos (FIC)<\/h2>\n<ul>\n<li>Caracter\u00edsticas: esta solu\u00e7\u00e3o permite que o investidor tenha acesso aos fundos selecionados pelos nossos especialistas atrav\u00e9s de um \u00fanico e exclusivo ve\u00edculo. Op\u00e7\u00e3o para quem investe em outros fundos e, at\u00e9 5% do patrim\u00f4nio l\u00edquido, em t\u00edtulos de renda fixa, p\u00fablicos ou de emiss\u00e3o de institui\u00e7\u00f5es financeiras.<\/li>\n<li>P\u00fablico-alvo: pessoas f\u00edsicas\/investidores qualificados.<\/li>\n<li>Regime tribut\u00e1rio: renda fixa de longo prazo (tabela regressiva).<\/li>\n<\/ul>\n<h2>Fundo de investimento multimercado (FIM)<\/h2>\n<ul>\n<li>Caracter\u00edsticas: esta op\u00e7\u00e3o oferece liberdade para investir em qualquer ativo financeiro, incluindo outros fundos, t\u00edtulos de renda fixa ou a\u00e7\u00f5es no Brasil e no exterior.<\/li>\n<li>P\u00fablico-alvo: pessoas f\u00edsicas\/investidores qualificados.<\/li>\n<li>Regime tribut\u00e1rio: renda fixa de longo prazo (tabela regressiva).<\/li>\n<\/ul>\n<h2>Fundo de investimento em a\u00e7\u00f5es (FIA)<\/h2>\n<ul>\n<li>Caracter\u00edsticas: este fundo investe em a\u00e7\u00f5es, t\u00edtulos de renda fixa e em outros fundos no Brasil e no exterior, sendo que pelo menos 67% do patrim\u00f4nio l\u00edquido deve ser alocado em a\u00e7\u00f5es negociadas em bolsa ou em fundos de a\u00e7\u00f5es.<\/li>\n<li>P\u00fablico-alvo: pessoas f\u00edsicas\/investidores qualificados.<\/li>\n<li>Regime tribut\u00e1rio: renda vari\u00e1vel (al\u00edquota de 15%).<\/li>\n<\/ul>\n<h2>Fundos de previd\u00eancia<\/h2>\n<ul>\n<li>Caracter\u00edsticas: atrav\u00e9s de um plano de previd\u00eancia (PGBL ou VGBL) investe-se em diversos ativos, de acordo com a regulamenta\u00e7\u00e3o da Susep. Al\u00e9m disso, sob certas condi\u00e7\u00f5es, estes planos podem ser usados como um instrumento facilitador no processo de sucess\u00e3o patrimonial, por n\u00e3o estarem sujeitos ao invent\u00e1rio.<\/li>\n<li>P\u00fablico-alvo: pessoas f\u00edsicas\/investidores qualificados.<\/li>\n<li>Regime tribut\u00e1rio: al\u00edquotas de 35% a 10% (tabela espec\u00edfica).<\/li>\n<\/ul>\n<h2>Carteira administrada de renda fixa<\/h2>\n<ul>\n<li>Caracter\u00edsticas: servi\u00e7o de sele\u00e7\u00e3o e monitoramento de ativos de renda fixa atrav\u00e9s da participa\u00e7\u00e3o em emiss\u00f5es prim\u00e1rias ou no mercado secund\u00e1rio, com foco em t\u00edtulos com risco de cr\u00e9dito privado, com ou sem isen\u00e7\u00e3o de imposto de renda.<\/li>\n<li>P\u00fablico-alvo: pessoas f\u00edsicas e jur\u00eddicas.<\/li>\n<li>Regime tribut\u00e1rio: renda fixa (tabela regressiva ou isen\u00e7\u00e3o).<\/li>\n<\/ul>\n","protected":false},"excerpt":{"rendered":"<p>Fundo de investimento em cotas de fundos de investimentos (FIC) Caracter\u00edsticas: esta solu\u00e7\u00e3o permite que o investidor tenha acesso aos fundos selecionados pelos nossos especialistas atrav\u00e9s de um \u00fanico e exclusivo ve\u00edculo. Op\u00e7\u00e3o para quem investe em outros fundos e, at\u00e9 5% do patrim\u00f4nio l\u00edquido, em t\u00edtulos de renda fixa, p\u00fablicos ou de emiss\u00e3o de [&hellip;]<\/p>\n","protected":false},"author":1,"featured_media":264,"parent":542,"menu_order":15,"comment_status":"closed","ping_status":"closed","template":"template-detail.php","meta":{"footnotes":""},"yst_prominent_words":[538,531,543,537,544,535,420,541,349,346,540,348,347,128,539,533,542,534,536,532],"class_list":["post-546","page","type-page","status-publish","has-post-thumbnail","hentry"],"acf":[],"_links":{"self":[{"href":"https:\/\/pre.andbank.com\/brasil\/wp-json\/wp\/v2\/pages\/546"}],"collection":[{"href":"https:\/\/pre.andbank.com\/brasil\/wp-json\/wp\/v2\/pages"}],"about":[{"href":"https:\/\/pre.andbank.com\/brasil\/wp-json\/wp\/v2\/types\/page"}],"author":[{"embeddable":true,"href":"https:\/\/pre.andbank.com\/brasil\/wp-json\/wp\/v2\/users\/1"}],"replies":[{"embeddable":true,"href":"https:\/\/pre.andbank.com\/brasil\/wp-json\/wp\/v2\/comments?post=546"}],"version-history":[{"count":0,"href":"https:\/\/pre.andbank.com\/brasil\/wp-json\/wp\/v2\/pages\/546\/revisions"}],"up":[{"embeddable":true,"href":"https:\/\/pre.andbank.com\/brasil\/wp-json\/wp\/v2\/pages\/542"}],"wp:featuredmedia":[{"embeddable":true,"href":"https:\/\/pre.andbank.com\/brasil\/wp-json\/wp\/v2\/media\/264"}],"wp:attachment":[{"href":"https:\/\/pre.andbank.com\/brasil\/wp-json\/wp\/v2\/media?parent=546"}],"wp:term":[{"taxonomy":"yst_prominent_words","embeddable":true,"href":"https:\/\/pre.andbank.com\/brasil\/wp-json\/wp\/v2\/yst_prominent_words?post=546"}],"curies":[{"name":"wp","href":"https:\/\/api.w.org\/{rel}","templated":true}]}}