{"id":542,"date":"2017-04-20T18:01:06","date_gmt":"2017-04-20T16:01:06","guid":{"rendered":"https:\/\/www.andbank.com\/brasil\/?page_id=542\/"},"modified":"2022-02-08T00:55:50","modified_gmt":"2022-02-07T19:55:50","slug":"solucoes-de-investimentos","status":"publish","type":"page","link":"https:\/\/pre.andbank.com\/brasil\/solucoes-de-investimentos\/","title":{"rendered":"Solu\u00e7\u00f5es de Investimentos"},"content":{"rendered":"<h5>*A institui\u00e7\u00e3o \u00e9 remunerada pela distribui\u00e7\u00e3o do produto. Para maiores detalhes, consulte as informa\u00e7\u00f5es dispon\u00edvel em <a href=\"https:\/\/www.andbank.com\/brasil\/politica-remuneracao-pela-distribuicao-produtos-investimentos\/\">POL\u00cdTICA DE REMUNERA\u00c7\u00c3O PELA DISTRIBUI\u00c7\u00c3O DE PRODUTOS DE INVESTIMENTOS<\/a><\/h5>\n","protected":false},"excerpt":{"rendered":"<p>Esta lista contempla os principais produtos financeiros para investidores. Para saber qual \u00e9 o seu perfil de investimento, fale com nossos especialistas.<\/p>\n","protected":false},"author":14,"featured_media":179,"parent":0,"menu_order":8,"comment_status":"closed","ping_status":"closed","template":"template-distributor.php","meta":{"footnotes":""},"yst_prominent_words":[],"class_list":["post-542","page","type-page","status-publish","has-post-thumbnail","hentry"],"acf":[],"_links":{"self":[{"href":"https:\/\/pre.andbank.com\/brasil\/wp-json\/wp\/v2\/pages\/542"}],"collection":[{"href":"https:\/\/pre.andbank.com\/brasil\/wp-json\/wp\/v2\/pages"}],"about":[{"href":"https:\/\/pre.andbank.com\/brasil\/wp-json\/wp\/v2\/types\/page"}],"author":[{"embeddable":true,"href":"https:\/\/pre.andbank.com\/brasil\/wp-json\/wp\/v2\/users\/14"}],"replies":[{"embeddable":true,"href":"https:\/\/pre.andbank.com\/brasil\/wp-json\/wp\/v2\/comments?post=542"}],"version-history":[{"count":5,"href":"https:\/\/pre.andbank.com\/brasil\/wp-json\/wp\/v2\/pages\/542\/revisions"}],"predecessor-version":[{"id":13648,"href":"https:\/\/pre.andbank.com\/brasil\/wp-json\/wp\/v2\/pages\/542\/revisions\/13648"}],"wp:featuredmedia":[{"embeddable":true,"href":"https:\/\/pre.andbank.com\/brasil\/wp-json\/wp\/v2\/media\/179"}],"wp:attachment":[{"href":"https:\/\/pre.andbank.com\/brasil\/wp-json\/wp\/v2\/media?parent=542"}],"wp:term":[{"taxonomy":"yst_prominent_words","embeddable":true,"href":"https:\/\/pre.andbank.com\/brasil\/wp-json\/wp\/v2\/yst_prominent_words?post=542"}],"curies":[{"name":"wp","href":"https:\/\/api.w.org\/{rel}","templated":true}]}}