{"id":538,"date":"2017-04-20T18:00:18","date_gmt":"2017-04-20T16:00:18","guid":{"rendered":"https:\/\/www.andbank.com\/brasil\/?page_id=538\/"},"modified":"2017-08-08T12:56:29","modified_gmt":"2017-08-08T07:56:29","slug":"wealth-management","status":"publish","type":"page","link":"https:\/\/pre.andbank.com\/brasil\/private-banking\/wealth-management\/","title":{"rendered":"Wealth Management"},"content":{"rendered":"<p>Uma linha completa e personalizada de solu\u00e7\u00f5es financeiras no Brasil e no exterior por meio de uma assessoria exclusiva para orientar todas as tomadas de decis\u00e3o do cliente.<\/p>\n<p>Al\u00e9m da orienta\u00e7\u00e3o sobre investimentos, clientes Wealth Management t\u00eam acesso \u00e0 solu\u00e7\u00f5es para sucess\u00e3o de bens, quest\u00f5es tribut\u00e1rias, planejamento matrimonial e casos de fus\u00e3o e aquisi\u00e7\u00f5es.<\/p>\n<p>Para este segmento existem 3 modelos de relacionamento:<\/p>\n<ul>\n<li><strong>Cust\u00f3dia<\/strong><\/li>\n<\/ul>\n<p>Ideal para investidores com mais experi\u00eancia que desejam o acesso \u00e0s ferramentas que o Andbank pode proporcionar. Nele, o cliente realiza seus pr\u00f3prios investimentos via internet banking.<\/p>\n<ul>\n<li><strong>Aconselhamiento financeiro<\/strong><\/li>\n<\/ul>\n<p>Este \u00e9 um modelo de gest\u00e3o compartilhada, em que o Andbank oferece recomenda\u00e7\u00f5es de investimentos para a carteira do cliente e a decis\u00e3o fica a cargo do investidor.<\/p>\n<ul>\n<li><strong>Gest\u00e3o discricion\u00e1ria<\/strong><\/li>\n<\/ul>\n<p>Aconselhado para investidores que desejam delegar o gerenciamento de seus ativos ao Andbank, no qual o banco fica respons\u00e1vel pelas decis\u00f5es de investimentos, executando as transa\u00e7\u00f5es mais rent\u00e1veis de acordo com o perfil do cliente.<\/p>\n<p>Para mais detalhes\u00a0<a href=\"https:\/\/www.andbank.com\/brasil\/contato\/\">entre em contato com o Andbank<\/a>.<\/p>\n<p>&nbsp;<\/p>\n","protected":false},"excerpt":{"rendered":"<p>Produtos e servi\u00e7os altamente personalizados para uma gest\u00e3o de excel\u00eancia para grandes fortunas.<\/p>\n","protected":false},"author":1,"featured_media":640,"parent":532,"menu_order":26,"comment_status":"closed","ping_status":"closed","template":"template-detail.php","meta":{"footnotes":""},"yst_prominent_words":[246,65,64,545,206,548,551,63,419,208,550,549,547,244,247,245,546,200],"class_list":["post-538","page","type-page","status-publish","has-post-thumbnail","hentry"],"acf":[],"_links":{"self":[{"href":"https:\/\/pre.andbank.com\/brasil\/wp-json\/wp\/v2\/pages\/538"}],"collection":[{"href":"https:\/\/pre.andbank.com\/brasil\/wp-json\/wp\/v2\/pages"}],"about":[{"href":"https:\/\/pre.andbank.com\/brasil\/wp-json\/wp\/v2\/types\/page"}],"author":[{"embeddable":true,"href":"https:\/\/pre.andbank.com\/brasil\/wp-json\/wp\/v2\/users\/1"}],"replies":[{"embeddable":true,"href":"https:\/\/pre.andbank.com\/brasil\/wp-json\/wp\/v2\/comments?post=538"}],"version-history":[{"count":0,"href":"https:\/\/pre.andbank.com\/brasil\/wp-json\/wp\/v2\/pages\/538\/revisions"}],"up":[{"embeddable":true,"href":"https:\/\/pre.andbank.com\/brasil\/wp-json\/wp\/v2\/pages\/532"}],"wp:featuredmedia":[{"embeddable":true,"href":"https:\/\/pre.andbank.com\/brasil\/wp-json\/wp\/v2\/media\/640"}],"wp:attachment":[{"href":"https:\/\/pre.andbank.com\/brasil\/wp-json\/wp\/v2\/media?parent=538"}],"wp:term":[{"taxonomy":"yst_prominent_words","embeddable":true,"href":"https:\/\/pre.andbank.com\/brasil\/wp-json\/wp\/v2\/yst_prominent_words?post=538"}],"curies":[{"name":"wp","href":"https:\/\/api.w.org\/{rel}","templated":true}]}}