{"id":532,"date":"2017-04-20T17:54:18","date_gmt":"2017-04-20T15:54:18","guid":{"rendered":"https:\/\/www.andbank.com\/brasil\/?page_id=532\/"},"modified":"2018-03-22T21:17:03","modified_gmt":"2018-03-22T16:17:03","slug":"private-banking","status":"publish","type":"page","link":"https:\/\/pre.andbank.com\/brasil\/private-banking\/","title":{"rendered":"Private Banking"},"content":{"rendered":"<p>Em parceria com mais de 30 gestores independentes e com os principais bancos, o modelo de neg\u00f3cio do Andbank, baseado em arquitetura aberta, permite oferecer aos clientes acesso aos principais produtos do mercado financeiro nacional e internacional.<\/p>\n<p>Um aconselhamento financeiro independente, essencial quando se procura a melhor solu\u00e7\u00e3o de investimento, adapta-se \u00e0s necessidades e prefer\u00eancias \u00fanicas do cliente e oferece o melhor conselho sem conflitos de interesse.<\/p>\n<p>O Andbank oferece um servi\u00e7o abrangente, global e flex\u00edvel, por meio de tr\u00eas segmentos de acordo com o perfil do cliente:<\/p>\n","protected":false},"excerpt":{"rendered":"<p>Em parceria com mais de 30 gestores independentes e com os principais bancos, o modelo de neg\u00f3cio do Andbank, baseado em arquitetura aberta, permite oferecer aos clientes acesso aos principais produtos do mercado financeiro nacional e internacional. Um aconselhamento financeiro independente, essencial quando se procura a melhor solu\u00e7\u00e3o de investimento, adapta-se \u00e0s necessidades e prefer\u00eancias [&hellip;]<\/p>\n","protected":false},"author":1,"featured_media":630,"parent":0,"menu_order":2,"comment_status":"closed","ping_status":"closed","template":"template-distributor.php","meta":{"footnotes":""},"yst_prominent_words":[65,421,545,206,63,419,208,561,559,560,558,98],"class_list":["post-532","page","type-page","status-publish","has-post-thumbnail","hentry"],"acf":[],"_links":{"self":[{"href":"https:\/\/pre.andbank.com\/brasil\/wp-json\/wp\/v2\/pages\/532"}],"collection":[{"href":"https:\/\/pre.andbank.com\/brasil\/wp-json\/wp\/v2\/pages"}],"about":[{"href":"https:\/\/pre.andbank.com\/brasil\/wp-json\/wp\/v2\/types\/page"}],"author":[{"embeddable":true,"href":"https:\/\/pre.andbank.com\/brasil\/wp-json\/wp\/v2\/users\/1"}],"replies":[{"embeddable":true,"href":"https:\/\/pre.andbank.com\/brasil\/wp-json\/wp\/v2\/comments?post=532"}],"version-history":[{"count":0,"href":"https:\/\/pre.andbank.com\/brasil\/wp-json\/wp\/v2\/pages\/532\/revisions"}],"wp:featuredmedia":[{"embeddable":true,"href":"https:\/\/pre.andbank.com\/brasil\/wp-json\/wp\/v2\/media\/630"}],"wp:attachment":[{"href":"https:\/\/pre.andbank.com\/brasil\/wp-json\/wp\/v2\/media?parent=532"}],"wp:term":[{"taxonomy":"yst_prominent_words","embeddable":true,"href":"https:\/\/pre.andbank.com\/brasil\/wp-json\/wp\/v2\/yst_prominent_words?post=532"}],"curies":[{"name":"wp","href":"https:\/\/api.w.org\/{rel}","templated":true}]}}