{"id":2240,"date":"2018-03-03T01:50:01","date_gmt":"2018-03-02T20:50:01","guid":{"rendered":"https:\/\/www.andbank.com\/brasil\/?page_id=2240"},"modified":"2024-02-20T03:44:27","modified_gmt":"2024-02-19T22:44:27","slug":"parceiros-do-andbank","status":"publish","type":"page","link":"https:\/\/pre.andbank.com\/brasil\/parceiros-do-andbank\/","title":{"rendered":"Parceiros do Andbank"},"content":{"rendered":"<h2><strong>Nossos PARCEIROS s\u00e3o nossos CORRESPONDENTES BANC\u00c1RIOS<\/strong><\/h2>\n<p>&nbsp;<\/p>\n<p>Correspondentes banc\u00e1rios s\u00e3o empresas contratadas por institui\u00e7\u00f5es financeiras e demais institui\u00e7\u00f5es autorizadas pelo Banco Central para a presta\u00e7\u00e3o de servi\u00e7os de atendimento aos clientes e usu\u00e1rios dessas institui\u00e7\u00f5es.<\/p>\n<p>&nbsp;<\/p>\n<p>Os servi\u00e7os prestados s\u00e3o de coleta e registro de informa\u00e7\u00f5es cadastrais e de documenta\u00e7\u00e3o, bem como a recep\u00e7\u00e3o e encaminhamento de propostas de opera\u00e7\u00f5es de cr\u00e9dito.<\/p>\n<p>&nbsp;<\/p>\n<p>O\u00a0 Andbank tem parceria com 4 correspondentes banc\u00e1rios:<\/p>\n<p>&nbsp;<\/p>\n<p><strong>PraValer S\/A<\/strong><\/p>\n<p><strong>CNPJ\u00a004.531.065\/0001-14<\/strong><\/p>\n<p><a href=\"https:\/\/www.creditouniversitario.com.br\/interesse2\/?search_institucional&amp;gclid=Cj0KCQiAieTUBRCaARIsAHeLDCSgaDvknCvj03QTq6psDDX67saqUDTx5Mo6z0TodKE3mAFxEOjH4gwaAo0lEALw_wcB\"><img loading=\"lazy\" decoding=\"async\" class=\"wp-image-2246 aligncenter\" src=\"https:\/\/www.andbank.com\/brasil\/wp-content\/uploads\/sites\/11\/2018\/03\/PraValer-e1520016977499.png\" alt=\"Credito Universitario\" width=\"202\" height=\"79\" \/><\/a><\/p>\n<p>&nbsp;<\/p>\n<p>Uma empresa brasileira que tem o objetivo de trazer solu\u00e7\u00f5es financeiras para o setor de educa\u00e7\u00e3o, especialista\u00a0na an\u00e1lise, aquisi\u00e7\u00e3o e manuten\u00e7\u00e3o de direitos credit\u00f3rios educacionais, lastreados em pagamentos de mensalidades ou parcelas de financiamentos estudantis.<\/p>\n<p><strong>Endere\u00e7o:<\/strong><\/p>\n<p>Rua Dr. Fernandes Coelho, 64 &#8211; 1\u00ba andar<\/p>\n<p>CEP 05423-040<\/p>\n<p>S\u00e3o Paulo \u2013 SP<\/p>\n<p>Brasil<\/p>\n<p>Tel. (11) 4020 9745 ou 0800 880 2159<\/p>\n<p>E-mail:\u00a0<span id=\"cloakd4c38cb63afeb45e459ce52a40281ad1\"><a href=\"mailto:faleconosco@idealinvest.com.br\">faleconosco@idealinvest.com.br<\/a><\/span><\/p>\n<p>&nbsp;<\/p>\n<p>Para saber mais, acesse o site do PraValer.<\/p>\n<p>&nbsp;<\/p>\n<p><strong>Geru Tecnologia e Servi\u00e7os S.A. <\/strong><\/p>\n<p><strong>CNPJ\u00a020.955.843\/0001-59<\/strong><\/p>\n<p><a href=\"http:\/\/www.geru.com.br\"><img loading=\"lazy\" decoding=\"async\" class=\" wp-image-7233 aligncenter\" src=\"https:\/\/www.andbank.com\/brasil\/wp-content\/uploads\/sites\/11\/2018\/03\/Geru2.png\" alt=\"\" width=\"200\" height=\"68\" \/><\/a><\/p>\n<p>&nbsp;<\/p>\n<p>A Geru \u00e9 uma plataforma online que facilita o acesso de clientes a\u00a0produtos e servi\u00e7os ofertados por institui\u00e7\u00f5es financeiras credenciadas na plataforma.<\/p>\n<p><strong>Endere\u00e7o:<\/strong><\/p>\n<p>Rua In\u00e1cio Pereira da Rocha, 514 \u2013 Pinheiros<\/p>\n<p>CEP 05432-011<\/p>\n<p>S\u00e3o Paulo \u2013 SP<\/p>\n<p>Brasil<\/p>\n<p>Tel. (11) 3197 4368<\/p>\n<p>E-mail:\u00a0<span id=\"cloakc30e4428de2692db509a291b29600c95\"><a href=\"mailto:contato@geru.com.br\">contato@geru.com.br<\/a><\/span><\/p>\n<p>&nbsp;<\/p>\n<p><strong>Praxis Gest\u00e3o Empresarial\u00a0Eireli<\/strong><\/p>\n<p><strong>CNPJ 12.940.329\/0001-11<\/strong><\/p>\n<p><img loading=\"lazy\" decoding=\"async\" class=\" wp-image-7236 aligncenter\" src=\"https:\/\/www.andbank.com\/brasil\/wp-content\/uploads\/sites\/11\/2018\/03\/Praxis.png\" alt=\"\" width=\"249\" height=\"85\" \/><\/p>\n<p>&nbsp;<\/p>\n<p>A Praxis \u00e9 a empresa respons\u00e1vel pelo servi\u00e7o de encaminhamento de proposta de cr\u00e9dito dos portadores dos instrumentos de pagamento p\u00f3s pagos das empresas CooperCard e MinasCred.<\/p>\n<p><strong>Endere\u00e7o:<\/strong><\/p>\n<p>Av. Pedro Taques, 294 \u2013 Ed. Atrium, Torre Norte<\/p>\n<p>Zona 07<\/p>\n<p>Maring\u00e1 \u2013 PRCEP 87030-000<\/p>\n<p>Brasil<\/p>\n<p>Tel. (44) 3220 5454 ou 0800 200 6263<\/p>\n<p>E-mail:\u00a0<span id=\"cloak58ea933948e8921c3e02ddc871161eda\"><a href=\"contato.financeiro@praxisge.com.br\">contato.financeiro@praxisge.com.br<\/a><\/span><\/p>\n<p>&nbsp;<\/p>\n<p><strong>Captalys Servi\u00e7os de Cr\u00e9dito Ltda <\/strong><\/p>\n<p><strong>CNPJ\u00a013.198.591\/0001-03<\/strong><\/p>\n<p><a href=\"https:\/\/www.captalys.com.br\/\"><img loading=\"lazy\" decoding=\"async\" class=\" wp-image-7234 aligncenter\" src=\"https:\/\/www.andbank.com\/brasil\/wp-content\/uploads\/sites\/11\/2018\/03\/Captalys.png\" alt=\"\" width=\"251\" height=\"86\" \/><\/a><\/p>\n<p>&nbsp;<\/p>\n<p>Uma gestora de cr\u00e9dito, que possui como atividade principal a consultoria em gest\u00e3o empresarial, que conecta capital e tecnologia aos investimentos em cr\u00e9dito privado, garantindo seguran\u00e7a e transpar\u00eancia ao fomentar a economia real e gerar impacto. Que considera o cr\u00e9dito um meio para um prop\u00f3sito maior, isso direciona toda atividade. Tendo como enfoque em pessoas e tecnologia de excel\u00eancia, tornando capaz de proporcionar os melhores servi\u00e7os e produtos para todos os que atuam ou desejam atuar no ecossistema de cr\u00e9dito privado.<\/p>\n<p><strong>Endere\u00e7o:<\/strong><\/p>\n<p>Rua Dr. Renato Paes de Barros, 1017 \u2013 10\u00ba andar<\/p>\n<p>CEP 04530-001<\/p>\n<p>S\u00e3o Paulo \u2013 SP<\/p>\n<p>Brasil<\/p>\n<p>Tel.: (11) 3330 6300 ou (11) 3514 2700<\/p>\n<p>E-mail:\u00a0<span id=\"cloake93c1046a9b62f758872d4f9da2d12d3\"><a href=\"mailto:contato@capitalys.com.br\">contato@capitalys.com.br<\/a><\/span><\/p>\n","protected":false},"excerpt":{"rendered":"<p>Nossos PARCEIROS s\u00e3o nossos CORRESPONDENTES BANC\u00c1RIOS &nbsp; Correspondentes banc\u00e1rios s\u00e3o empresas contratadas por institui\u00e7\u00f5es financeiras e demais institui\u00e7\u00f5es autorizadas pelo Banco Central para a presta\u00e7\u00e3o de servi\u00e7os de atendimento aos clientes e usu\u00e1rios dessas institui\u00e7\u00f5es. &nbsp; Os servi\u00e7os prestados s\u00e3o de coleta e registro de informa\u00e7\u00f5es cadastrais e de documenta\u00e7\u00e3o, bem como a recep\u00e7\u00e3o e [&hellip;]<\/p>\n","protected":false},"author":14,"featured_media":2244,"parent":0,"menu_order":6,"comment_status":"closed","ping_status":"closed","template":"","meta":{"footnotes":""},"yst_prominent_words":[280,101,235,296,342,82,341,295,294,105,2535,80,859,283,81,73,286,278,200,319],"class_list":["post-2240","page","type-page","status-publish","has-post-thumbnail","hentry"],"acf":[],"_links":{"self":[{"href":"https:\/\/pre.andbank.com\/brasil\/wp-json\/wp\/v2\/pages\/2240"}],"collection":[{"href":"https:\/\/pre.andbank.com\/brasil\/wp-json\/wp\/v2\/pages"}],"about":[{"href":"https:\/\/pre.andbank.com\/brasil\/wp-json\/wp\/v2\/types\/page"}],"author":[{"embeddable":true,"href":"https:\/\/pre.andbank.com\/brasil\/wp-json\/wp\/v2\/users\/14"}],"replies":[{"embeddable":true,"href":"https:\/\/pre.andbank.com\/brasil\/wp-json\/wp\/v2\/comments?post=2240"}],"version-history":[{"count":4,"href":"https:\/\/pre.andbank.com\/brasil\/wp-json\/wp\/v2\/pages\/2240\/revisions"}],"predecessor-version":[{"id":14651,"href":"https:\/\/pre.andbank.com\/brasil\/wp-json\/wp\/v2\/pages\/2240\/revisions\/14651"}],"wp:featuredmedia":[{"embeddable":true,"href":"https:\/\/pre.andbank.com\/brasil\/wp-json\/wp\/v2\/media\/2244"}],"wp:attachment":[{"href":"https:\/\/pre.andbank.com\/brasil\/wp-json\/wp\/v2\/media?parent=2240"}],"wp:term":[{"taxonomy":"yst_prominent_words","embeddable":true,"href":"https:\/\/pre.andbank.com\/brasil\/wp-json\/wp\/v2\/yst_prominent_words?post=2240"}],"curies":[{"name":"wp","href":"https:\/\/api.w.org\/{rel}","templated":true}]}}