{"id":1904,"date":"2018-01-18T21:16:05","date_gmt":"2018-01-18T16:16:05","guid":{"rendered":"https:\/\/www.andbank.com\/brasil\/?page_id=1904"},"modified":"2023-04-10T23:26:47","modified_gmt":"2023-04-10T18:26:47","slug":"canal-de-denuncias","status":"publish","type":"page","link":"https:\/\/pre.andbank.com\/brasil\/canal-de-denuncias\/","title":{"rendered":"Canal de Den\u00fancias"},"content":{"rendered":"<h2><strong>Canal de Den\u00fancias<\/strong><\/h2>\n<p>&nbsp;<\/p>\n<p>O Banco Andbank (Brasil) S.A. possu\u00ed este canal para tomar conhecimento, analisar e solucionar quest\u00f5es relacionadas ao C\u00f3digo de \u00c9tica Andbank, disposto no endere\u00e7o <a href=\"http:\/\/www.andbank.com\/brasil\/governanca\">www.andbank.com\/brasil\/governanca<\/a>.<\/p>\n<p>&nbsp;<\/p>\n<p>O Canal de Den\u00fancias \u00e9 um ve\u00edculo de comunica\u00e7\u00e3o segura, e se desejado, an\u00f4nimo,\u00a0que pode ser acessado tanto pelo <span style=\"color: #ff0000\"><strong>p\u00fablico interno<\/strong><\/span> como <span style=\"color: #ff0000\"><strong>p\u00fablico externo<\/strong><\/span>, para relatos de condutas que violem o C\u00f3digo de \u00c9tica Andbank.<\/p>\n<p>&nbsp;<\/p>\n<p>A reclama\u00e7\u00e3o pode ser realizada de duas formas distintas:<\/p>\n<ul>\n<li>contato direto via\u00a0<a href=\"mailto:canaldedenuncia@andbank.com.br\">canaldedenuncia@andbank.com.br<\/a><\/li>\n<li>ou, se preferir denunciar anonimamente, por meio do preenchimento do formul\u00e1rio abaixo<\/li>\n<\/ul>\n<p>&nbsp;<\/p>\n<p>Para uma den\u00fancia an\u00f4nima, como n\u00e3o haver\u00e1 retorno do contato, faz-se de extrema import\u00e2ncia a inclus\u00e3o\u00a0do m\u00e1ximo de informa\u00e7\u00f5es e detalhes poss\u00edveis (Ex: quando, quem, como, onde e porque), incluindo as evid\u00eancias formais do que est\u00e1 sendo denunciado. Den\u00fancias vagas, n\u00e3o espec\u00edficas ou sem comprova\u00e7\u00e3o do ocorrido s\u00e3o mais dif\u00edceis de serem apuradas, por isso \u00e9 necess\u00e1rio o comprometimento em rela\u00e7\u00e3o ao detalhamento e veracidade do que est\u00e1 sendo denunciado.<\/p>\n<p>&nbsp;<\/p>\n<p>Todas as den\u00fancias recebidas ser\u00e3o tratadas confidencialmente. Nenhuma retalia\u00e7\u00e3o ser\u00e1 aceita contra qualquer pessoa que fa\u00e7a uma den\u00fancia em boa-f\u00e9.\u00a0De forma imparcial e transparente, a raz\u00e3o de existir do Canal de Den\u00fancias \u00e9 colaborar para promover um ambiente melhor para todos.<\/p>\n<p>&nbsp;<\/p>\n<p>Se voc\u00ea tiver d\u00favidas relativas \u00e0 interpreta\u00e7\u00e3o do C\u00f3digo de \u00c9tica Andbank, n\u00e3o hesite em entrar em contato por meio do e-mail <a href=\"mailto:canaldedenuncia@andbank.com.br\">canaldedenuncia@andbank.com.br<\/a>\u00a0ou pelo telefone\u00a0 11 3529-0414.<\/p>\n<p>&nbsp;<\/p>\n<h2><\/h2>\n","protected":false},"excerpt":{"rendered":"<p>Canal de Den\u00fancias &nbsp; O Banco Andbank (Brasil) S.A. possu\u00ed este canal para tomar conhecimento, analisar e solucionar quest\u00f5es relacionadas ao C\u00f3digo de \u00c9tica Andbank, disposto no endere\u00e7o www.andbank.com\/brasil\/governanca. &nbsp; O Canal de Den\u00fancias \u00e9 um ve\u00edculo de comunica\u00e7\u00e3o segura, e se desejado, an\u00f4nimo,\u00a0que pode ser acessado tanto pelo p\u00fablico interno como p\u00fablico externo, para [&hellip;]<\/p>\n","protected":false},"author":14,"featured_media":1918,"parent":0,"menu_order":8,"comment_status":"closed","ping_status":"closed","template":"template-detail.php","meta":{"footnotes":""},"yst_prominent_words":[65,163,215,265,276,201,256,258,271,214,277,208,203,259,269,425,202,272,98,270],"class_list":["post-1904","page","type-page","status-publish","has-post-thumbnail","hentry"],"acf":[],"_links":{"self":[{"href":"https:\/\/pre.andbank.com\/brasil\/wp-json\/wp\/v2\/pages\/1904"}],"collection":[{"href":"https:\/\/pre.andbank.com\/brasil\/wp-json\/wp\/v2\/pages"}],"about":[{"href":"https:\/\/pre.andbank.com\/brasil\/wp-json\/wp\/v2\/types\/page"}],"author":[{"embeddable":true,"href":"https:\/\/pre.andbank.com\/brasil\/wp-json\/wp\/v2\/users\/14"}],"replies":[{"embeddable":true,"href":"https:\/\/pre.andbank.com\/brasil\/wp-json\/wp\/v2\/comments?post=1904"}],"version-history":[{"count":2,"href":"https:\/\/pre.andbank.com\/brasil\/wp-json\/wp\/v2\/pages\/1904\/revisions"}],"predecessor-version":[{"id":14043,"href":"https:\/\/pre.andbank.com\/brasil\/wp-json\/wp\/v2\/pages\/1904\/revisions\/14043"}],"wp:featuredmedia":[{"embeddable":true,"href":"https:\/\/pre.andbank.com\/brasil\/wp-json\/wp\/v2\/media\/1918"}],"wp:attachment":[{"href":"https:\/\/pre.andbank.com\/brasil\/wp-json\/wp\/v2\/media?parent=1904"}],"wp:term":[{"taxonomy":"yst_prominent_words","embeddable":true,"href":"https:\/\/pre.andbank.com\/brasil\/wp-json\/wp\/v2\/yst_prominent_words?post=1904"}],"curies":[{"name":"wp","href":"https:\/\/api.w.org\/{rel}","templated":true}]}}