{"id":1457,"date":"2017-10-02T12:20:13","date_gmt":"2017-10-02T07:20:13","guid":{"rendered":"https:\/\/www.andbank.com\/brasil\/?page_id=1457"},"modified":"2023-03-01T21:51:36","modified_gmt":"2023-03-01T16:51:36","slug":"suitability","status":"publish","type":"page","link":"https:\/\/pre.andbank.com\/brasil\/solucoes-de-investimentos\/suitability\/","title":{"rendered":"Suitability"},"content":{"rendered":"<h2>Associa\u00e7\u00e3o gen\u00e9rica de produtos aos perfis de investor<\/h2>\n<p>&nbsp;<\/p>\n<p>A defini\u00e7\u00e3o de <strong>Suitability<\/strong> no dicion\u00e1rio \u00e9 a qualidade de ser adequado, apropriado ou conveniente.<\/p>\n<p>&nbsp;<\/p>\n<p>Antes de um investimento inicial, conforme pol\u00edtica interna do Andbank de Suitability e legisla\u00e7\u00e3o vigente, ser\u00e1 verificada a compatibilidade do investidor com o investimento desejado.<\/p>\n<p>&nbsp;<\/p>\n<p>Devido \u00e0s classes de risco e retorno, \u00e9 necess\u00e1rio uma avalia\u00e7\u00e3o individual de todo e qualquer produto para determinar sua compatibilidade ao perfil do investidor.<\/p>\n<p>&nbsp;<\/p>\n<p>Para maiores informa\u00e7\u00f5es, acesse a planilha de <a href=\"https:\/\/www.andbank.com\/brasil\/wp-content\/uploads\/sites\/11\/2023\/03\/Classificacao-Suitability-Produtos.pdf\">Classifica\u00e7\u00e3o Suitability &#8211; Produtos<\/a> ou consulte a equipe do Andbank Brasil.<\/p>\n<p>&nbsp;<\/p>\n<p>&nbsp;<\/p>\n","protected":false},"excerpt":{"rendered":"<p>Associa\u00e7\u00e3o gen\u00e9rica de produtos aos perfis de investor &nbsp; A defini\u00e7\u00e3o de Suitability no dicion\u00e1rio \u00e9 a qualidade de ser adequado, apropriado ou conveniente. &nbsp; Antes de um investimento inicial, conforme pol\u00edtica interna do Andbank de Suitability e legisla\u00e7\u00e3o vigente, ser\u00e1 verificada a compatibilidade do investidor com o investimento desejado. &nbsp; Devido \u00e0s classes de [&hellip;]<\/p>\n","protected":false},"author":14,"featured_media":201,"parent":542,"menu_order":101,"comment_status":"closed","ping_status":"closed","template":"template-detail.php","meta":{"footnotes":""},"yst_prominent_words":[65,2463,63,62,1627,264,2365,238,1630,2465,2464,2462],"class_list":["post-1457","page","type-page","status-publish","has-post-thumbnail","hentry"],"acf":[],"_links":{"self":[{"href":"https:\/\/pre.andbank.com\/brasil\/wp-json\/wp\/v2\/pages\/1457"}],"collection":[{"href":"https:\/\/pre.andbank.com\/brasil\/wp-json\/wp\/v2\/pages"}],"about":[{"href":"https:\/\/pre.andbank.com\/brasil\/wp-json\/wp\/v2\/types\/page"}],"author":[{"embeddable":true,"href":"https:\/\/pre.andbank.com\/brasil\/wp-json\/wp\/v2\/users\/14"}],"replies":[{"embeddable":true,"href":"https:\/\/pre.andbank.com\/brasil\/wp-json\/wp\/v2\/comments?post=1457"}],"version-history":[{"count":4,"href":"https:\/\/pre.andbank.com\/brasil\/wp-json\/wp\/v2\/pages\/1457\/revisions"}],"predecessor-version":[{"id":14013,"href":"https:\/\/pre.andbank.com\/brasil\/wp-json\/wp\/v2\/pages\/1457\/revisions\/14013"}],"up":[{"embeddable":true,"href":"https:\/\/pre.andbank.com\/brasil\/wp-json\/wp\/v2\/pages\/542"}],"wp:featuredmedia":[{"embeddable":true,"href":"https:\/\/pre.andbank.com\/brasil\/wp-json\/wp\/v2\/media\/201"}],"wp:attachment":[{"href":"https:\/\/pre.andbank.com\/brasil\/wp-json\/wp\/v2\/media?parent=1457"}],"wp:term":[{"taxonomy":"yst_prominent_words","embeddable":true,"href":"https:\/\/pre.andbank.com\/brasil\/wp-json\/wp\/v2\/yst_prominent_words?post=1457"}],"curies":[{"name":"wp","href":"https:\/\/api.w.org\/{rel}","templated":true}]}}