{"id":14212,"date":"2023-05-07T20:42:26","date_gmt":"2023-05-07T15:42:26","guid":{"rendered":"https:\/\/www.andbank.com\/brasil\/?page_id=14212"},"modified":"2023-05-07T21:42:10","modified_gmt":"2023-05-07T16:42:10","slug":"atuar-com-disciplina","status":"publish","type":"page","link":"https:\/\/pre.andbank.com\/brasil\/atuar-com-disciplina\/","title":{"rendered":"ATUAR COM DISCIPLINA"},"content":{"rendered":"<table>\n<tbody>\n<tr>\n<td>\n<h1 class=\"elementor-heading-title elementor-size-default\">UM PROCESSO MINUCIOSO DE INVESTIMENTO PARA ALCAN\u00c7AR OS MELHORES RESULTADOS PARA VOC\u00ca<\/h1>\n<p>&nbsp;<\/p>\n<p>Um dos pilares mais importantes para n\u00f3s \u00e9 atuar com disciplina, sempre estando atentos aos detalhes. Desta forma, criamos um meio de atuar junto \u00e0s nossas equipes de especialistas para dar todo suporte aos seus investimentos. \u00c9 uma maneira de combinar nossa vis\u00e3o de mercado com um processo inteligente em Top Down.<\/p>\n<p>&nbsp;<\/p>\n<p>&nbsp;<\/p>\n<p>&nbsp;<\/p>\n<p>&nbsp;<\/p>\n<p>&nbsp;<\/td>\n<td><\/td>\n<td style=\"width: 60%\"><img loading=\"lazy\" decoding=\"async\" class=\"wp-image-14214 aligncenter\" src=\"https:\/\/www.andbank.com\/brasil\/wp-content\/uploads\/sites\/11\/2023\/05\/1-2.png\" alt=\"\" width=\"500\" height=\"500\" srcset=\"https:\/\/pre.andbank.com\/brasil\/wp-content\/uploads\/sites\/11\/2023\/05\/1-2.png 790w, https:\/\/pre.andbank.com\/brasil\/wp-content\/uploads\/sites\/11\/2023\/05\/1-2-768x768.png 768w\" sizes=\"(max-width: 500px) 100vw, 500px\" \/><\/td>\n<\/tr>\n<\/tbody>\n<\/table>\n<p>&nbsp;<\/p>\n<table>\n<tbody>\n<tr>\n<td><img loading=\"lazy\" decoding=\"async\" class=\"alignnone size-full wp-image-14217\" src=\"https:\/\/www.andbank.com\/brasil\/wp-content\/uploads\/sites\/11\/2023\/05\/2-3.png\" alt=\"\" width=\"943\" height=\"1199\" srcset=\"https:\/\/pre.andbank.com\/brasil\/wp-content\/uploads\/sites\/11\/2023\/05\/2-3.png 943w, https:\/\/pre.andbank.com\/brasil\/wp-content\/uploads\/sites\/11\/2023\/05\/2-3-768x976.png 768w\" sizes=\"(max-width: 943px) 100vw, 943px\" \/><\/td>\n<td><\/td>\n<td style=\"width: 50%\">\n<h2 class=\"elementor-heading-title elementor-size-default\">E VOC\u00ca TAMB\u00c9M PODE ACOMPANHAR TODA ESSA EVOLU\u00c7\u00c3O PELA PLATAFORMA DIGITAL DO ANDBANK.<\/h2>\n<p>&nbsp;<\/p>\n<p>Disponibilizamos uma plataforma digital totalmente integrada para web e mobile, desenvolvida dentro de um ambiente seguro e moderno para oferecer a transpar\u00eancia que o investidor precisa no seu dia a dia. Com ela, voc\u00ea:<\/p>\n<ul class=\"lista-app\">\n<li>Acessa rapidamente informa\u00e7\u00f5es consolidadas da sua carteira<\/li>\n<\/ul>\n<ul class=\"lista-app\">\n<li>Realiza novas aplica\u00e7\u00f5es e resgates na mesma hora<\/li>\n<\/ul>\n<ul class=\"lista-app\">\n<li>Visualiza o extrato da sua conta corrente e os futuros lan\u00e7amentos<\/li>\n<\/ul>\n<ul class=\"lista-app\">\n<li>Gerencia seus documentos<\/li>\n<\/ul>\n<ul class=\"lista-app\">\n<li>Confere a evolu\u00e7\u00e3o de sua rentabilidade por per\u00edodo de onde estiver, pelo celular ou computador<\/li>\n<\/ul>\n<p>&nbsp;<\/p>\n<p><img loading=\"lazy\" decoding=\"async\" class=\" wp-image-14218 aligncenter\" src=\"https:\/\/www.andbank.com\/brasil\/wp-content\/uploads\/sites\/11\/2023\/05\/3-4.png\" alt=\"\" width=\"209\" height=\"62\" \/><\/p>\n<p><img loading=\"lazy\" decoding=\"async\" class=\"size-medium wp-image-14219 aligncenter\" src=\"https:\/\/www.andbank.com\/brasil\/wp-content\/uploads\/sites\/11\/2023\/05\/4-3.png\" alt=\"\" width=\"206\" height=\"69\" \/><\/td>\n<\/tr>\n<\/tbody>\n<\/table>\n<p>&nbsp;<\/p>\n<p><img loading=\"lazy\" decoding=\"async\" class=\"alignnone size-full wp-image-14169\" src=\"https:\/\/www.andbank.com\/brasil\/wp-content\/uploads\/sites\/11\/2023\/05\/7.jpg\" alt=\"\" width=\"1891\" height=\"210\" srcset=\"https:\/\/pre.andbank.com\/brasil\/wp-content\/uploads\/sites\/11\/2023\/05\/7.jpg 1891w, https:\/\/pre.andbank.com\/brasil\/wp-content\/uploads\/sites\/11\/2023\/05\/7-768x85.jpg 768w, https:\/\/pre.andbank.com\/brasil\/wp-content\/uploads\/sites\/11\/2023\/05\/7-1536x171.jpg 1536w\" sizes=\"(max-width: 1891px) 100vw, 1891px\" \/><\/p>\n","protected":false},"excerpt":{"rendered":"<p>UM PROCESSO MINUCIOSO DE INVESTIMENTO PARA ALCAN\u00c7AR OS MELHORES RESULTADOS PARA VOC\u00ca &nbsp; Um dos pilares mais importantes para n\u00f3s \u00e9 atuar com disciplina, sempre estando atentos aos detalhes. Desta forma, criamos um meio de atuar junto \u00e0s nossas equipes de especialistas para dar todo suporte aos seus investimentos. \u00c9 uma maneira de combinar nossa [&hellip;]<\/p>\n","protected":false},"author":14,"featured_media":14213,"parent":0,"menu_order":0,"comment_status":"closed","ping_status":"closed","template":"","meta":{"footnotes":""},"yst_prominent_words":[],"class_list":["post-14212","page","type-page","status-publish","has-post-thumbnail","hentry"],"acf":[],"_links":{"self":[{"href":"https:\/\/pre.andbank.com\/brasil\/wp-json\/wp\/v2\/pages\/14212"}],"collection":[{"href":"https:\/\/pre.andbank.com\/brasil\/wp-json\/wp\/v2\/pages"}],"about":[{"href":"https:\/\/pre.andbank.com\/brasil\/wp-json\/wp\/v2\/types\/page"}],"author":[{"embeddable":true,"href":"https:\/\/pre.andbank.com\/brasil\/wp-json\/wp\/v2\/users\/14"}],"replies":[{"embeddable":true,"href":"https:\/\/pre.andbank.com\/brasil\/wp-json\/wp\/v2\/comments?post=14212"}],"version-history":[{"count":4,"href":"https:\/\/pre.andbank.com\/brasil\/wp-json\/wp\/v2\/pages\/14212\/revisions"}],"predecessor-version":[{"id":14254,"href":"https:\/\/pre.andbank.com\/brasil\/wp-json\/wp\/v2\/pages\/14212\/revisions\/14254"}],"wp:featuredmedia":[{"embeddable":true,"href":"https:\/\/pre.andbank.com\/brasil\/wp-json\/wp\/v2\/media\/14213"}],"wp:attachment":[{"href":"https:\/\/pre.andbank.com\/brasil\/wp-json\/wp\/v2\/media?parent=14212"}],"wp:term":[{"taxonomy":"yst_prominent_words","embeddable":true,"href":"https:\/\/pre.andbank.com\/brasil\/wp-json\/wp\/v2\/yst_prominent_words?post=14212"}],"curies":[{"name":"wp","href":"https:\/\/api.w.org\/{rel}","templated":true}]}}