{"id":14182,"date":"2023-05-07T19:43:32","date_gmt":"2023-05-07T14:43:32","guid":{"rendered":"https:\/\/www.andbank.com\/brasil\/?page_id=14182"},"modified":"2023-05-11T00:19:59","modified_gmt":"2023-05-10T19:19:59","slug":"mensurar-riscos","status":"publish","type":"page","link":"https:\/\/pre.andbank.com\/brasil\/mensurar-riscos\/","title":{"rendered":"MENSURAR RISCOS"},"content":{"rendered":"<h1 class=\"elementor-heading-title elementor-size-default\" style=\"text-align: center\"><strong>SUCESSO E CONFIAN\u00c7A DE UM BANCO GLOBAL <\/strong><\/h1>\n<h1 class=\"elementor-heading-title elementor-size-default\" style=\"text-align: center\"><strong>PARA TRAZER RESULTADOS \u00c0 SUA ALTURA<\/strong><\/h1>\n<p>&nbsp;<\/p>\n<table>\n<tbody>\n<tr>\n<td>\n<ul class=\"lista-vedacoes\">\n<li>Em setembro de 2021, a\u00a0<strong>Fitch Ratings<\/strong>\u00a0reafirmou o rating nacional \u2018<strong>AAA (bra<\/strong>)\u2019 com perspectiva est\u00e1vel para o Andbank Brasil, a nota mais alta na escala de avalia\u00e7\u00e3o da ag\u00eancia.<\/li>\n<\/ul>\n<p>&nbsp;<\/td>\n<td><\/td>\n<td style=\"width: 50%\">\n<ul class=\"lista-vedacoes\">\n<li>A principal raz\u00e3o para esta boa avalia\u00e7\u00e3o reside em sermos parte de um grupo que possui presen\u00e7a em\u00a0<strong>11 pa\u00edses<\/strong>\u00a0e que conta com um modelo de neg\u00f3cio especializado na gest\u00e3o de patrim\u00f4nio e em\u00a0<strong>private banking<\/strong>, que resulta na capacidade \u00fanica de\u00a0<strong>boas oportunidades<\/strong>\u00a0de origina\u00e7\u00e3o de neg\u00f3cios, direcionadas especialmente para nossos clientes.<\/li>\n<\/ul>\n<\/td>\n<\/tr>\n<\/tbody>\n<\/table>\n<p>&nbsp;<\/p>\n<table>\n<tbody>\n<tr>\n<td><img loading=\"lazy\" decoding=\"async\" class=\"size-full wp-image-14187 aligncenter\" src=\"https:\/\/www.andbank.com\/brasil\/wp-content\/uploads\/sites\/11\/2023\/05\/2-2.png\" alt=\"\" width=\"263\" height=\"263\" \/><\/p>\n<p><img loading=\"lazy\" decoding=\"async\" class=\"size-full wp-image-14188 aligncenter\" src=\"https:\/\/www.andbank.com\/brasil\/wp-content\/uploads\/sites\/11\/2023\/05\/3-2.png\" alt=\"\" width=\"263\" height=\"263\" \/><\/td>\n<td><\/td>\n<td style=\"width: 70%\">\n<h2><strong>ANDBANK BRASIL \u2013 classifica\u00e7\u00e3o brAAA com perspectiva est\u00e1vel<\/strong><\/h2>\n<p>Os ratings AAA avaliados pela Fitch Ratings, uma das maiores ag\u00eancias de classifica\u00e7\u00e3o de risco do mundo, classificam como a menor expectativa de risco de inadimpl\u00eancia.<\/p>\n<p>&nbsp;<\/p>\n<p>&nbsp;<\/p>\n<p>&nbsp;<\/p>\n<p>&nbsp;<\/p>\n<h2><strong>GRUPO ANDBANK \u2013 classifica\u00e7\u00e3o BBB com perspectiva est\u00e1vel<\/strong><\/h2>\n<p>Os ratings BBB classificam os riscos sobre a qualidade de cr\u00e9dito e a capacidade de honrar suas obriga\u00e7\u00f5es financeiras integralmente de longo prazo.<\/td>\n<\/tr>\n<\/tbody>\n<\/table>\n<p>&nbsp;<\/p>\n<h2 class=\"elementor-heading-title elementor-size-default\" style=\"text-align: center\"><span style=\"color: #000000\"><strong>COM O ANDBANK, VOC\u00ca TEM A GARANTIA DE QUE PRECISA<\/strong><\/span><\/h2>\n<h2 class=\"elementor-heading-title elementor-size-default\" style=\"text-align: center\"><span style=\"color: #000000\"><strong> E A CONFIAN\u00c7A QUE EST\u00c1 BUSCANDO<\/strong><\/span><\/h2>\n<p>&nbsp;<\/p>\n<p><img loading=\"lazy\" decoding=\"async\" class=\"size-full wp-image-14191 aligncenter\" src=\"https:\/\/www.andbank.com\/brasil\/wp-content\/uploads\/sites\/11\/2023\/05\/2.jpg\" alt=\"\" width=\"981\" height=\"505\" srcset=\"https:\/\/pre.andbank.com\/brasil\/wp-content\/uploads\/sites\/11\/2023\/05\/2.jpg 981w, https:\/\/pre.andbank.com\/brasil\/wp-content\/uploads\/sites\/11\/2023\/05\/2-768x395.jpg 768w\" sizes=\"(max-width: 981px) 100vw, 981px\" \/><\/p>\n<p>&nbsp;<\/p>\n<table>\n<tbody>\n<tr>\n<td>\n<h2 class=\"elementor-heading-title elementor-size-default\"><strong><span style=\"color: #000000\">SOMOS REGULAMENTADOS PELOS \u00d3RG\u00c3OS REGULADORES MAIS IMPORTANTES DOS 11 PA\u00cdSES ONDE ESTAMOS PRESENTES<\/span><\/strong><\/h2>\n<p>&nbsp;<\/p>\n<p>&nbsp;<\/p>\n<p>&nbsp;<\/p>\n<p>&nbsp;<\/p>\n<p>&nbsp;<\/p>\n<p>&nbsp;<\/p>\n<p>&nbsp;<\/p>\n<p>&nbsp;<\/p>\n<p>&nbsp;<\/p>\n<p>&nbsp;<\/p>\n<p>&nbsp;<\/p>\n<p>&nbsp;<\/p>\n<p>&nbsp;<\/p>\n<p>&nbsp;<\/p>\n<p>&nbsp;<\/p>\n<p>&nbsp;<\/p>\n<p>&nbsp;<\/p>\n<p>&nbsp;<\/p>\n<p>&nbsp;<\/p>\n<p>&nbsp;<\/p>\n<p>&nbsp;<\/p>\n<p>&nbsp;<\/p>\n<p>&nbsp;<\/p>\n<p>&nbsp;<\/p>\n<p>&nbsp;<\/p>\n<p>&nbsp;<\/p>\n<p>&nbsp;<\/p>\n<p>&nbsp;<\/td>\n<td><\/td>\n<td style=\"width: 70%\">\n<h2><img loading=\"lazy\" decoding=\"async\" class=\"alignnone wp-image-14190 size-full\" src=\"https:\/\/www.andbank.com\/brasil\/wp-content\/uploads\/sites\/11\/2023\/05\/5.png\" alt=\"\" width=\"735\" height=\"1201\" \/><\/h2>\n<\/td>\n<\/tr>\n<\/tbody>\n<\/table>\n<p>&nbsp;<\/p>\n<h1 style=\"text-align: center\"><a href=\"https:\/\/www.andbank.com\/brasil\/estudar-os-produtos\/\"><strong><span style=\"color: #ed0000\">CONHE\u00c7A OS BENEF\u00cdCIOS DE UM PRIVATE BANK<\/span><\/strong><\/a><\/h1>\n<p>&nbsp;<\/p>\n<p><img loading=\"lazy\" decoding=\"async\" class=\"alignnone size-full wp-image-14189\" src=\"https:\/\/www.andbank.com\/brasil\/wp-content\/uploads\/sites\/11\/2023\/05\/4-1.png\" alt=\"\" width=\"1920\" height=\"500\" srcset=\"https:\/\/pre.andbank.com\/brasil\/wp-content\/uploads\/sites\/11\/2023\/05\/4-1.png 1920w, https:\/\/pre.andbank.com\/brasil\/wp-content\/uploads\/sites\/11\/2023\/05\/4-1-768x200.png 768w, https:\/\/pre.andbank.com\/brasil\/wp-content\/uploads\/sites\/11\/2023\/05\/4-1-1536x400.png 1536w\" sizes=\"(max-width: 1920px) 100vw, 1920px\" \/><\/p>\n<p><a href=\"https:\/\/www.andbank.com\/brasil\/seja-cliente\/\"><img loading=\"lazy\" decoding=\"async\" class=\"alignnone size-full wp-image-14169\" src=\"https:\/\/www.andbank.com\/brasil\/wp-content\/uploads\/sites\/11\/2023\/05\/7.jpg\" alt=\"\" width=\"1891\" height=\"210\" srcset=\"https:\/\/pre.andbank.com\/brasil\/wp-content\/uploads\/sites\/11\/2023\/05\/7.jpg 1891w, https:\/\/pre.andbank.com\/brasil\/wp-content\/uploads\/sites\/11\/2023\/05\/7-768x85.jpg 768w, https:\/\/pre.andbank.com\/brasil\/wp-content\/uploads\/sites\/11\/2023\/05\/7-1536x171.jpg 1536w\" sizes=\"(max-width: 1891px) 100vw, 1891px\" \/><\/a><\/p>\n","protected":false},"excerpt":{"rendered":"<p>SUCESSO E CONFIAN\u00c7A DE UM BANCO GLOBAL PARA TRAZER RESULTADOS \u00c0 SUA ALTURA &nbsp; Em setembro de 2021, a\u00a0Fitch Ratings\u00a0reafirmou o rating nacional \u2018AAA (bra)\u2019 com perspectiva est\u00e1vel para o Andbank Brasil, a nota mais alta na escala de avalia\u00e7\u00e3o da ag\u00eancia. &nbsp; A principal raz\u00e3o para esta boa avalia\u00e7\u00e3o reside em sermos parte de [&hellip;]<\/p>\n","protected":false},"author":14,"featured_media":14186,"parent":0,"menu_order":0,"comment_status":"closed","ping_status":"closed","template":"","meta":{"footnotes":""},"yst_prominent_words":[],"class_list":["post-14182","page","type-page","status-publish","has-post-thumbnail","hentry"],"acf":[],"_links":{"self":[{"href":"https:\/\/pre.andbank.com\/brasil\/wp-json\/wp\/v2\/pages\/14182"}],"collection":[{"href":"https:\/\/pre.andbank.com\/brasil\/wp-json\/wp\/v2\/pages"}],"about":[{"href":"https:\/\/pre.andbank.com\/brasil\/wp-json\/wp\/v2\/types\/page"}],"author":[{"embeddable":true,"href":"https:\/\/pre.andbank.com\/brasil\/wp-json\/wp\/v2\/users\/14"}],"replies":[{"embeddable":true,"href":"https:\/\/pre.andbank.com\/brasil\/wp-json\/wp\/v2\/comments?post=14182"}],"version-history":[{"count":8,"href":"https:\/\/pre.andbank.com\/brasil\/wp-json\/wp\/v2\/pages\/14182\/revisions"}],"predecessor-version":[{"id":14276,"href":"https:\/\/pre.andbank.com\/brasil\/wp-json\/wp\/v2\/pages\/14182\/revisions\/14276"}],"wp:featuredmedia":[{"embeddable":true,"href":"https:\/\/pre.andbank.com\/brasil\/wp-json\/wp\/v2\/media\/14186"}],"wp:attachment":[{"href":"https:\/\/pre.andbank.com\/brasil\/wp-json\/wp\/v2\/media?parent=14182"}],"wp:term":[{"taxonomy":"yst_prominent_words","embeddable":true,"href":"https:\/\/pre.andbank.com\/brasil\/wp-json\/wp\/v2\/yst_prominent_words?post=14182"}],"curies":[{"name":"wp","href":"https:\/\/api.w.org\/{rel}","templated":true}]}}