{"id":14146,"date":"2023-05-07T17:48:29","date_gmt":"2023-05-07T12:48:29","guid":{"rendered":"https:\/\/www.andbank.com\/brasil\/?page_id=14146"},"modified":"2023-05-09T20:05:20","modified_gmt":"2023-05-09T15:05:20","slug":"entender-o-mercado","status":"publish","type":"page","link":"https:\/\/pre.andbank.com\/brasil\/entender-o-mercado\/","title":{"rendered":"ENTENDER O MERCADO"},"content":{"rendered":"<h1 class=\"elementor-heading-title elementor-size-default\">SEJA BEM-VINDO AO ANDBANK<\/h1>\n<h2>o seu banco que j\u00e1 nasceu private para evoluir sempre.<\/h2>\n<p>&nbsp;<\/p>\n<table>\n<tbody>\n<tr>\n<td><img loading=\"lazy\" decoding=\"async\" class=\"alignnone size-full wp-image-14147\" src=\"https:\/\/www.andbank.com\/brasil\/wp-content\/uploads\/sites\/11\/2023\/05\/1.png\" alt=\"\" width=\"700\" height=\"783\" \/><\/td>\n<td><\/td>\n<td style=\"width: 50%\">Fundado em\u00a0<strong>1930<\/strong>\u00a0no principado de\u00a0<strong>Andorra<\/strong>, um exclusivo centro financeiro da Europa, e controlado pela terceira gera\u00e7\u00e3o das duas fam\u00edlias fundadoras, o\u00a0<strong>Andbank<\/strong>\u00a0\u00e9 um\u00a0<em><strong>private bank<\/strong><\/em>\u00a0com mais de\u00a0<strong>90 anos de tradi\u00e7\u00e3o<\/strong>\u00a0em gest\u00e3o de patrim\u00f4nio para clientes de alta renda.<\/p>\n<p>&nbsp;<\/p>\n<p>Eleito\u00a0<strong>Bank of The Year e Best Private Bank<\/strong>\u00a0de Andorra pela The Banker, do grupo Financial Times, e\u00a0<strong>Best Private Bank<\/strong>\u00a0pela Global Finance, hoje estamos presentes em\u00a0<strong>11 pa\u00edses<\/strong>\u00a0das Am\u00e9ricas, da Europa e do Oriente M\u00e9dio, \u00e0 frente da gest\u00e3o de mais de\u00a0<strong>160 bilh\u00f5es<\/strong>\u00a0de reais em ativos globais.<\/p>\n<p>&nbsp;<\/p>\n<p>Toda\u00a0<strong>essa experi\u00eancia<\/strong>\u00a0conta com o olhar diferenciada sobre o mercado financeiro de mais de 1.300 colaboraores de 37 nacionalidades distintas, caparzes de identificar as melhores oportunidades de neg\u00f3cios e investimentos para voc\u00ea.<\/p>\n<p>&nbsp;<\/p>\n<p><img loading=\"lazy\" decoding=\"async\" class=\"aligncenter wp-image-14148 size-full\" src=\"https:\/\/www.andbank.com\/brasil\/wp-content\/uploads\/sites\/11\/2023\/05\/2.png\" alt=\"\" width=\"791\" height=\"223\" srcset=\"https:\/\/pre.andbank.com\/brasil\/wp-content\/uploads\/sites\/11\/2023\/05\/2.png 791w, https:\/\/pre.andbank.com\/brasil\/wp-content\/uploads\/sites\/11\/2023\/05\/2-768x217.png 768w\" sizes=\"(max-width: 791px) 100vw, 791px\" \/><\/td>\n<\/tr>\n<\/tbody>\n<\/table>\n<p>&nbsp;<\/p>\n<h1>ANDORRA: ONDE TUDO COME\u00c7OU<\/h1>\n<h2>Um principado t\u00e3o exclusivo, que traduz o seu jeito \u00fanico de fazer planos<\/h2>\n<p>&nbsp;<\/p>\n<p>Toda jornada de sucesso tem um in\u00edcio. Come\u00e7amos nossa trajet\u00f3ria em meio aos Alpes Pirineus de Andorra, um principado favorecido pelo turismo e pelo setor financeiro.<\/p>\n<ul>\n<li>Alta renda per capita, estimada em 3,6 vezes a m\u00e9dia de pa\u00edses BBB.<\/li>\n<li>Sistema banc\u00e1rio avan\u00e7ado, especialmente em termos de transpar\u00eancia e seguran\u00e7a, e alinhado com as principais regulamenta\u00e7\u00f5es banc\u00e1rias do mundo.<\/li>\n<li>Rating BBB+ pela Fitch.<\/li>\n<\/ul>\n<p>&nbsp;<\/p>\n<h1 class=\"elementor-heading-title elementor-size-default\" style=\"text-align: center\"><span style=\"color: #e00000\">UM OVERVIEW PELA NOSSA JORNADA EM ANDORRA<\/span><\/h1>\n<p>&nbsp;<\/p>\n<table style=\"max-width: 2000px;width: 100%\">\n<tbody>\n<tr>\n<td>\n<div class=\"elementor-element elementor-element-efabfc1 animated-slow elementor-widget elementor-widget-heading\" data-id=\"efabfc1\" data-element_type=\"widget\" data-settings=\"{&quot;motion_fx_motion_fx_scrolling&quot;:&quot;yes&quot;,&quot;_animation&quot;:&quot;none&quot;,&quot;motion_fx_devices&quot;:[&quot;desktop&quot;,&quot;tablet&quot;,&quot;mobile&quot;]}\" data-widget_type=\"heading.default\">\n<div class=\"elementor-widget-container\">\n<h2 class=\"elementor-heading-title elementor-size-default\">\/1930<\/h2>\n<p>&nbsp;<\/p>\n<\/div>\n<\/div>\n<div class=\"elementor-element elementor-element-0e58345 animated-slow elementor-widget elementor-widget-text-editor elementor-motion-effects-parent\" data-id=\"0e58345\" data-element_type=\"widget\" data-settings=\"{&quot;motion_fx_motion_fx_scrolling&quot;:&quot;yes&quot;,&quot;motion_fx_opacity_effect&quot;:&quot;yes&quot;,&quot;motion_fx_opacity_range&quot;:{&quot;unit&quot;:&quot;%&quot;,&quot;size&quot;:&quot;&quot;,&quot;sizes&quot;:{&quot;start&quot;:20,&quot;end&quot;:60}},&quot;_animation&quot;:&quot;none&quot;,&quot;_animation_delay&quot;:1000,&quot;motion_fx_opacity_direction&quot;:&quot;out-in&quot;,&quot;motion_fx_opacity_level&quot;:{&quot;unit&quot;:&quot;px&quot;,&quot;size&quot;:10,&quot;sizes&quot;:[]},&quot;motion_fx_devices&quot;:[&quot;desktop&quot;,&quot;tablet&quot;,&quot;mobile&quot;]}\" data-widget_type=\"text-editor.default\">\n<div class=\"elementor-widget-container elementor-motion-effects-element\">\n<p>Fundado por Manuel Cerqueda i Escaler, surge o Banc Agr\u00edcol Comercial d\u2019Andorra, mais conhecido como Banc Agr\u00edcol, no Principado de Andorra.<\/p>\n<p>&nbsp;<\/p>\n<\/div>\n<\/div>\n<div class=\"elementor-element elementor-element-e6c46f1 animated-slow elementor-widget elementor-widget-heading\" data-id=\"e6c46f1\" data-element_type=\"widget\" data-settings=\"{&quot;motion_fx_motion_fx_scrolling&quot;:&quot;yes&quot;,&quot;_animation&quot;:&quot;none&quot;,&quot;_animation_delay&quot;:1500,&quot;motion_fx_devices&quot;:[&quot;desktop&quot;,&quot;tablet&quot;,&quot;mobile&quot;]}\" data-widget_type=\"heading.default\">\n<div class=\"elementor-widget-container\">\n<h2 class=\"elementor-heading-title elementor-size-default\">\/1956<\/h2>\n<p>&nbsp;<\/p>\n<\/div>\n<\/div>\n<div class=\"elementor-element elementor-element-beecb6b animated-slow elementor-widget elementor-widget-text-editor elementor-motion-effects-parent\" data-id=\"beecb6b\" data-element_type=\"widget\" data-settings=\"{&quot;motion_fx_motion_fx_scrolling&quot;:&quot;yes&quot;,&quot;motion_fx_opacity_effect&quot;:&quot;yes&quot;,&quot;motion_fx_opacity_range&quot;:{&quot;unit&quot;:&quot;%&quot;,&quot;size&quot;:&quot;&quot;,&quot;sizes&quot;:{&quot;start&quot;:10,&quot;end&quot;:40}},&quot;_animation&quot;:&quot;none&quot;,&quot;_animation_delay&quot;:2000,&quot;motion_fx_opacity_direction&quot;:&quot;out-in&quot;,&quot;motion_fx_opacity_level&quot;:{&quot;unit&quot;:&quot;px&quot;,&quot;size&quot;:10,&quot;sizes&quot;:[]},&quot;motion_fx_devices&quot;:[&quot;desktop&quot;,&quot;tablet&quot;,&quot;mobile&quot;]}\" data-widget_type=\"text-editor.default\">\n<div class=\"elementor-widget-container elementor-motion-effects-element\">\n<p>Pouco mais de duas d\u00e9cadas depois, surgia, tamb\u00e9m em Andorra, o Banca Reig S.A., sob o comando de Julia Reig Rib\u00f3, da fam\u00edlia Reig.<\/p>\n<p>&nbsp;<\/p>\n<\/div>\n<\/div>\n<div class=\"elementor-element elementor-element-64333ae animated-slow elementor-widget elementor-widget-heading\" data-id=\"64333ae\" data-element_type=\"widget\" data-settings=\"{&quot;_animation&quot;:&quot;none&quot;,&quot;_animation_delay&quot;:2500}\" data-widget_type=\"heading.default\">\n<div class=\"elementor-widget-container\">\n<h2 class=\"elementor-heading-title elementor-size-default\">\/2002<\/h2>\n<p>&nbsp;<\/p>\n<\/div>\n<\/div>\n<div class=\"elementor-element elementor-element-92db229 animated-slow elementor-widget elementor-widget-text-editor elementor-motion-effects-parent\" data-id=\"92db229\" data-element_type=\"widget\" data-settings=\"{&quot;motion_fx_motion_fx_scrolling&quot;:&quot;yes&quot;,&quot;motion_fx_opacity_effect&quot;:&quot;yes&quot;,&quot;motion_fx_opacity_range&quot;:{&quot;unit&quot;:&quot;%&quot;,&quot;size&quot;:&quot;&quot;,&quot;sizes&quot;:{&quot;start&quot;:20,&quot;end&quot;:30}},&quot;_animation&quot;:&quot;none&quot;,&quot;motion_fx_opacity_direction&quot;:&quot;out-in&quot;,&quot;motion_fx_opacity_level&quot;:{&quot;unit&quot;:&quot;px&quot;,&quot;size&quot;:10,&quot;sizes&quot;:[]},&quot;motion_fx_devices&quot;:[&quot;desktop&quot;,&quot;tablet&quot;,&quot;mobile&quot;]}\" data-widget_type=\"text-editor.default\">\n<div class=\"elementor-widget-container elementor-motion-effects-element\">\n<p>As duas institui\u00e7\u00f5es se fundem e se transformam no Andorra Banc Agr\u00edcol Reig S.A., o Andbank, especialmente para potencializar o seu crescimento Internacional.<\/p>\n<\/div>\n<\/div>\n<\/td>\n<td><\/td>\n<td style=\"width: 50%\">&nbsp;<\/p>\n<p>&nbsp;<\/p>\n<p><img loading=\"lazy\" decoding=\"async\" class=\"alignnone wp-image-14150\" src=\"https:\/\/www.andbank.com\/brasil\/wp-content\/uploads\/sites\/11\/2023\/05\/4.png\" alt=\"\" width=\"483\" height=\"500\" \/><\/td>\n<\/tr>\n<\/tbody>\n<\/table>\n<p>&nbsp;<\/p>\n<h1 style=\"text-align: center\"><span style=\"color: #e00000\">DOS ALPES PIRIN\u00c9US\u00a0PARA O MUNDO.<\/span><\/h1>\n<p>&nbsp;<\/p>\n<table>\n<tbody>\n<tr>\n<td><img loading=\"lazy\" decoding=\"async\" class=\"alignnone wp-image-14167\" src=\"https:\/\/www.andbank.com\/brasil\/wp-content\/uploads\/sites\/11\/2023\/05\/6.jpg\" alt=\"\" width=\"221\" height=\"500\" \/><\/td>\n<td><\/td>\n<td style=\"width: 80%\">Depois de anos trazendo solu\u00e7\u00f5es e experi\u00eancias em Andorra, vimos que era hora de expandir a nossa atua\u00e7\u00e3o fora do principado. Com essa miss\u00e3o em foco, o Andbank foi o primeiro emitente andorrano a sair para mercados estrangeiros.<\/p>\n<ul>\n<li>Private banking internacional<\/li>\n<li>Solu\u00e7\u00f5es financeiras completas dispon\u00edveis em 11 pa\u00edses<\/li>\n<li>Presente na Europa, nos Estados Unidos, na Am\u00e9rica Latina e no Israel<\/li>\n<li>Interlocu\u00e7\u00e3o com gestores globais<\/li>\n<\/ul>\n<p>&nbsp;<\/p>\n<p>&nbsp;<\/p>\n<h1><span style=\"color: #e00000\">GRUPO COM R$ 190 BILH\u00d5ES.<\/span><\/h1>\n<h1><span style=\"color: #e00000\">DIVERSIFICADO E CADA VEZ MAIS GLOBAL.<\/span><\/h1>\n<p>&nbsp;<\/td>\n<\/tr>\n<\/tbody>\n<\/table>\n<p>&nbsp;<\/p>\n<h1 style=\"text-align: center\"><span style=\"color: #ff0000\"><a style=\"color: #ff0000\" href=\"https:\/\/www.andbank.com\/brasil\/estudar-os-produtos\/\"><strong><span style=\"color: #ed0000\">CONHE\u00c7A AS NOSSAS SOLU\u00c7\u00d5ES PARA VOC\u00ca<\/span><\/strong><\/a><\/span><\/h1>\n<p>&nbsp;<\/p>\n<p><img loading=\"lazy\" decoding=\"async\" class=\"alignnone size-full wp-image-14149\" src=\"https:\/\/www.andbank.com\/brasil\/wp-content\/uploads\/sites\/11\/2023\/05\/3.png\" alt=\"\" width=\"1920\" height=\"640\" srcset=\"https:\/\/pre.andbank.com\/brasil\/wp-content\/uploads\/sites\/11\/2023\/05\/3.png 1920w, https:\/\/pre.andbank.com\/brasil\/wp-content\/uploads\/sites\/11\/2023\/05\/3-768x256.png 768w, https:\/\/pre.andbank.com\/brasil\/wp-content\/uploads\/sites\/11\/2023\/05\/3-1536x512.png 1536w\" sizes=\"(max-width: 1920px) 100vw, 1920px\" \/><\/p>\n<p><a href=\"https:\/\/www.andbank.com\/brasil\/seja-cliente\/\"><img loading=\"lazy\" decoding=\"async\" class=\"alignnone size-full wp-image-14169\" src=\"https:\/\/www.andbank.com\/brasil\/wp-content\/uploads\/sites\/11\/2023\/05\/7.jpg\" alt=\"\" width=\"1891\" height=\"210\" srcset=\"https:\/\/pre.andbank.com\/brasil\/wp-content\/uploads\/sites\/11\/2023\/05\/7.jpg 1891w, https:\/\/pre.andbank.com\/brasil\/wp-content\/uploads\/sites\/11\/2023\/05\/7-768x85.jpg 768w, https:\/\/pre.andbank.com\/brasil\/wp-content\/uploads\/sites\/11\/2023\/05\/7-1536x171.jpg 1536w\" sizes=\"(max-width: 1891px) 100vw, 1891px\" \/><\/a><\/p>\n","protected":false},"excerpt":{"rendered":"<p>SEJA BEM-VINDO AO ANDBANK o seu banco que j\u00e1 nasceu private para evoluir sempre. &nbsp; Fundado em\u00a01930\u00a0no principado de\u00a0Andorra, um exclusivo centro financeiro da Europa, e controlado pela terceira gera\u00e7\u00e3o das duas fam\u00edlias fundadoras, o\u00a0Andbank\u00a0\u00e9 um\u00a0private bank\u00a0com mais de\u00a090 anos de tradi\u00e7\u00e3o\u00a0em gest\u00e3o de patrim\u00f4nio para clientes de alta renda. &nbsp; Eleito\u00a0Bank of The Year [&hellip;]<\/p>\n","protected":false},"author":14,"featured_media":14153,"parent":0,"menu_order":0,"comment_status":"closed","ping_status":"closed","template":"","meta":{"footnotes":""},"yst_prominent_words":[],"class_list":["post-14146","page","type-page","status-publish","has-post-thumbnail","hentry"],"acf":[],"_links":{"self":[{"href":"https:\/\/pre.andbank.com\/brasil\/wp-json\/wp\/v2\/pages\/14146"}],"collection":[{"href":"https:\/\/pre.andbank.com\/brasil\/wp-json\/wp\/v2\/pages"}],"about":[{"href":"https:\/\/pre.andbank.com\/brasil\/wp-json\/wp\/v2\/types\/page"}],"author":[{"embeddable":true,"href":"https:\/\/pre.andbank.com\/brasil\/wp-json\/wp\/v2\/users\/14"}],"replies":[{"embeddable":true,"href":"https:\/\/pre.andbank.com\/brasil\/wp-json\/wp\/v2\/comments?post=14146"}],"version-history":[{"count":21,"href":"https:\/\/pre.andbank.com\/brasil\/wp-json\/wp\/v2\/pages\/14146\/revisions"}],"predecessor-version":[{"id":14274,"href":"https:\/\/pre.andbank.com\/brasil\/wp-json\/wp\/v2\/pages\/14146\/revisions\/14274"}],"wp:featuredmedia":[{"embeddable":true,"href":"https:\/\/pre.andbank.com\/brasil\/wp-json\/wp\/v2\/media\/14153"}],"wp:attachment":[{"href":"https:\/\/pre.andbank.com\/brasil\/wp-json\/wp\/v2\/media?parent=14146"}],"wp:term":[{"taxonomy":"yst_prominent_words","embeddable":true,"href":"https:\/\/pre.andbank.com\/brasil\/wp-json\/wp\/v2\/yst_prominent_words?post=14146"}],"curies":[{"name":"wp","href":"https:\/\/api.w.org\/{rel}","templated":true}]}}