{"id":10436,"date":"2020-08-25T19:52:47","date_gmt":"2020-08-25T14:52:47","guid":{"rendered":"https:\/\/www.andbank.com\/brasil\/?page_id=10436"},"modified":"2023-04-12T20:41:57","modified_gmt":"2023-04-12T15:41:57","slug":"transferencia-de-custodia","status":"publish","type":"page","link":"https:\/\/pre.andbank.com\/brasil\/transferencia-de-custodia\/","title":{"rendered":"Transfer\u00eancia de Cust\u00f3dia"},"content":{"rendered":"<h1>TRANSFER\u00caNCIA DE CUST\u00d3DIA RENDA FIXA E RENDA VARI\u00c1VEL<\/h1>\n<p>&nbsp;<\/p>\n<h2>Transfer\u00eancia do Banco Andbank (Brasil) para outro Custodiante<\/h2>\n<p>&nbsp;<\/p>\n<p>Este \u00e9 o processo pelo qual os ativos de um mesmo investidor s\u00e3o transferidos entre Agentes de Cust\u00f3dia diferentes, sejam Bancos, Corretoras ou outras institui\u00e7\u00f5es devidamente autorizadas.\u00a0 \u00a0Nesta transfer\u00eancia o titular detentor dos ativos n\u00e3o pode ser alterado.<\/p>\n<p>&nbsp;<\/p>\n<p>A solicita\u00e7\u00e3o do investidor deve ser feita sempre junto ao atual custodiante de suas posi\u00e7\u00f5es (cedente), seguindo os procedimentos definidos por este.<\/p>\n<p>&nbsp;<\/p>\n<p>De acordo com a Instru\u00e7\u00e3o Resolu\u00e7\u00e3o CVM 32, \u00e9 necess\u00e1rio que o investidor envie o documento chamado STVM, que dever\u00e1 ser preenchido, assinado, digitalizado e encaminhado para o e-mail:<\/p>\n<ul>\n<li><a href=\"mailto:transferencias@andbank.com.br\">transferencias@andbank.com.br<\/a><\/li>\n<\/ul>\n<p>&nbsp;<\/p>\n<h2>Como preencher a STVM?<\/h2>\n<p>&nbsp;<\/p>\n<ul>\n<li><strong>Identifica\u00e7\u00e3o do Cedente:<\/strong> preencher com os dados do cliente (Nome\/Raz\u00e3o Social, C\u00f3digo do Investidor e CPF\/CNPJ) e Institui\u00e7\u00e3o Cedente;<\/li>\n<li><strong>Identifica\u00e7\u00e3o do Cession\u00e1rio:<\/strong> preencher com os dados do cliente (Nome\/Raz\u00e3o Social, C\u00f3digo do Investidor no destino e CPF\/CNPJ) e Institui\u00e7\u00e3o Cession\u00e1ria (Institui\u00e7\u00e3o Destino);<\/li>\n<li><strong>Pessoa Vinculada \u00e0 Institui\u00e7\u00e3o \u2013 Agente de Cust\u00f3dia:<\/strong> somente marcar\u00e1 como SIM, aquelas pessoas que possuem v\u00ednculo com a Institui\u00e7\u00e3o Cession\u00e1ria (empregados, parentes&#8230;);<\/li>\n<li><strong>No quadro<\/strong>, relacionar os ativos que ser\u00e3o transferidos, ATIVO, TIPO, QUANTIDADE e VALOR (deixar em branco para Renda Vari\u00e1vel e preencher com o valor de aquisi\u00e7\u00e3o para Renda Fixa);<\/li>\n<li><strong>Motivo da Transfer\u00eancia<\/strong>: sempre marcar Mesma Titularidade em outra Institui\u00e7\u00e3o;<\/li>\n<li><strong>Local e Data:<\/strong> preencher com dia, m\u00eas e ano;<\/li>\n<li><strong>Assinatura:<\/strong> compat\u00edvel com a assinatura dos documentos (faremos o abono);<\/li>\n<li><strong>Concord\u00e2ncia da Institui\u00e7\u00e3o Cedente:<\/strong> n\u00e3o preencher;<\/li>\n<li><strong>Declara\u00e7\u00f5es Complementares para efeitos de Imposto de Renda:<\/strong> n\u00e3o preencher.<\/li>\n<\/ul>\n<p>&nbsp;<\/p>\n<p>Uma vez recebida a documenta\u00e7\u00e3o necess\u00e1ria, o cedente ter\u00e1 2 (dois) dias \u00fateis para concluir a transfer\u00eancia, que ser\u00e3o cumpridos desde que as informa\u00e7\u00f5es fornecidas no documento estejam corretas e n\u00e3o haja nenhuma pend\u00eancia conforme elencadas abaixo:<\/p>\n<ul>\n<li>Cadastro desatualizado e\/ou informa\u00e7\u00f5es prestadas divergentes;<\/li>\n<li>Os ativos estejam bloqueados por ordem judicial ou como garantia;<\/li>\n<li>Cadastro desatualizado ou inativo na Institui\u00e7\u00e3o Cession\u00e1ria;<\/li>\n<li>Institui\u00e7\u00e3o Cession\u00e1ria esteja apta a receber os ativos.<\/li>\n<\/ul>\n<p>&nbsp;<\/p>\n<p style=\"text-align: center\"><a href=\"https:\/\/www.andbank.com\/brasil\/wp-content\/uploads\/sites\/11\/2020\/08\/STVM.doc\">Fa\u00e7a o download da STVM.<\/a><\/p>\n<p>&nbsp;<\/p>\n<p>&nbsp;<\/p>\n<h2>Transfer\u00eancia de outro Custodiante para o Banco Andbank (Brasil)<\/h2>\n<p>&nbsp;<\/p>\n<p>O investidor deve verificar o procedimento espec\u00edfico junto ao custodiante atual (cedente) para iniciar a solicita\u00e7\u00e3o de transfer\u00eancia para o Banco Andbank (Brasil). Este, por sua vez, necessitar\u00e1 de algumas informa\u00e7\u00f5es conforme o ativo transferido, para processar o aceite da posi\u00e7\u00e3o.<\/p>\n<p>&nbsp;<\/p>\n<p>Vale destacar que, enquanto o cedente n\u00e3o executa a transfer\u00eancia, o Banco Andbank (Brasil) nada pode fazer em rela\u00e7\u00e3o ao processo.<\/p>\n<p>&nbsp;<\/p>\n<ul>\n<li><strong>Ativos de Renda Vari\u00e1vel \u2013 A\u00e7\u00f5es, Fundos Imobili\u00e1rios, ETF\u2019s e outros ativos negociados na Bolsa de Valores: <\/strong>O Banco Andbank (Brasil) necessita apenas da c\u00f3pia do documento enviado para o custodiante cedente.<\/li>\n<\/ul>\n<p>&nbsp;<\/p>\n<ul>\n<li><strong>Tesouro Direto \u2013 T\u00edtulos do Governo negociados na plataforma eletr\u00f4nica Tesouro Direto: <\/strong>O Banco Andbank (Brasil) necessita apenas da c\u00f3pia do documento enviado para o custodiante cedente.<\/li>\n<\/ul>\n<p>&nbsp;<\/p>\n<ul>\n<li><strong>Ativos de Renda Fixa P\u00fablica e Privada \u2013 T\u00edtulos P\u00fablicos, CDB\u2019s, COE\u2019s, DPGE\u2019s, LF\u2019s, LCA\u2019s, LCI\u2019s, CRA\u2019s, CRI\u2019s, LC\u2019s e Deb\u00eantures:<\/strong>Para fins tribut\u00e1rios, o Banco Andbank (Brasil) necessita das notas de compra dos ativos transferidos, n\u00e3o sendo poss\u00edvel acatar a transfer\u00eancia sem esta documenta\u00e7\u00e3o. Caso o investidor n\u00e3o possua mais as notas, ele pode solicit\u00e1-las na institui\u00e7\u00e3o na qual os t\u00edtulos foram adquiridos.<\/li>\n<\/ul>\n<p>Alternativamente, o Banco Andbank (Brasil) aceita, \u00e0 seu exclusivo crit\u00e9rio, uma declara\u00e7\u00e3o na qual o investidor informa os pre\u00e7os de aquisi\u00e7\u00e3o e assume a responsabilidade por tal informa\u00e7\u00e3o.<\/p>\n<p>Fa\u00e7a o download da Declara\u00e7\u00e3o para Recep\u00e7\u00e3o de Ativos de RF Privada nos modelos Pessoa F\u00edsica ou Jur\u00eddica.<\/p>\n<ul>\n<li><a href=\"https:\/\/www.andbank.com\/brasil\/wp-content\/uploads\/sites\/11\/2023\/04\/Declaracao-para-recepcao-de-Ativos-de-RF-Privada-PF.docx\">Declara\u00e7\u00e3o para recep\u00e7\u00e3o de Ativos de RF Privada &#8211; PF<\/a><\/li>\n<li><a href=\"https:\/\/www.andbank.com\/brasil\/wp-content\/uploads\/sites\/11\/2023\/04\/Declaracao-para-recepcao-de-Ativos-de-RF-Privada-PJ.docx\">Declara\u00e7\u00e3o para recep\u00e7\u00e3o de Ativos de RF Privada &#8211; PJ<\/a><\/li>\n<\/ul>\n<p>&nbsp;<\/p>\n<p>Para os <strong>Certificados de Opera\u00e7\u00f5es Estruturadas (COE\u2019s)<\/strong> \u00e9 necess\u00e1rio o envio da DIE (Documento de Informa\u00e7\u00f5es Essenciais), informar o c\u00f3digo IF (Instrumento Financeiro) e o fluxo de caixa da opera\u00e7\u00e3o, se houver.<\/p>\n<p>&nbsp;<\/p>\n<h1>TRANSFER\u00caNCIA DE POSI\u00c7\u00c3O DE COTAS DE FUNDOS DE INVESTIMENTOS<\/h1>\n<p>&nbsp;<\/p>\n<p>Trata-se do processo pelo qual \u00e9 realizada a transfer\u00eancia de posi\u00e7\u00e3o de cotas de Fundos de Investimentos de mesma titularidade entre Distribuidores Cedentes e Cession\u00e1rios, sejam Bancos, Corretoras ou outras institui\u00e7\u00f5es devidamente autorizadas.<\/p>\n<p>&nbsp;<\/p>\n<p>A solicita\u00e7\u00e3o do investidor deve ser direcionada ao Distribuidor Cedente, seguindo os procedimentos definidos por este.<\/p>\n<p>&nbsp;<\/p>\n<p><strong>Importante: <\/strong>A solicita\u00e7\u00e3o de transfer\u00eancia poder\u00e1 ser recusada pelo Distribuidor cedente nas seguintes hip\u00f3teses:<\/p>\n<p>&nbsp;<\/p>\n<ol>\n<li>Bloqueio judicial e de garantias que possam impedir a transfer\u00eancia;<\/li>\n<li>Desist\u00eancia do investidor;<\/li>\n<li>Inconsist\u00eancia nas informa\u00e7\u00f5es cadastrais; e<\/li>\n<li>N\u00e3o reconhecimento da posi\u00e7\u00e3o;<\/li>\n<li>Quando houver movimenta\u00e7\u00f5es de resgates ainda n\u00e3o convertidas e liquidadas;<\/li>\n<li>Distribuidor cession\u00e1rio n\u00e3o possuir contrato com o administrador do fundo.<\/li>\n<\/ol>\n<p>&nbsp;<\/p>\n<p>Para a transfer\u00eancia de cotas de Fundos de Investimento, devem ser observados os seguintes prazos:<\/p>\n<ul>\n<li>2 (dois) dias \u00fateis para o cedente mandar as informa\u00e7\u00f5es para a institui\u00e7\u00e3o cession\u00e1ria;<\/li>\n<li>2 (dois) dias \u00fateis para a cession\u00e1ria acionar o administrador do fundo;<\/li>\n<li>e 3 (tr\u00eas) dias \u00fateis para o administrador finalizar a transfer\u00eancia, se for por conta e ordem, ou 5 (cinco) dias, em caso de transfer\u00eancia direta.<\/li>\n<\/ul>\n<p>&nbsp;<\/p>\n<h2>Transfer\u00eancia de outro Custodiante para o Banco Andbank (Brasil)<\/h2>\n<p>&nbsp;<\/p>\n<p>O investidor dever\u00e1 direcionar ao Distribuidor Cedente, a solicita\u00e7\u00e3o de transfer\u00eancia. Este, ao receber o pedido do investidor, dever\u00e1 disponibilizar as informa\u00e7\u00f5es necess\u00e1rias ao Banco Andbank Brasil (Cession\u00e1rio).<\/p>\n<p>&nbsp;<\/p>\n<p>Vale destacar que, enquanto o cedente n\u00e3o executar a transfer\u00eancia, o Banco Andbank (Brasil) nada pode fazer em rela\u00e7\u00e3o ao processo.<\/p>\n<p>&nbsp;<\/p>\n<p>De acordo com a Resolu\u00e7\u00e3o CVM 32, \u00e9 necess\u00e1rio que o investidor envie o documento chamado STVM, que dever\u00e1 ser preenchido, assinado, digitalizado e encaminhado para o e-mail:<a href=\"mailto:transferenciafundos@andbank.com.br\">transferenciafundos@andbank.com.br<\/a><\/p>\n<p>&nbsp;<\/p>\n<h3><strong>Documenta\u00e7\u00e3o e Informa\u00e7\u00f5es necess\u00e1rias<\/strong><\/h3>\n<p>&nbsp;<\/p>\n<p>O Banco Andbank (Brasil) necessita receber do Cedente:<\/p>\n<ul>\n<li>Pedido realizado pelo investidor, indicando modalidade de transfer\u00eancia;<\/li>\n<li>Arquivos de Posi\u00e7\u00e3o e Movimenta\u00e7\u00e3o dos Investimentos;<\/li>\n<li>Solicita\u00e7\u00e3o de altera\u00e7\u00e3o de Distribuidor e\/ ou modalidade de investimento para o Administrador Fiduci\u00e1rio<\/li>\n<\/ul>\n<p>&nbsp;<\/p>\n<h2>Transfer\u00eancia do Banco Andbank (Brasil) para outro Custodiante<\/h2>\n<p>&nbsp;<\/p>\n<p>Para a transfer\u00eancia ser realizada, o investidor dever\u00e1 formalizar o pedido ao Banco Andbank Brasil, atrav\u00e9s de Formul\u00e1rio, devidamente preenchido e assinado, que dever\u00e1 ser entregue ao seu assessor de investimentos.<\/p>\n<p>&nbsp;<\/p>\n<h3><strong>Documenta\u00e7\u00e3o e Informa\u00e7\u00f5es necess\u00e1rias<\/strong><\/h3>\n<p>&nbsp;<\/p>\n<ul>\n<li>Modelo da Carta Cotista, elaborada pela ANBIMA, preenchido e devidamente assinado<\/li>\n<\/ul>\n<p>&nbsp;<\/p>\n<p style=\"text-align: center\"><a href=\"https:\/\/www.andbank.com\/brasil\/wp-content\/uploads\/sites\/11\/2020\/08\/CARTA-COTISTA-ANBIMA-NOVO-MODELO-DE-CARTA.docx\">Fa\u00e7a o download da Carta Cotista \u2013 ANBIMA<\/a><\/p>\n<p>&nbsp;<\/p>\n<p>&nbsp;<\/p>\n<hr \/>\n<p>&nbsp;<\/p>\n<p style=\"text-align: center\">Quaisquer d\u00favidas, entre em contato atrav\u00e9s do telefone (011) 3095-4427 ou do e-mail <a href=\"mailto:comunicacao@andbank.com.br\">comunicacao@andbank.com.br<\/a><\/p>\n","protected":false},"excerpt":{"rendered":"<p>TRANSFER\u00caNCIA DE CUST\u00d3DIA RENDA FIXA E RENDA VARI\u00c1VEL &nbsp; Transfer\u00eancia do Banco Andbank (Brasil) para outro Custodiante &nbsp; Este \u00e9 o processo pelo qual os ativos de um mesmo investidor s\u00e3o transferidos entre Agentes de Cust\u00f3dia diferentes, sejam Bancos, Corretoras ou outras institui\u00e7\u00f5es devidamente autorizadas.\u00a0 \u00a0Nesta transfer\u00eancia o titular detentor dos ativos n\u00e3o pode ser [&hellip;]<\/p>\n","protected":false},"author":14,"featured_media":8194,"parent":0,"menu_order":0,"comment_status":"closed","ping_status":"closed","template":"","meta":{"footnotes":""},"yst_prominent_words":[85,2629,99,24,2536,2631,2630,2543,2545,2547,2538,2548,2549,2542,2537,2540,2539,2544,2546,2541],"class_list":["post-10436","page","type-page","status-publish","has-post-thumbnail","hentry"],"acf":[],"_links":{"self":[{"href":"https:\/\/pre.andbank.com\/brasil\/wp-json\/wp\/v2\/pages\/10436"}],"collection":[{"href":"https:\/\/pre.andbank.com\/brasil\/wp-json\/wp\/v2\/pages"}],"about":[{"href":"https:\/\/pre.andbank.com\/brasil\/wp-json\/wp\/v2\/types\/page"}],"author":[{"embeddable":true,"href":"https:\/\/pre.andbank.com\/brasil\/wp-json\/wp\/v2\/users\/14"}],"replies":[{"embeddable":true,"href":"https:\/\/pre.andbank.com\/brasil\/wp-json\/wp\/v2\/comments?post=10436"}],"version-history":[{"count":17,"href":"https:\/\/pre.andbank.com\/brasil\/wp-json\/wp\/v2\/pages\/10436\/revisions"}],"predecessor-version":[{"id":14066,"href":"https:\/\/pre.andbank.com\/brasil\/wp-json\/wp\/v2\/pages\/10436\/revisions\/14066"}],"wp:featuredmedia":[{"embeddable":true,"href":"https:\/\/pre.andbank.com\/brasil\/wp-json\/wp\/v2\/media\/8194"}],"wp:attachment":[{"href":"https:\/\/pre.andbank.com\/brasil\/wp-json\/wp\/v2\/media?parent=10436"}],"wp:term":[{"taxonomy":"yst_prominent_words","embeddable":true,"href":"https:\/\/pre.andbank.com\/brasil\/wp-json\/wp\/v2\/yst_prominent_words?post=10436"}],"curies":[{"name":"wp","href":"https:\/\/api.w.org\/{rel}","templated":true}]}}