{"id":84,"date":"2017-04-04T13:19:25","date_gmt":"2017-04-04T11:19:25","guid":{"rendered":"https:\/\/www.andbank.com\/andorra\/?page_id=84\/"},"modified":"2019-09-25T13:04:59","modified_gmt":"2019-09-25T11:04:59","slug":"banca-privada","status":"publish","type":"page","link":"https:\/\/pre.andbank.com\/andorra\/banca-privada\/","title":{"rendered":"Banca privada"},"content":{"rendered":"<p><strong>Independencia,<\/strong> <strong>experiencia<\/strong> y <strong>especializaci\u00f3n<\/strong> son los rasgos que nos definen. La clave del \u00e9xito radica en un m\u00e9todo perfeccionado a lo largo de los m\u00e1s de 85 a\u00f1os de experiencia, que permite un exhaustivo control del riesgo a trav\u00e9s de las m\u00e1s avanzadas herramientas.<\/p>\n","protected":false},"excerpt":{"rendered":"<p>Independencia, experiencia y especializaci\u00f3n son los rasgos que nos definen. La clave del \u00e9xito radica en un m\u00e9todo perfeccionado a lo largo de los m\u00e1s de 85 a\u00f1os de experiencia, que permite un exhaustivo control del riesgo a trav\u00e9s de las m\u00e1s avanzadas herramientas.<\/p>\n","protected":false},"author":1,"featured_media":1134,"parent":0,"menu_order":256,"comment_status":"closed","ping_status":"closed","template":"template-distributor.php","meta":{"footnotes":""},"yst_prominent_words":[4605],"class_list":["post-84","page","type-page","status-publish","has-post-thumbnail","hentry"],"acf":[],"_links":{"self":[{"href":"https:\/\/pre.andbank.com\/andorra\/wp-json\/wp\/v2\/pages\/84"}],"collection":[{"href":"https:\/\/pre.andbank.com\/andorra\/wp-json\/wp\/v2\/pages"}],"about":[{"href":"https:\/\/pre.andbank.com\/andorra\/wp-json\/wp\/v2\/types\/page"}],"author":[{"embeddable":true,"href":"https:\/\/pre.andbank.com\/andorra\/wp-json\/wp\/v2\/users\/1"}],"replies":[{"embeddable":true,"href":"https:\/\/pre.andbank.com\/andorra\/wp-json\/wp\/v2\/comments?post=84"}],"version-history":[{"count":0,"href":"https:\/\/pre.andbank.com\/andorra\/wp-json\/wp\/v2\/pages\/84\/revisions"}],"wp:featuredmedia":[{"embeddable":true,"href":"https:\/\/pre.andbank.com\/andorra\/wp-json\/wp\/v2\/media\/1134"}],"wp:attachment":[{"href":"https:\/\/pre.andbank.com\/andorra\/wp-json\/wp\/v2\/media?parent=84"}],"wp:term":[{"taxonomy":"yst_prominent_words","embeddable":true,"href":"https:\/\/pre.andbank.com\/andorra\/wp-json\/wp\/v2\/yst_prominent_words?post=84"}],"curies":[{"name":"wp","href":"https:\/\/api.w.org\/{rel}","templated":true}]}}