{"id":643,"date":"2017-04-20T11:01:33","date_gmt":"2017-04-20T09:01:33","guid":{"rendered":"https:\/\/www.andbank.com\/andorra\/?page_id=643\/"},"modified":"2019-11-19T13:39:24","modified_gmt":"2019-11-19T11:39:24","slug":"banc-mail","status":"publish","type":"page","link":"https:\/\/pre.andbank.com\/andorra\/sobre-nosotros\/banca-a-distancia\/banc-mail\/","title":{"rendered":"Banc mail"},"content":{"rendered":"<p><em>\u00bfPor qu\u00e9 esperar a tener la correspondencia en papel cuando la puede recibir en pocas horas en su correo electr\u00f3nico?<\/em><\/p>\n<p><strong>El sistema m\u00e1s pr\u00e1ctico de recibir su correspondencia bancaria. Un sistema de correspondencia digital que le llegar\u00e1 directamente a su correo electr\u00f3nico.<\/strong><\/p>\n<h2>Agilidad<\/h2>\n<p>Cada vez que haya un movimiento en su cuenta (transferencia, pago de recibos, cobro de la n\u00f3mina, pago de tarjeta, etc.), recibir\u00e1 el documento por correo electr\u00f3nico al d\u00eda siguiente.<\/p>\n<h2>Facilidad<\/h2>\n<p>Darse de alta es tan f\u00e1cil como ir a cualquier oficina de Andbank o entrar en el servicio de e-andbank.<\/p>\n<h2>Seguridad<\/h2>\n<p>Este sistema goza de la m\u00e1xima seguridad operativa y de una \u00f3ptima garant\u00eda de confidencialidad por parte de nuestros sistemas tecnol\u00f3gicos.<\/p>\n<h2>Pr\u00e1ctico<\/h2>\n<p>Podr\u00e1 eliminar los documentos que no le interesen o archivar los que sean m\u00e1s importantes.<\/p>\n<h2>Ecol\u00f3gico<\/h2>\n<p>Con este nuevo servicio, Andbank contin\u00faa en la l\u00ednea de pol\u00edtica ambiental y de compromiso con el medio ambiente aplicando la reducci\u00f3n y el ahorro de papel.<\/p>\n","protected":false},"excerpt":{"rendered":"<p>Su correspondencia al instante.<\/p>\n","protected":false},"author":1,"featured_media":783,"parent":638,"menu_order":57,"comment_status":"closed","ping_status":"closed","template":"template-detail.php","meta":{"footnotes":""},"yst_prominent_words":[107,5559,3768,5558,998,361,1946,5560,5562,5561,1953,1948,113],"class_list":["post-643","page","type-page","status-publish","has-post-thumbnail","hentry"],"acf":[],"_links":{"self":[{"href":"https:\/\/pre.andbank.com\/andorra\/wp-json\/wp\/v2\/pages\/643"}],"collection":[{"href":"https:\/\/pre.andbank.com\/andorra\/wp-json\/wp\/v2\/pages"}],"about":[{"href":"https:\/\/pre.andbank.com\/andorra\/wp-json\/wp\/v2\/types\/page"}],"author":[{"embeddable":true,"href":"https:\/\/pre.andbank.com\/andorra\/wp-json\/wp\/v2\/users\/1"}],"replies":[{"embeddable":true,"href":"https:\/\/pre.andbank.com\/andorra\/wp-json\/wp\/v2\/comments?post=643"}],"version-history":[{"count":0,"href":"https:\/\/pre.andbank.com\/andorra\/wp-json\/wp\/v2\/pages\/643\/revisions"}],"up":[{"embeddable":true,"href":"https:\/\/pre.andbank.com\/andorra\/wp-json\/wp\/v2\/pages\/638"}],"wp:featuredmedia":[{"embeddable":true,"href":"https:\/\/pre.andbank.com\/andorra\/wp-json\/wp\/v2\/media\/783"}],"wp:attachment":[{"href":"https:\/\/pre.andbank.com\/andorra\/wp-json\/wp\/v2\/media?parent=643"}],"wp:term":[{"taxonomy":"yst_prominent_words","embeddable":true,"href":"https:\/\/pre.andbank.com\/andorra\/wp-json\/wp\/v2\/yst_prominent_words?post=643"}],"curies":[{"name":"wp","href":"https:\/\/api.w.org\/{rel}","templated":true}]}}